
{"id":59723,"date":"2026-01-23T17:40:41","date_gmt":"2026-01-23T23:40:41","guid":{"rendered":"https:\/\/unez.edu.mx\/?page_id=59723"},"modified":"2026-01-23T19:28:52","modified_gmt":"2026-01-24T01:28:52","slug":"maestria-en-valuacion","status":"publish","type":"page","link":"https:\/\/unez.edu.mx\/?page_id=59723","title":{"rendered":"Maestr\u00eda en Valuaci\u00f3n"},"content":{"rendered":"<div class=\"wpb-content-wrapper\"><p>[vc_row][vc_column width=&#8221;1\/4&#8243;]<div class=\"sc-image sc-wrapbox sc-wrapbox-style-default rounded-corners sc-wrapbox-position-below\" style=\"\"><div class=\"sc-wrapbox-inner\"><img decoding=\"async\" class=\"sc-wrapbox-element img-responsive\" src=\"https:\/\/unez.edu.mx\/wp-content\/uploads\/2023\/07\/IMG_20220923_164523-scaled.jpg\" alt=\"\"\/><\/div><\/div>[vc_column_text]<strong>Solicita informaci\u00f3n en los siguientes t\u00e9lefonos:<\/strong><\/p>\n<p><strong>Tel. 81 83 01 21 48<\/strong><\/p>\n<p><strong><img loading=\"lazy\" decoding=\"async\" class=\"alignnone wp-image-57233\" src=\"https:\/\/unez.edu.mx\/wp-content\/uploads\/2023\/06\/whatsapp-300x300.png\" alt=\"\" width=\"25\" height=\"25\" srcset=\"https:\/\/unez.edu.mx\/wp-content\/uploads\/2023\/06\/whatsapp-300x300.png 300w, https:\/\/unez.edu.mx\/wp-content\/uploads\/2023\/06\/whatsapp-150x150.png 150w, https:\/\/unez.edu.mx\/wp-content\/uploads\/2023\/06\/whatsapp-256x256.png 256w, https:\/\/unez.edu.mx\/wp-content\/uploads\/2023\/06\/whatsapp.png 512w\" sizes=\"auto, (max-width: 25px) 100vw, 25px\" \/>\u00a0 WhatsApp: 81 32 56 55 47\u00a0<\/strong>[\/vc_column_text][\/vc_column][vc_column width=&#8221;3\/4&#8243;][vc_column_text]Universidad Emiliano Zapata, estudios con reconocimiento de validez oficial No. AL- III 280\/2010 de fecha del 3 de diciembre de 2010, otorgado por el gobierno del estado de Nuevo Le\u00f3n y publicado en el Peri\u00f3dico Oficial del 4 de marzo de 2011.<\/p>\n<p>El objetivo es formar maestros conocedores de las teor\u00edas, estrategias, m\u00e9todos, t\u00e9cnicas y procedimientos sistem\u00e1ticos en la valuaci\u00f3n, ya sean de bienes inmuebles o de otros campos de la valuaci\u00f3n como maquinaria y equipo, industrial y de negocio, as\u00ed como los servicios relacionados con las mismas, para beneficio social y de la comunidad, con la finalidad de explicar mediante estas la realidad de su entorno local, nacional e internacional para que tenga un impacto directo en el desarrollo de mejores pr\u00e1cticas profesionales con un alto nivel de an\u00e1lisis.[\/vc_column_text][vc_tta_tabs][vc_tta_section title=&#8221;Requisitos&#8221; tab_id=&#8221;1487609400683-4ccd51ce-2b7f&#8221;][vc_column_text css=&#8221;&#8221;]El interesado en ingresar a estudiar la Maestr\u00eda en Valuaci\u00f3n debe estar titulado a nivel profesional en el \u00e1rea de Ingenier\u00eda, Arquitectura o una disciplina af\u00edn y cumplir con los requisitos acad\u00e9micos y de admisi\u00f3n, requeridos por la Universidad Emiliano Zapata de acuerdo a las caracter\u00edsticas del perfil solicitado, la direcci\u00f3n de servicios acad\u00e9micos establece un an\u00e1lisis de los requisitos de acceso especificados en el Reglamento Acad\u00e9mico de Alumnos.[\/vc_column_text][\/vc_tta_section][vc_tta_section title=&#8221;Perfil&#8221; tab_id=&#8221;1487609400723-dc5963bf-b014&#8243;][vc_column_text css=&#8221;&#8221;]PERFIL DE INGRESO<\/p>\n<ul>\n<li>Estar titulado a nivel profesional en el \u00e1rea de Ingenier\u00eda C\u00edvil, Arquitectura, Econom\u00eda, Finanzas, Contadur\u00eda, Administraci\u00f3n, Derecho, Artes, Restauraci\u00f3n u otras afines.<\/li>\n<li>Mostar actitudes de liderazgo.<\/li>\n<\/ul>\n<p>CONOCIMIENTOS DE INGRESO<\/p>\n<ul>\n<li>Dominio de las matem\u00e1ticas, probabilidad estad\u00edstica, ingenier\u00eda econ\u00f3mica, comprensi\u00f3n y escritura de textos.<\/li>\n<li>Tener conocimientos previos de alguna disciplina como: Arquitectura, Econom\u00eda, Finanzas, Contadur\u00eda, Administraci\u00f3n, Derecho, Artes, Restauraci\u00f3n u otras afines.<\/li>\n<li>Inter\u00e9s por el \u00e1rea del conocimiento de la valuaci\u00f3n de bienes tangibles e intangibles.<\/li>\n<\/ul>\n<p>HABILIDADES.<\/p>\n<ul>\n<li>Tener actitud de respeto.<\/li>\n<li>Honestidad.<\/li>\n<li>Disciplina.<\/li>\n<li>Constancia.<\/li>\n<li>Responsabilidad con principios \u00e9ticos.<\/li>\n<\/ul>\n<p>ACTITUDES Y VALORES<\/p>\n<ul>\n<li>Principios: practica principios \u00e9ticos, morales, estilos de vida saludable y respeta el medio ambiente.<\/li>\n<li>Actitud y responsabilidad: practica la responsabilidad y buena actitud frente al estudio, a la investigaci\u00f3n a la calidad y al arte.<\/li>\n<li>Valora sus caracter\u00edsticas y potencialidades como ser humano, asumiendo con responsabilidad las consecuencias de sus acciones.<\/li>\n<li>Muestra respeto y tolerancia hacia los puntos de vista de los dem\u00e1s.<\/li>\n<\/ul>\n<p>PERFIL DE EGRESO<\/p>\n<p>El perfil de egreso de Maestr\u00eda en Valuaci\u00f3n&nbsp; contar\u00e1 con las habilidades necesarias para:<\/p>\n<ul>\n<li>Valuar en forma econ\u00f3mica y financiera los bienes y activos en general.<\/li>\n<li>Investigar en el aspecto social, pol\u00edtico, econ\u00f3mico del mercado de bienes.<\/li>\n<li>Propone soluciones que permita estimar el valor justo y real de los bienes.<\/li>\n<li>Desarrolla experiencia en valuaci\u00f3n, mediante la aplicaci\u00f3n creativa y de innovaci\u00f3n, utilizando metodolog\u00edas valuadoras<strong>.<\/strong><\/li>\n<li>capacidad de an\u00e1lisis y resoluci\u00f3n de problemas del sector de la valuaci\u00f3n de bienes, en concordancia con lo establecido en los organismos p\u00fablicos y privados, nacionales y extranjeros.<\/li>\n<li>Generar las capacidades t\u00e9cnicas para la aplicaci\u00f3n de metodolog\u00edas para el desarrollo de aval\u00faos de acuerdo a las diferentes instancias.<\/li>\n<li>Favorecer el desarrollo de competencias de comunicaci\u00f3n, oral y escrita, como referencia auxiliar en los juicios orales.<\/li>\n<\/ul>\n<p>[\/vc_column_text][\/vc_tta_section][vc_tta_section title=&#8221;\u00c1reas de Oportunidad&#8221; tab_id=&#8221;1487609637759-a3d41df3-1f0d&#8221;][vc_column_text]El campo laboral de un valuador se puede ubicar en instituciones bancarias desarrollando an\u00e1lisis de aval\u00faos de diferentes tipos como inmobiliarios, industriales, agr\u00edcolas, entre otros.<\/p>\n<p>Un valuador puede estar inscrito en el colegio de valuadores de Nuevo Le\u00f3n realizando aval\u00faos para instituciones p\u00fablicas o privadas y dependiendo de la especialidad podr\u00e1 realizar aval\u00faos en terrenos dedicados a la agricultura y la ganader\u00eda.<\/p>\n<p>El valuador puede realizar sus actividades haciendo aval\u00faos referidos a las artes y a las esculturas consideradas como monumentos hist\u00f3ricos, puede tambi\u00e9n ser especialista en joyer\u00edas de gran valor. Un \u00e1rea importante es en empresas donde los equipos suelen depreciarse y obtener sus valores en operaci\u00f3n y poder determinar la vida \u00fatil de los equipos industriales.<\/p>\n<p>El valuador puede desarrollarse en negocios propios donde podr\u00e1 dar servicio a instituciones como infonavit. \u00a0El valuador puede tener su \u00e1rea de acci\u00f3n como perito en la construcci\u00f3n en general. En el \u00e1rea de la construcci\u00f3n puede determinar la vida \u00fatil de la m\u00e1quinas y equipos que se utilizan en toda obra.<\/p>\n<p>Desarrollar profesionales expertos en valuaci\u00f3n, mediante la aplicaci\u00f3n creativa y de innovaci\u00f3n, utilizando metodolog\u00edas valuadoras, proponiendo soluciones que permita estimar el valor justo y real de los bienes.<\/p>\n<p>Ejercer\u00e1 su profesi\u00f3n con \u00e9tica, con calidad su profesi\u00f3n, siempre preocupado ocupado en la mejora continua.[\/vc_column_text][\/vc_tta_section][vc_tta_section title=&#8221;Plan de Estudio&#8221; tab_id=&#8221;1487609756132-0a95dcd8-b39c&#8221;][vc_column_text]PLAN DE ESTUDIO<\/p>\n<table width=\"600\">\n<tbody>\n<tr>\n<td colspan=\"7\" width=\"600\"><strong>PRIMER TETRAMESTRE <\/strong><\/td>\n<\/tr>\n<tr>\n<td width=\"103\"><strong>CLAVE <\/strong><\/td>\n<td width=\"132\"><strong>ASIGNATURA <\/strong><\/td>\n<td width=\"108\"><strong>SERIACI\u00d3N <\/strong><\/td>\n<td width=\"60\"><strong>HFD <\/strong><\/td>\n<td width=\"60\"><strong>HEI <\/strong><\/td>\n<td width=\"72\"><strong>THS <\/strong><\/td>\n<td width=\"65\"><strong>CRS <\/strong><\/td>\n<\/tr>\n<tr>\n<td width=\"103\">MVIVI132<\/td>\n<td width=\"132\">Introducci\u00f3n a la valuaci\u00f3n inmobiliaria<\/td>\n<td width=\"108\">\u00a0&#8212;&#8212;&#8212;-<\/td>\n<td width=\"60\">3<\/td>\n<td width=\"60\">4<\/td>\n<td width=\"72\">7<\/td>\n<td width=\"65\">6<\/td>\n<\/tr>\n<tr>\n<td width=\"103\">MVPE131<\/td>\n<td width=\"132\">Probabilidad y Estad\u00edstica<\/td>\n<td width=\"108\">&#8212;&#8212;&#8212;-<\/td>\n<td width=\"60\">3<\/td>\n<td width=\"60\">5<\/td>\n<td width=\"72\">8<\/td>\n<td width=\"65\">7<\/td>\n<\/tr>\n<tr>\n<td width=\"103\"><\/td>\n<td width=\"132\"><strong>\u00a0<\/strong><\/td>\n<td width=\"108\"><strong>\u00a0<\/strong><\/td>\n<td width=\"60\"><strong>\u00a0<\/strong><\/td>\n<td width=\"60\"><strong>\u00a0<\/strong><\/td>\n<td width=\"72\"><strong>\u00a0<\/strong><\/td>\n<td width=\"65\"><strong>\u00a0<\/strong><\/td>\n<\/tr>\n<tr>\n<td width=\"103\"><\/td>\n<td width=\"132\"><strong>\u00a0<\/strong><\/td>\n<td width=\"108\"><strong>SUBTOTAL <\/strong><\/td>\n<td width=\"60\"><strong>6<\/strong><\/td>\n<td width=\"60\"><strong>9<\/strong><\/td>\n<td width=\"72\"><strong>15<\/strong><\/td>\n<td width=\"65\"><strong>13<\/strong><\/td>\n<\/tr>\n<\/tbody>\n<\/table>\n<p><strong>\u00a0<\/strong><\/p>\n<table width=\"600\">\n<tbody>\n<tr>\n<td colspan=\"7\" width=\"600\"><strong>SEGUNDO TETRAMESTRE <\/strong><\/td>\n<\/tr>\n<tr>\n<td width=\"103\"><strong>CLAVE <\/strong><\/td>\n<td width=\"132\"><strong>ASIGNATURA <\/strong><\/td>\n<td width=\"108\"><strong>SERIACI\u00d3N <\/strong><\/td>\n<td width=\"60\"><strong>HFD <\/strong><\/td>\n<td width=\"60\"><strong>HEI <\/strong><\/td>\n<td width=\"72\"><strong>THS <\/strong><\/td>\n<td width=\"65\"><strong>CRS <\/strong><\/td>\n<\/tr>\n<tr>\n<td width=\"103\">MVVBS232<\/td>\n<td width=\"132\">Valuaci\u00f3n de Bienes y Servicios<\/td>\n<td width=\"108\">MVIVI132<\/td>\n<td width=\"60\">3<\/td>\n<td width=\"60\">4<\/td>\n<td width=\"72\">7<\/td>\n<td width=\"65\">6<\/td>\n<\/tr>\n<tr>\n<td width=\"103\">MVMF231<\/td>\n<td width=\"132\">Matem\u00e1ticas Financieras<\/td>\n<td width=\"108\">MVPE131<\/td>\n<td width=\"60\">3<\/td>\n<td width=\"60\">5<\/td>\n<td width=\"72\">8<\/td>\n<td width=\"65\">7<\/td>\n<\/tr>\n<tr>\n<td width=\"103\"><\/td>\n<td width=\"132\"><strong>\u00a0<\/strong><\/td>\n<td width=\"108\"><strong>\u00a0<\/strong><\/td>\n<td width=\"60\"><strong>\u00a0<\/strong><\/td>\n<td width=\"60\"><strong>\u00a0<\/strong><\/td>\n<td width=\"72\"><strong>\u00a0<\/strong><\/td>\n<td width=\"65\"><strong>\u00a0<\/strong><\/td>\n<\/tr>\n<tr>\n<td width=\"103\"><\/td>\n<td width=\"132\"><strong>\u00a0<\/strong><\/td>\n<td width=\"108\"><strong>SUBTOTAL <\/strong><\/td>\n<td width=\"60\"><strong>6<\/strong><\/td>\n<td width=\"60\"><strong>9<\/strong><\/td>\n<td width=\"72\"><strong>15<\/strong><\/td>\n<td width=\"65\"><strong>13<\/strong><\/td>\n<\/tr>\n<\/tbody>\n<\/table>\n<p><strong>\u00a0<\/strong><\/p>\n<table width=\"600\">\n<tbody>\n<tr>\n<td colspan=\"7\" width=\"600\"><strong>TERCER TETRAMESTRE <\/strong><\/td>\n<\/tr>\n<tr>\n<td width=\"103\"><strong>CLAVE <\/strong><\/td>\n<td width=\"132\"><strong>ASIGNATURA <\/strong><\/td>\n<td width=\"108\"><strong>SERIACI\u00d3N <\/strong><\/td>\n<td width=\"60\"><strong>HFD <\/strong><\/td>\n<td width=\"60\"><strong>HEI <\/strong><\/td>\n<td width=\"72\"><strong>THS <\/strong><\/td>\n<td width=\"65\"><strong>CRS <\/strong><\/td>\n<\/tr>\n<tr>\n<td width=\"103\">MVVCT332<\/td>\n<td width=\"132\">Valuaci\u00f3n Catastral y de Terrenos<\/td>\n<td width=\"108\">MVVBS232<\/td>\n<td width=\"60\">3<\/td>\n<td width=\"60\">4<\/td>\n<td width=\"72\">7<\/td>\n<td width=\"65\">6<\/td>\n<\/tr>\n<tr>\n<td width=\"103\">MVIC331<\/td>\n<td width=\"132\">Ingenier\u00eda de Costos<\/td>\n<td width=\"108\">MVMF231<\/td>\n<td width=\"60\">3<\/td>\n<td width=\"60\">4<\/td>\n<td width=\"72\">7<\/td>\n<td width=\"65\">6<\/td>\n<\/tr>\n<tr>\n<td width=\"103\"><\/td>\n<td width=\"132\"><strong>\u00a0<\/strong><\/td>\n<td width=\"108\"><strong>\u00a0<\/strong><\/td>\n<td width=\"60\"><strong>\u00a0<\/strong><\/td>\n<td width=\"60\"><strong>\u00a0<\/strong><\/td>\n<td width=\"72\"><strong>\u00a0<\/strong><\/td>\n<td width=\"65\"><strong>\u00a0<\/strong><\/td>\n<\/tr>\n<tr>\n<td width=\"103\"><\/td>\n<td width=\"132\"><strong>\u00a0<\/strong><\/td>\n<td width=\"108\"><strong>SUBTOTAL <\/strong><\/td>\n<td width=\"60\"><strong>6<\/strong><\/td>\n<td width=\"60\"><strong>8<\/strong><\/td>\n<td width=\"72\"><strong>14<\/strong><\/td>\n<td width=\"65\"><strong>12<\/strong><\/td>\n<\/tr>\n<\/tbody>\n<\/table>\n<p><strong>\u00a0<\/strong><\/p>\n<table width=\"600\">\n<tbody>\n<tr>\n<td colspan=\"7\" width=\"600\"><strong>CUARTO TETRAMESTRE <\/strong><\/td>\n<\/tr>\n<tr>\n<td width=\"103\"><strong>CLAVE <\/strong><\/td>\n<td width=\"132\"><strong>ASIGNATURA <\/strong><\/td>\n<td width=\"108\"><strong>SERIACI\u00d3N <\/strong><\/td>\n<td width=\"60\"><strong>HFD <\/strong><\/td>\n<td width=\"60\"><strong>HEI <\/strong><\/td>\n<td width=\"72\"><strong>THS <\/strong><\/td>\n<td width=\"65\"><strong>CRS <\/strong><\/td>\n<\/tr>\n<tr>\n<td width=\"103\">MVVME432<\/td>\n<td width=\"132\">Valuaci\u00f3n de Maquinaria y Equipos<\/td>\n<td width=\"108\">MVVCT332<\/td>\n<td width=\"60\">3<\/td>\n<td width=\"60\">4<\/td>\n<td width=\"72\">7<\/td>\n<td width=\"65\">6<\/td>\n<\/tr>\n<tr>\n<td width=\"103\">MVMLEV433<\/td>\n<td width=\"132\">Marco Legal y \u00c9tico de la Valuaci\u00f3n<\/td>\n<td width=\"108\">&#8212;&#8212;&#8212;-<\/td>\n<td width=\"60\">3<\/td>\n<td width=\"60\">4<\/td>\n<td width=\"72\">7<\/td>\n<td width=\"65\">6<\/td>\n<\/tr>\n<tr>\n<td width=\"103\"><\/td>\n<td width=\"132\"><strong>\u00a0<\/strong><\/td>\n<td width=\"108\"><strong>\u00a0<\/strong><\/td>\n<td width=\"60\"><strong>\u00a0<\/strong><\/td>\n<td width=\"60\"><strong>\u00a0<\/strong><\/td>\n<td width=\"72\"><strong>\u00a0<\/strong><\/td>\n<td width=\"65\"><strong>\u00a0<\/strong><\/td>\n<\/tr>\n<tr>\n<td width=\"103\"><\/td>\n<td width=\"132\"><strong>\u00a0<\/strong><\/td>\n<td width=\"108\"><strong>SUBTOTAL <\/strong><\/td>\n<td width=\"60\"><strong>6<\/strong><\/td>\n<td width=\"60\"><strong>8<\/strong><\/td>\n<td width=\"72\"><strong>14<\/strong><\/td>\n<td width=\"65\"><strong>12<\/strong><\/td>\n<\/tr>\n<\/tbody>\n<\/table>\n<p><strong>\u00a0<\/strong><\/p>\n<table width=\"600\">\n<tbody>\n<tr>\n<td colspan=\"7\" width=\"600\"><strong>QUINTO TETRAMESTRE <\/strong><\/td>\n<\/tr>\n<tr>\n<td width=\"103\"><strong>CLAVE <\/strong><\/td>\n<td width=\"132\"><strong>ASIGNATURA <\/strong><\/td>\n<td width=\"108\"><strong>SERIACI\u00d3N <\/strong><\/td>\n<td width=\"60\"><strong>HFD <\/strong><\/td>\n<td width=\"60\"><strong>HEI <\/strong><\/td>\n<td width=\"72\"><strong>THS <\/strong><\/td>\n<td width=\"65\"><strong>CRS <\/strong><\/td>\n<\/tr>\n<tr>\n<td width=\"103\">MVVII532<\/td>\n<td width=\"132\">Valuaci\u00f3n de Inmuebles Industriales<\/td>\n<td width=\"108\">MVVME432<\/td>\n<td width=\"60\">3<\/td>\n<td width=\"60\">4<\/td>\n<td width=\"72\">7<\/td>\n<td width=\"65\">6<\/td>\n<\/tr>\n<tr>\n<td width=\"103\">MVVA532<\/td>\n<td width=\"132\">Valuaci\u00f3n Agropecuaria<\/td>\n<td width=\"108\">MVVME432<\/td>\n<td width=\"60\">3<\/td>\n<td width=\"60\">4<\/td>\n<td width=\"72\">7<\/td>\n<td width=\"65\">6<\/td>\n<\/tr>\n<tr>\n<td width=\"103\"><\/td>\n<td width=\"132\"><strong>\u00a0<\/strong><\/td>\n<td width=\"108\"><strong>\u00a0<\/strong><\/td>\n<td width=\"60\"><strong>\u00a0<\/strong><\/td>\n<td width=\"60\"><strong>\u00a0<\/strong><\/td>\n<td width=\"72\"><strong>\u00a0<\/strong><\/td>\n<td width=\"65\"><strong>\u00a0<\/strong><\/td>\n<\/tr>\n<tr>\n<td width=\"103\"><\/td>\n<td width=\"132\"><strong>\u00a0<\/strong><\/td>\n<td width=\"108\"><strong>SUBTOTAL <\/strong><\/td>\n<td width=\"60\"><strong>6<\/strong><\/td>\n<td width=\"60\"><strong>8<\/strong><\/td>\n<td width=\"72\"><strong>14<\/strong><\/td>\n<td width=\"65\"><strong>12<\/strong><\/td>\n<\/tr>\n<\/tbody>\n<\/table>\n<p><strong>\u00a0<\/strong><strong>\u00a0<\/strong><\/p>\n<table width=\"600\">\n<tbody>\n<tr>\n<td colspan=\"7\" width=\"600\"><strong>SEXTO TETRAMESTRE <\/strong><\/td>\n<\/tr>\n<tr>\n<td width=\"103\"><strong>CLAVE <\/strong><\/td>\n<td width=\"132\"><strong>ASIGNATURA <\/strong><\/td>\n<td width=\"108\"><strong>SERIACI\u00d3N <\/strong><\/td>\n<td width=\"60\"><strong>HFD <\/strong><\/td>\n<td width=\"60\"><strong>HEI <\/strong><\/td>\n<td width=\"72\"><strong>THS <\/strong><\/td>\n<td width=\"65\"><strong>CRS <\/strong><\/td>\n<\/tr>\n<tr>\n<td width=\"103\">MVVIHA632<\/td>\n<td width=\"132\">Valuaci\u00f3n de Inmuebles Hist\u00f3ricos Art\u00edsticos<\/td>\n<td width=\"108\">MVVII532<\/td>\n<td width=\"60\">3<\/td>\n<td width=\"60\">4<\/td>\n<td width=\"72\">7<\/td>\n<td width=\"65\">6<\/td>\n<\/tr>\n<tr>\n<td width=\"103\">MVAVPI631<\/td>\n<td width=\"132\">An\u00e1lisis y Valuaci\u00f3n de Proyectos de Inversi\u00f3n<\/td>\n<td width=\"108\">MVVII532<\/td>\n<td width=\"60\">3<\/td>\n<td width=\"60\">5<\/td>\n<td width=\"72\">8<\/td>\n<td width=\"65\">7<\/td>\n<\/tr>\n<tr>\n<td width=\"103\"><\/td>\n<td width=\"132\"><strong>\u00a0<\/strong><\/td>\n<td width=\"108\"><strong>\u00a0<\/strong><\/td>\n<td width=\"60\"><strong>\u00a0<\/strong><\/td>\n<td width=\"60\"><strong>\u00a0<\/strong><\/td>\n<td width=\"72\"><strong>\u00a0<\/strong><\/td>\n<td width=\"65\"><strong>\u00a0<\/strong><\/td>\n<\/tr>\n<tr>\n<td width=\"103\"><\/td>\n<td width=\"132\"><strong>\u00a0<\/strong><\/td>\n<td width=\"108\"><strong>SUBTOTAL <\/strong><\/td>\n<td width=\"60\"><strong>6<\/strong><\/td>\n<td width=\"60\"><strong>9<\/strong><\/td>\n<td width=\"72\"><strong>15<\/strong><\/td>\n<td width=\"65\"><strong>13<\/strong><\/td>\n<\/tr>\n<\/tbody>\n<\/table>\n<p>&nbsp;<\/p>\n<table style=\"height: 129px;\" width=\"600\">\n<tbody>\n<tr>\n<td width=\"103\"><\/td>\n<td width=\"205\"><strong>\u00a0<\/strong><\/td>\n<td width=\"103\"><strong>TOTAL<\/strong><\/td>\n<td width=\"40\"><strong>36<\/strong><\/td>\n<td width=\"34\"><strong>51<\/strong><\/td>\n<td width=\"42\"><strong>87<\/strong><\/td>\n<td width=\"60\"><strong>75<\/strong><\/td>\n<\/tr>\n<tr>\n<td width=\"103\"><\/td>\n<td width=\"205\"><strong>\u00a0<\/strong><\/td>\n<td width=\"103\"><strong>ASIGNATURAS<\/strong><\/td>\n<td width=\"40\"><strong>12<\/strong><\/td>\n<td colspan=\"3\" width=\"136\"><\/td>\n<\/tr>\n<\/tbody>\n<\/table>\n<p>&nbsp;<\/p>\n<table style=\"height: 294px;\" width=\"600\">\n<tbody>\n<tr>\n<td width=\"44\"><strong>HFD:<\/strong><\/td>\n<td width=\"259\">Horas Frente a Docente por Semana<\/td>\n<td width=\"97\">36<\/td>\n<\/tr>\n<tr>\n<td width=\"44\"><strong>HEI:<\/strong><\/td>\n<td width=\"259\">Horas de Estudio Independiente por Semana<\/td>\n<td width=\"97\">51<\/td>\n<\/tr>\n<tr>\n<td width=\"44\"><strong>THS:<\/strong><\/td>\n<td width=\"259\">Total de Horas por Semana<\/td>\n<td width=\"97\">87<\/td>\n<\/tr>\n<tr>\n<td width=\"44\"><strong>CRS:<\/strong><\/td>\n<td width=\"259\">Cr\u00e9ditos<\/td>\n<td width=\"97\">75<\/td>\n<\/tr>\n<\/tbody>\n<\/table>\n<p>[\/vc_column_text][\/vc_tta_section][\/vc_tta_tabs][\/vc_column][\/vc_row]<\/p>\n<\/div>","protected":false},"excerpt":{"rendered":"<p>[vc_row][vc_column width=&#8221;1\/4&#8243;][vc_column_text]Solicita informaci\u00f3n en los siguientes t\u00e9lefonos: Tel. 81 83 01 21 48 \u00a0 WhatsApp: 81 32 56 55 47\u00a0[\/vc_column_text][\/vc_column][vc_column&#8230;<\/p>\n","protected":false},"author":13,"featured_media":0,"parent":0,"menu_order":0,"comment_status":"closed","ping_status":"closed","template":"","meta":{"_joinchat":[],"footnotes":""},"class_list":["post-59723","page","type-page","status-publish","hentry"],"_links":{"self":[{"href":"https:\/\/unez.edu.mx\/index.php?rest_route=\/wp\/v2\/pages\/59723","targetHints":{"allow":["GET"]}}],"collection":[{"href":"https:\/\/unez.edu.mx\/index.php?rest_route=\/wp\/v2\/pages"}],"about":[{"href":"https:\/\/unez.edu.mx\/index.php?rest_route=\/wp\/v2\/types\/page"}],"author":[{"embeddable":true,"href":"https:\/\/unez.edu.mx\/index.php?rest_route=\/wp\/v2\/users\/13"}],"replies":[{"embeddable":true,"href":"https:\/\/unez.edu.mx\/index.php?rest_route=%2Fwp%2Fv2%2Fcomments&post=59723"}],"version-history":[{"count":7,"href":"https:\/\/unez.edu.mx\/index.php?rest_route=\/wp\/v2\/pages\/59723\/revisions"}],"predecessor-version":[{"id":59732,"href":"https:\/\/unez.edu.mx\/index.php?rest_route=\/wp\/v2\/pages\/59723\/revisions\/59732"}],"wp:attachment":[{"href":"https:\/\/unez.edu.mx\/index.php?rest_route=%2Fwp%2Fv2%2Fmedia&parent=59723"}],"curies":[{"name":"wp","href":"https:\/\/api.w.org\/{rel}","templated":true}]}}