
{"id":59500,"date":"2025-12-10T12:42:23","date_gmt":"2025-12-10T18:42:23","guid":{"rendered":"https:\/\/unez.edu.mx\/?page_id=59500"},"modified":"2025-12-15T19:39:26","modified_gmt":"2025-12-16T01:39:26","slug":"inscripcion-a-examen-de-admision-a-medicina-unez","status":"publish","type":"page","link":"https:\/\/unez.edu.mx\/?page_id=59500","title":{"rendered":"Examen de Admisi\u00f3n a Medicina 2025"},"content":{"rendered":"<div class=\"wpb-content-wrapper\"><p>[vc_row][vc_column width=&#8221;1\/2&#8243;][vc_column_text css=&#8221;&#8221;][\/vc_column_text][vc_column_text css=&#8221;&#8221;][\/vc_column_text][vc_column_text css=&#8221;&#8221;]<\/p>\n<h3 style=\"text-align: center;\"><strong>Segunda fecha a examen de admisi\u00f3n a Medicina 2025<\/strong><\/h3>\n<p>[\/vc_column_text][\/vc_column][vc_column width=&#8221;1\/2&#8243;][vc_single_image image=&#8221;59291&#8243; img_size=&#8221;medium&#8221; alignment=&#8221;center&#8221; css=&#8221;&#8221;][\/vc_column][\/vc_row][vc_row][vc_column][vc_column_text css=&#8221;&#8221;]<\/p>\n<h4><strong>1.- Realiza el pago de manera directa en cajas de la UNEZ<\/strong><\/h4>\n<h6>2.- Examen de admisi\u00f3n 17 de enero, 2026<\/h6>\n<ul>\n<li>\n<h6>Solo el costo de admisi\u00f3n: $700.00. Puedes pagar y despues llenar el formulario.<\/h6>\n<\/li>\n<li>\n<h6>Curso de preparaci\u00f3n 12 al 16 de enero, 2026: $500.00. Puedes pagar y despues llenar el formulario.<\/h6>\n<\/li>\n<li>\n<h6>El d\u00eda 15 de diciembre del 2025 se habilitar\u00e1 el formulario de inscripci\u00f3n. Da clic <a href=\"https:\/\/unez.edu.mx\/?page_id=25992\"><span style=\"color: #0000ff;\">aqui<\/span><\/a> para llenar<\/h6>\n<\/li>\n<\/ul>\n<h3 style=\"text-align: center;\"><img loading=\"lazy\" decoding=\"async\" class=\"alignnone wp-image-57650\" src=\"https:\/\/unez.edu.mx\/wp-content\/uploads\/2023\/07\/Logo-oficial-final-239x300.jpg\" alt=\"\" width=\"146\" height=\"183\"><\/h3>\n<h5 style=\"text-align: center;\">Universidad Emiliano Zapata<\/h5>\n<h5 style=\"text-align: center;\">Ser culto, para ser libre<\/h5>\n<p>[\/vc_column_text][\/vc_column][\/vc_row]<\/p>\n<\/div>","protected":false},"excerpt":{"rendered":"<p>[vc_row][vc_column width=&#8221;1\/2&#8243;][vc_column_text css=&#8221;&#8221;][\/vc_column_text][vc_column_text css=&#8221;&#8221;][\/vc_column_text][vc_column_text css=&#8221;&#8221;] Segunda fecha a examen de admisi\u00f3n a Medicina 2025 [\/vc_column_text][\/vc_column][vc_column width=&#8221;1\/2&#8243;][vc_single_image image=&#8221;59291&#8243; img_size=&#8221;medium&#8221; alignment=&#8221;center&#8221; css=&#8221;&#8221;][\/vc_column][\/vc_row][vc_row][vc_column][vc_column_text&#8230;<\/p>\n","protected":false},"author":13,"featured_media":0,"parent":0,"menu_order":0,"comment_status":"closed","ping_status":"closed","template":"","meta":{"_joinchat":[],"footnotes":""},"class_list":["post-59500","page","type-page","status-publish","hentry"],"_links":{"self":[{"href":"https:\/\/unez.edu.mx\/index.php?rest_route=\/wp\/v2\/pages\/59500","targetHints":{"allow":["GET"]}}],"collection":[{"href":"https:\/\/unez.edu.mx\/index.php?rest_route=\/wp\/v2\/pages"}],"about":[{"href":"https:\/\/unez.edu.mx\/index.php?rest_route=\/wp\/v2\/types\/page"}],"author":[{"embeddable":true,"href":"https:\/\/unez.edu.mx\/index.php?rest_route=\/wp\/v2\/users\/13"}],"replies":[{"embeddable":true,"href":"https:\/\/unez.edu.mx\/index.php?rest_route=%2Fwp%2Fv2%2Fcomments&post=59500"}],"version-history":[{"count":7,"href":"https:\/\/unez.edu.mx\/index.php?rest_route=\/wp\/v2\/pages\/59500\/revisions"}],"predecessor-version":[{"id":59512,"href":"https:\/\/unez.edu.mx\/index.php?rest_route=\/wp\/v2\/pages\/59500\/revisions\/59512"}],"wp:attachment":[{"href":"https:\/\/unez.edu.mx\/index.php?rest_route=%2Fwp%2Fv2%2Fmedia&parent=59500"}],"curies":[{"name":"wp","href":"https:\/\/api.w.org\/{rel}","templated":true}]}}