
{"id":58513,"date":"2024-07-10T19:10:59","date_gmt":"2024-07-11T01:10:59","guid":{"rendered":"https:\/\/unez.edu.mx\/?page_id=58513"},"modified":"2024-07-10T20:48:21","modified_gmt":"2024-07-11T02:48:21","slug":"maestria-en-gestion-financiera-corporativa","status":"publish","type":"page","link":"https:\/\/unez.edu.mx\/?page_id=58513","title":{"rendered":"Maestr\u00eda en Gesti\u00f3n Financiera Corporativa"},"content":{"rendered":"<div class=\"wpb-content-wrapper\"><p>[vc_row][vc_column width=&#8221;1\/4&#8243;]<div class=\"sc-image sc-wrapbox sc-wrapbox-style-default rounded-corners sc-wrapbox-position-below\" style=\"\"><div class=\"sc-wrapbox-inner\"><img decoding=\"async\" class=\"sc-wrapbox-element img-responsive\" src=\"https:\/\/unez.edu.mx\/wp-content\/uploads\/2023\/07\/IMG_20220923_164523-scaled.jpg\" alt=\"\"\/><\/div><\/div>[vc_column_text]<strong>Solicita informaci\u00f3n en los siguientes t\u00e9lefonos:<\/strong><\/p>\n<p><strong>Tel. 81 83 01 21 48<\/strong><\/p>\n<p><strong><img loading=\"lazy\" decoding=\"async\" class=\"alignnone wp-image-57233\" src=\"https:\/\/unez.edu.mx\/wp-content\/uploads\/2023\/06\/whatsapp-300x300.png\" alt=\"\" width=\"25\" height=\"25\" srcset=\"https:\/\/unez.edu.mx\/wp-content\/uploads\/2023\/06\/whatsapp-300x300.png 300w, https:\/\/unez.edu.mx\/wp-content\/uploads\/2023\/06\/whatsapp-150x150.png 150w, https:\/\/unez.edu.mx\/wp-content\/uploads\/2023\/06\/whatsapp-256x256.png 256w, https:\/\/unez.edu.mx\/wp-content\/uploads\/2023\/06\/whatsapp.png 512w\" sizes=\"auto, (max-width: 25px) 100vw, 25px\" \/>\u00a0 WhatsApp: 81 32 56 55 47\u00a0<\/strong>[\/vc_column_text][\/vc_column][vc_column width=&#8221;3\/4&#8243;][vc_column_text]Universidad Emiliano Zapata, estudios con reconocimiento de validez oficial No. AL- III 280\/2010 de fecha del 3 de diciembre de 2010, otorgado por el gobierno del estado de Nuevo Le\u00f3n y publicado en el Peri\u00f3dico Oficial del 4 de marzo de 2011.<\/p>\n<p>El objetivo es formar individuos con un estilo de liderazgo comprometido, integrador y\u00a0 humanitario, que sean capaces de interactuar con las Instituciones P\u00fablicas y Privadas, adem\u00e1s el egresado se ocupara \u00a0de la planificaci\u00f3n, dise\u00f1o, desarrollo, innovaci\u00f3n y conversi\u00f3n de los sistemas tecnol\u00f3gicos.[\/vc_column_text][vc_tta_tabs][vc_tta_section title=&#8221;Requisitos&#8221; tab_id=&#8221;1487609400683-4ccd51ce-2b7f&#8221;][vc_column_text]El interesado en ingresar a estudiar la Maestria en Gesti\u00f3n Financiera Corporativa debe estar titulado a nivel profesional en el \u00e1rea de econ\u00f3mico \u2013 administrativo o una disciplina af\u00edn y cumplir con los requisitos acad\u00e9micos y de admisi\u00f3n, requeridos por la Universidad Emiliano Zapata de acuerdo a las caracter\u00edsticas del perfil solicitado, la direcci\u00f3n de servicios acad\u00e9micos establece un an\u00e1lisis de los requisitos de acceso especificados en el Reglamento Acad\u00e9mico de Alumnos.[\/vc_column_text][\/vc_tta_section][vc_tta_section title=&#8221;Perfil&#8221; tab_id=&#8221;1487609400723-dc5963bf-b014&#8243;][vc_column_text]<\/p>\n<p style=\"text-align: center;\"><strong>Perfil de Ingreso<\/strong><\/p>\n<ul>\n<li>Estar titulado a nivel profesional en el \u00e1rea de econ\u00f3mico \u2013 edministrativo o una disciplina af\u00edn.<\/li>\n<li>Mostar actitudes de liderazgo.<\/li>\n<\/ul>\n<p>CONOCIMIENTOS DE INGRESO<\/p>\n<ul>\n<li>Manejo de TICs: emplea nuevas tecnolog\u00edas de informaci\u00f3n y comunicaci\u00f3n, manejando la computadora a nivel usuario, procesando informaci\u00f3n en programas b\u00e1sicos: hojas de c\u00e1lculo, procesador de textos dise\u00f1o de presentaciones y usa internet.<\/li>\n<li>Administraci\u00f3n, Finanzas, o af\u00edn.<\/li>\n<li>Inform\u00e1tica.<\/li>\n<\/ul>\n<p>HABILIDADES.<\/p>\n<ul>\n<li>Habilidades comunicativas: expresa con claridad y precisi\u00f3n sus ideas en forma verbal o escrita.<\/li>\n<li>Habilidad para organizar, procesar y jerarquizar la informaci\u00f3n proveniente de diferentes fuentes.<\/li>\n<li>Anal\u00edtico, aprecia y practica la reflexi\u00f3n y an\u00e1lisis cr\u00edtico con tolerancia.<\/li>\n<li>Sentido de responsabilidad y buena actitud hacia el estudio.<\/li>\n<li>Capacidad de interrelacionarse para el trabajo en equipo.<\/li>\n<li>Aptitudes para el trabajo interdisciplinario.<\/li>\n<li>Aprecio por la reflexi\u00f3n y an\u00e1lisis cr\u00edtico.<\/li>\n<li>Habilidades matem\u00e1ticas: resuelve problemas con base en leyes, principios y procedimientos de la matem\u00e1tica.<\/li>\n<li>Habilidades investigativas: demuestra habilidades b\u00e1sicas para la investigaci\u00f3n cient\u00edfica.<\/li>\n<li>Comprensi\u00f3n lectora: analiza e interpreta textos, gr\u00e1ficos, esquemas e instrucciones atendiendo a intenciones comunicativas.<\/li>\n<li>Habilidades intelectuales y manejo de conocimientos b\u00e1sicos.<\/li>\n<\/ul>\n<p>ACTITUDES Y VALORES<\/p>\n<ul>\n<li>Principios: practica principios \u00e9ticos, morales, estilos de vida saludable y respeta el medio ambiente.<\/li>\n<li>Actitud y responsabilidad: practica la responsabilidad y buena actitud frente al estudio, a la investigaci\u00f3n a la calidad y al arte.<\/li>\n<li>Valora sus caracter\u00edsticas y potencialidades como ser humano, asumiendo con responsabilidad las consecuencias de sus acciones.<\/li>\n<li>Muestra respeto y tolerancia hacia los puntos de vista de los dem\u00e1s.<\/li>\n<\/ul>\n<p style=\"text-align: center;\"><strong>Perfil de Egreso.<\/strong><\/p>\n<p>El perfil de egreso de Maestr\u00eda en Gesti\u00f3n Financiera Corporativa en la modalidad escolarizada.<\/p>\n<p>Conocimientos:<\/p>\n<ul>\n<li>Conocer los procesos administrativos y financieros de la empresa en las diferentes \u00e1reas funcionales.<\/li>\n<li>Conocer los conceptos jur\u00eddicos necesarios para el manejo de una empresa.<\/li>\n<\/ul>\n<p>Habilidades:<\/p>\n<ul>\n<li>Negociar con entidades financieras.<\/li>\n<li>Dise\u00f1ar e implementar estrategias de acuerdo con la necesidad del mercado.<\/li>\n<li>Analizar los entornos econ\u00f3micos, pol\u00edticos y sociales.<\/li>\n<li>Analizar el entorno interno de operatividad de las diferentes \u00e1reas de la empresa.<\/li>\n<li>Movilizar los recursos financieros de la empresa a portafolios de inversi\u00f3n.<\/li>\n<li>Analizar costos de producci\u00f3n y m\u00e1rgenes de utilidad.<\/li>\n<li>Asesorar en temas de financiamiento y cr\u00e9dito empresarial.<\/li>\n<li>Analizar el mercado financiero y burs\u00e1til para tomar decisiones.<\/li>\n<li>Utilizar y optimizar el uso de los recursos de la empresa.<\/li>\n<li>Manejar adecuadamente los recursos tecnol\u00f3gicos para satisfacer las necesidades de la empresa.<\/li>\n<li>\u00b7 Dirigir la empresa con liderazgo estrat\u00e9gico.<\/li>\n<\/ul>\n<p>Actitudes y valores.<\/p>\n<ul>\n<li>Respetuoso de los clientes y sus necesidades.<\/li>\n<li>Ejercer\u00e1 su profesi\u00f3n con \u00e9tica.<\/li>\n<li>Ejercer con calidad su profesi\u00f3n, siempre preocupado y ocupado en la mejora continua.<\/li>\n<\/ul>\n<p>[\/vc_column_text][\/vc_tta_section][vc_tta_section title=&#8221;\u00c1reas de Oportunidad&#8221; tab_id=&#8221;1487609637759-a3d41df3-1f0d&#8221;][vc_column_text]CAMPO DE EMPLEO ACTUAL<\/p>\n<ul>\n<li>La administraci\u00f3n de agencias del sistema financiero.<\/li>\n<li>La administraci\u00f3n de agencias aduanales.<\/li>\n<li>Gestor de cr\u00e9ditos de consumo, comercial y microempresas<\/li>\n<li>Manejar los productos, servicios y riesgos de una entidad financiera<\/li>\n<li>Analista financiero, intermediario financiero, asesor financiero<\/li>\n<li>Proyectos para el establecimiento de nuevo negocios<\/li>\n<li>Ejecutivo de N\u00f3mina y Prestaciones.<\/li>\n<li>Manejo de Capacitaci\u00f3n y\/o Entrenamiento.<\/li>\n<li>Asesor de empresas p\u00fablicas o privadas.<\/li>\n<li>Finanzas P\u00fablicas.<\/li>\n<li>Administrador, director de cualquiera de las \u00e1reas de una empresa.<\/li>\n<li>Control de presupuestos.<\/li>\n<li>Formulaci\u00f3n y Evaluaci\u00f3n de Proyectos.<\/li>\n<li>Administraci\u00f3n de la fuerza de ventas.<\/li>\n<li>Manejo de los recursos del Departamento de Ventas y Mercadotecnia.<\/li>\n<li>Control de Ventas.<\/li>\n<li>Formulaci\u00f3n de presupuestos para Mercadotecnia.<\/li>\n<li>Administraci\u00f3n de entradas y salidas.<\/li>\n<li>Manejo de los recursos de producci\u00f3n.<\/li>\n<li>Control de inventarios.<\/li>\n<li>Materias primas.<\/li>\n<li>An\u00e1lisis de cotizaciones.<\/li>\n<li>Compras.<\/li>\n<li>Recursos Humanos y Administraci\u00f3n<\/li>\n<\/ul>\n<p>[\/vc_column_text][\/vc_tta_section][vc_tta_section title=&#8221;Plan de Estudio&#8221; tab_id=&#8221;1487609756132-0a95dcd8-b39c&#8221;][vc_column_text]<\/p>\n<p style=\"text-align: center;\"><strong>\u00a0Plan de Estudios<\/strong><\/p>\n<table width=\"600\">\n<tbody>\n<tr>\n<td colspan=\"7\" width=\"600\"><strong>PRIMER TETRAMESTRE <\/strong><\/td>\n<\/tr>\n<tr>\n<td width=\"103\"><strong>CLAVE<\/strong><\/td>\n<td width=\"132\"><strong>ASIGNATURA<\/strong><\/td>\n<td width=\"108\"><strong>SERIACI\u00d3N<\/strong><\/td>\n<td width=\"60\"><strong>HFD<\/strong><\/td>\n<td width=\"60\"><strong>HEI<\/strong><\/td>\n<td width=\"72\"><strong>THS<\/strong><\/td>\n<td width=\"65\"><strong>CRS<\/strong><\/td>\n<\/tr>\n<tr>\n<td width=\"103\">MGFN-126<\/td>\n<td width=\"132\">MODELOS DE NEGOCIO: EMPRENDIMIENTO Y GESTI\u00d3N DE NEGOCIOS<\/td>\n<td width=\"108\"><strong>&#8212;&#8211;<\/strong><\/td>\n<td width=\"60\">2<\/td>\n<td width=\"60\">6<\/td>\n<td width=\"72\">8<\/td>\n<td width=\"65\"><strong>\u00a0<\/strong><strong>7<\/strong><\/td>\n<\/tr>\n<tr>\n<td width=\"103\">MGFM-124<\/td>\n<td width=\"132\">M\u00c9TODOS CUANTITATIVOS PARA LA TOMA DE DECISIONES<\/td>\n<td width=\"108\"><strong>&#8212;&#8211;<\/strong><\/td>\n<td width=\"60\">2<\/td>\n<td width=\"60\">6<\/td>\n<td width=\"72\">8<\/td>\n<td width=\"65\"><strong>\u00a0<\/strong><strong>7<\/strong><\/td>\n<\/tr>\n<tr>\n<td width=\"103\"><\/td>\n<td width=\"132\"><strong>\u00a0<\/strong><\/td>\n<td width=\"108\"><strong>SUBTOTAL <\/strong><\/td>\n<td width=\"60\">4<\/td>\n<td width=\"60\">12<\/td>\n<td width=\"72\">16<\/td>\n<td width=\"65\"><strong>14<\/strong><\/td>\n<\/tr>\n<\/tbody>\n<\/table>\n<p>&nbsp;<\/p>\n<table width=\"600\">\n<tbody>\n<tr>\n<td colspan=\"7\" width=\"600\"><strong>SEGUNDO TETRAMESTRE <\/strong><\/td>\n<\/tr>\n<tr>\n<td width=\"103\"><strong>CLAVE<\/strong><\/td>\n<td width=\"132\"><strong>ASIGNATURA<\/strong><\/td>\n<td width=\"108\"><strong>SERIACI\u00d3N<\/strong><\/td>\n<td width=\"60\"><strong>HFD<\/strong><\/td>\n<td width=\"60\"><strong>HEI<\/strong><\/td>\n<td width=\"72\"><strong>THS<\/strong><\/td>\n<td width=\"65\"><strong>CRS<\/strong><\/td>\n<\/tr>\n<tr>\n<td width=\"103\">MGFE-224<\/td>\n<td width=\"132\">ESTAD\u00cdSTICA APLICADA A LAS FINANZAS<\/td>\n<td width=\"108\"><strong>MGFM-124<\/strong><\/td>\n<td width=\"60\">2<\/td>\n<td width=\"60\">6<\/td>\n<td width=\"72\">8<\/td>\n<td width=\"65\"><strong>\u00a0<\/strong><strong>7<\/strong><\/td>\n<\/tr>\n<tr>\n<td width=\"103\">MGFK-226<\/td>\n<td width=\"132\">MARKETING Y AN\u00c1LISIS DEL MERCADO DE LA EMPRESA<\/td>\n<td width=\"108\"><strong>&#8212;&#8211;<\/strong><\/td>\n<td width=\"60\">2<\/td>\n<td width=\"60\">6<\/td>\n<td width=\"72\">8<\/td>\n<td width=\"65\"><strong>\u00a0<\/strong><strong>7<\/strong><\/td>\n<\/tr>\n<tr>\n<td width=\"103\"><\/td>\n<td width=\"132\"><strong>\u00a0<\/strong><\/td>\n<td width=\"108\"><strong>SUBTOTAL <\/strong><\/td>\n<td width=\"60\">4<\/td>\n<td width=\"60\">12<\/td>\n<td width=\"72\">16<\/td>\n<td width=\"65\"><strong>14<\/strong><\/td>\n<\/tr>\n<\/tbody>\n<\/table>\n<p>&nbsp;<\/p>\n<table width=\"600\">\n<tbody>\n<tr>\n<td colspan=\"7\" width=\"600\"><strong>TERCER TETRAMESTRE <\/strong><\/td>\n<\/tr>\n<tr>\n<td width=\"103\"><strong>CLAVE<\/strong><\/td>\n<td width=\"132\"><strong>ASIGNATURA<\/strong><\/td>\n<td width=\"108\"><strong>SERIACI\u00d3N<\/strong><\/td>\n<td width=\"60\"><strong>HFD<\/strong><\/td>\n<td width=\"60\"><strong>HEI<\/strong><\/td>\n<td width=\"72\"><strong>THS<\/strong><\/td>\n<td width=\"65\"><strong>CRS<\/strong><\/td>\n<\/tr>\n<tr>\n<td width=\"103\">MGFC-322<\/td>\n<td width=\"132\">CONTABILIDAD ADMINISTRATIVA Y COSTOS<\/td>\n<td width=\"108\"><strong>&#8212;&#8211;<\/strong><\/td>\n<td width=\"60\">2<\/td>\n<td width=\"60\">6<\/td>\n<td width=\"72\">8<\/td>\n<td width=\"65\"><strong>\u00a0<\/strong><strong>7<\/strong><\/td>\n<\/tr>\n<tr>\n<td width=\"103\">MGFA-323<\/td>\n<td width=\"132\">ADMINISTRACI\u00d3N ESTRAT\u00c9GICA FINANCIERA<\/td>\n<td width=\"108\"><strong>&#8212;&#8211;<\/strong><\/td>\n<td width=\"60\">2<\/td>\n<td width=\"60\">6<\/td>\n<td width=\"72\">8<\/td>\n<td width=\"65\"><strong>\u00a0<\/strong><strong>7<\/strong><\/td>\n<\/tr>\n<tr>\n<td width=\"103\"><\/td>\n<td width=\"132\"><strong>\u00a0<\/strong><\/td>\n<td width=\"108\"><strong>SUBTOTAL <\/strong><\/td>\n<td width=\"60\">4<\/td>\n<td width=\"60\">12<\/td>\n<td width=\"72\">16<\/td>\n<td width=\"65\"><strong>14<\/strong><\/td>\n<\/tr>\n<\/tbody>\n<\/table>\n<p>&nbsp;<\/p>\n<table width=\"600\">\n<tbody>\n<tr>\n<td colspan=\"7\" width=\"600\"><strong>CUARTO TETRAMESTRE <\/strong><\/td>\n<\/tr>\n<tr>\n<td width=\"103\"><strong>CLAVE <\/strong><\/td>\n<td width=\"132\"><strong>ASIGNATURA <\/strong><\/td>\n<td width=\"108\"><strong>SERIACI\u00d3N <\/strong><\/td>\n<td width=\"60\"><strong>HFD <\/strong><\/td>\n<td width=\"60\"><strong>HEI <\/strong><\/td>\n<td width=\"72\"><strong>THS <\/strong><\/td>\n<td width=\"65\"><strong>CRS <\/strong><\/td>\n<\/tr>\n<tr>\n<td width=\"103\">MGFF-424<\/td>\n<td width=\"132\">MATEM\u00c1TICAS FINANCIERAS<\/td>\n<td width=\"108\">MGFE-224<\/td>\n<td width=\"60\">2<\/td>\n<td width=\"60\">6<\/td>\n<td width=\"72\">8<\/td>\n<td width=\"65\"><strong>\u00a0<\/strong><strong>7<\/strong><\/td>\n<\/tr>\n<tr>\n<td width=\"103\">MGFT-426<\/td>\n<td width=\"132\">ESTRATEGIAS Y T\u00c9CNICAS DE NEGOCIACI\u00d3N EMPRESARIAL<\/td>\n<td width=\"108\">MGFK-226<\/td>\n<td width=\"60\">2<\/td>\n<td width=\"60\">6<\/td>\n<td width=\"72\">8<\/td>\n<td width=\"65\"><strong>\u00a0<\/strong><strong>7<\/strong><\/td>\n<\/tr>\n<tr>\n<td width=\"103\"><\/td>\n<td width=\"132\"><strong>\u00a0<\/strong><\/td>\n<td width=\"108\"><strong>SUBTOTAL <\/strong><\/td>\n<td width=\"60\">4<\/td>\n<td width=\"60\">12<\/td>\n<td width=\"72\">16<\/td>\n<td width=\"65\"><strong>14<\/strong><\/td>\n<\/tr>\n<\/tbody>\n<\/table>\n<p>&nbsp;<\/p>\n<table width=\"600\">\n<tbody>\n<tr>\n<td colspan=\"7\" width=\"600\"><strong>QUINTO TETRAMESTRE <\/strong><\/td>\n<\/tr>\n<tr>\n<td width=\"103\"><strong>CLAVE <\/strong><\/td>\n<td width=\"132\"><strong>ASIGNATURA <\/strong><\/td>\n<td width=\"108\"><strong>SERIACI\u00d3N <\/strong><\/td>\n<td width=\"60\"><strong>HFD <\/strong><\/td>\n<td width=\"60\"><strong>HEI <\/strong><\/td>\n<td width=\"72\"><strong>THS <\/strong><\/td>\n<td width=\"65\"><strong>CRS <\/strong><\/td>\n<\/tr>\n<tr>\n<td width=\"103\">MGFL-526<\/td>\n<td width=\"132\">LIDERAZGO EMPRESARIAL: HABILIDADES DIRECTIVAS Y GERENCIALES<\/td>\n<td width=\"108\">MGFT-426<\/td>\n<td width=\"60\">2<\/td>\n<td width=\"60\">6<\/td>\n<td width=\"72\">8<\/td>\n<td width=\"65\"><strong>\u00a0<\/strong><strong>7<\/strong><\/td>\n<\/tr>\n<tr>\n<td width=\"103\">MGFP-522<\/td>\n<td width=\"132\">PRESUPUESTOS Y PLANEACI\u00d3N ESTRAT\u00c9GICA<\/td>\n<td width=\"108\">MGFA-323<\/td>\n<td width=\"60\">2<\/td>\n<td width=\"60\">6<\/td>\n<td width=\"72\">8<\/td>\n<td width=\"65\"><strong>\u00a0<\/strong><strong>7<\/strong><\/td>\n<\/tr>\n<tr>\n<td width=\"103\"><\/td>\n<td width=\"132\"><strong>\u00a0<\/strong><\/td>\n<td width=\"108\"><strong>SUBTOTAL <\/strong><\/td>\n<td width=\"60\">4<\/td>\n<td width=\"60\">12<\/td>\n<td width=\"72\">16<\/td>\n<td width=\"65\"><strong>14<\/strong><\/td>\n<\/tr>\n<\/tbody>\n<\/table>\n<p>&nbsp;<\/p>\n<table width=\"600\">\n<tbody>\n<tr>\n<td colspan=\"7\" width=\"600\"><strong>SEXTO TETRAMESTRE <\/strong><\/td>\n<\/tr>\n<tr>\n<td width=\"103\"><strong>CLAVE <\/strong><\/td>\n<td width=\"132\"><strong>ASIGNATURA<\/strong><\/td>\n<td width=\"108\"><strong>SERIACI\u00d3N <\/strong><\/td>\n<td width=\"60\"><strong>HFD <\/strong><\/td>\n<td width=\"60\"><strong>HEI <\/strong><\/td>\n<td width=\"72\"><strong>THS <\/strong><\/td>\n<td width=\"65\"><strong>CRS <\/strong><\/td>\n<\/tr>\n<tr>\n<td width=\"103\">MGFI-622<\/td>\n<td width=\"132\">AN\u00c1LISIS E INTERPRETACI\u00d3N DE ESTADOS FINANCIEROS DE LA EMPRESA<\/td>\n<td width=\"108\">MGFP-522<\/td>\n<td width=\"60\">2<\/td>\n<td width=\"60\">6<\/td>\n<td width=\"72\">8<\/td>\n<td width=\"65\"><strong>\u00a0<\/strong><strong>7<\/strong><\/td>\n<\/tr>\n<tr>\n<td width=\"103\">MGFV-623<\/td>\n<td width=\"132\">EVALUACI\u00d3N DE PROYECTOS DE INVERSI\u00d3N INTELIGENTES<\/td>\n<td width=\"108\">MGFF-424<\/td>\n<td width=\"60\">2<\/td>\n<td width=\"60\">6<\/td>\n<td width=\"72\">8<\/td>\n<td width=\"65\"><strong>\u00a0<\/strong><strong>7<\/strong><\/td>\n<\/tr>\n<tr>\n<td width=\"103\"><\/td>\n<td width=\"132\"><strong>\u00a0<\/strong><\/td>\n<td width=\"108\"><strong>SUBTOTAL <\/strong><\/td>\n<td width=\"60\">4<\/td>\n<td width=\"60\">12<\/td>\n<td width=\"72\">16<\/td>\n<td width=\"65\"><strong>14<\/strong><\/td>\n<\/tr>\n<\/tbody>\n<\/table>\n<p>[\/vc_column_text][\/vc_tta_section][\/vc_tta_tabs][\/vc_column][\/vc_row]<\/p>\n<\/div>","protected":false},"excerpt":{"rendered":"<p>[vc_row][vc_column width=&#8221;1\/4&#8243;][vc_column_text]Solicita informaci\u00f3n en los siguientes t\u00e9lefonos: Tel. 81 83 01 21 48 \u00a0 WhatsApp: 81 32 56 55 47\u00a0[\/vc_column_text][\/vc_column][vc_column&#8230;<\/p>\n","protected":false},"author":13,"featured_media":0,"parent":0,"menu_order":0,"comment_status":"closed","ping_status":"closed","template":"","meta":{"_joinchat":[],"footnotes":""},"class_list":["post-58513","page","type-page","status-publish","hentry"],"_links":{"self":[{"href":"https:\/\/unez.edu.mx\/index.php?rest_route=\/wp\/v2\/pages\/58513","targetHints":{"allow":["GET"]}}],"collection":[{"href":"https:\/\/unez.edu.mx\/index.php?rest_route=\/wp\/v2\/pages"}],"about":[{"href":"https:\/\/unez.edu.mx\/index.php?rest_route=\/wp\/v2\/types\/page"}],"author":[{"embeddable":true,"href":"https:\/\/unez.edu.mx\/index.php?rest_route=\/wp\/v2\/users\/13"}],"replies":[{"embeddable":true,"href":"https:\/\/unez.edu.mx\/index.php?rest_route=%2Fwp%2Fv2%2Fcomments&post=58513"}],"version-history":[{"count":8,"href":"https:\/\/unez.edu.mx\/index.php?rest_route=\/wp\/v2\/pages\/58513\/revisions"}],"predecessor-version":[{"id":58528,"href":"https:\/\/unez.edu.mx\/index.php?rest_route=\/wp\/v2\/pages\/58513\/revisions\/58528"}],"wp:attachment":[{"href":"https:\/\/unez.edu.mx\/index.php?rest_route=%2Fwp%2Fv2%2Fmedia&parent=58513"}],"curies":[{"name":"wp","href":"https:\/\/api.w.org\/{rel}","templated":true}]}}