
{"id":58445,"date":"2024-05-21T10:32:54","date_gmt":"2024-05-21T16:32:54","guid":{"rendered":"https:\/\/unez.edu.mx\/?page_id=58445"},"modified":"2024-05-21T20:47:00","modified_gmt":"2024-05-22T02:47:00","slug":"biblioteca-virtual","status":"publish","type":"page","link":"https:\/\/unez.edu.mx\/?page_id=58445","title":{"rendered":"Biblioteca Virtual"},"content":{"rendered":"<div class=\"wpb-content-wrapper\"><p>[vc_row][vc_column][vc_column_text]<\/p>\n<h1 class=\"entry-title\" style=\"text-align: center;\"><strong>Ciencias de la Salud<\/strong><\/h1>\n<p>[\/vc_column_text][\/vc_column][\/vc_row][vc_row][vc_column width=&#8221;1\/4&#8243;][vc_single_image image=&#8221;58450&#8243; alignment=&#8221;center&#8221; onclick=&#8221;custom_link&#8221; link=&#8221;https:\/\/bvsalud.org\/&#8221;][\/vc_column][vc_column width=&#8221;3\/4&#8243;][vc_column_text]Biblioteca virtual en salud \u2013 Proyecto\u00a0\u00a0 auspiciado por BIREME, OPS y la OMS. Este recurso permite acceder a las bases\u00a0\u00a0 de datos: LILACS, MEDLINE y a la biblioteca Cochrane y Scielo. Adicionalmente se\u00a0\u00a0 accede por este medio a bases de datos especializadas, tales como: ADOLEC,\u00a0\u00a0 BBO, BDENF, DESASTRES, HISA, HOMEOINDEX, LEYES, MEDCARIB, REPIDISCA, as\u00ed como\u00a0\u00a0 a los sitios Web de la PAHO y WHOLIS.[\/vc_column_text][\/vc_column][\/vc_row][vc_row][vc_column width=&#8221;1\/4&#8243;][vc_single_image image=&#8221;58453&#8243; alignment=&#8221;center&#8221; onclick=&#8221;custom_link&#8221; link=&#8221;https:\/\/www.biomedcentral.com\/&#8221;][\/vc_column][vc_column width=&#8221;3\/4&#8243;][vc_column_text]Base de datos eBiomed centralspecializada en investigaciones biom\u00e9dicas.[\/vc_column_text][\/vc_column][\/vc_row][vc_row][vc_column width=&#8221;1\/4&#8243;][vc_single_image image=&#8221;58454&#8243; img_size=&#8221;medium&#8221; alignment=&#8221;center&#8221; onclick=&#8221;custom_link&#8221; link=&#8221;https:\/\/authorservices.wiley.com\/open-research\/open-access\/browse-journals.html&#8221;][\/vc_column][vc_column width=&#8221;3\/4&#8243;][vc_column_text]Wiley Open Access publica Journals revisados por pares en las \u00e1reas de Biolog\u00eda, Qu\u00edmica y Ciencias de la salud.[\/vc_column_text][\/vc_column][\/vc_row][vc_row][vc_column width=&#8221;1\/4&#8243;][vc_single_image image=&#8221;58456&#8243; alignment=&#8221;center&#8221; onclick=&#8221;custom_link&#8221; link=&#8221;https:\/\/ojs.ehu.eus\/index.php\/enf&#8221;][\/vc_column][vc_column width=&#8221;3\/4&#8243;][vc_column_text]Ciencias de Enfermer\u00eda\/Nursing Science la revista nace con la vocaci\u00f3n de ser una herramienta de divulgaci\u00f3n y comunicaci\u00f3n cient\u00edfica en todas las especialidades enfermeras, proporcionado por las investigaciones cient\u00edficas.[\/vc_column_text][\/vc_column][\/vc_row][vc_row][vc_column width=&#8221;1\/4&#8243;][vc_single_image image=&#8221;58455&#8243; img_size=&#8221;medium&#8221; alignment=&#8221;center&#8221; onclick=&#8221;custom_link&#8221; link=&#8221;https:\/\/ojs.ehu.eus\/index.php\/enf&#8221;][\/vc_column][vc_column width=&#8221;3\/4&#8243;][vc_column_text]NURE Investigaci\u00f3n es una revista cient\u00edfica que se publica exclusivamente online perteneciente al movimiento de acceso abierto, puesto que promueve la diseminaci\u00f3n del conocimiento cient\u00edfico sin barreras, facilitando as\u00ed la accesibilidad a un n\u00famero amplio de usuarios para la adquisici\u00f3n, consolidaci\u00f3n, diseminaci\u00f3n y actualizaci\u00f3n del conocimiento derivado de la investigaci\u00f3n enfermera.[\/vc_column_text][\/vc_column][\/vc_row][vc_row][vc_column width=&#8221;1\/4&#8243;][vc_single_image image=&#8221;58457&#8243; img_size=&#8221;medium&#8221; alignment=&#8221;center&#8221; onclick=&#8221;custom_link&#8221; link=&#8221;https:\/\/www.index-f.com\/index-enfermeria\/revista.php&#8221;][\/vc_column][vc_column width=&#8221;3\/4&#8243;][vc_column_text]Index de Enfermer\u00eda edici\u00f3n digital, \u00f3rgano de la Fundaci\u00f3n Index, de aparici\u00f3n trimestral, se distribuye en los principales centros asistenciales y de investigaci\u00f3n, universidades, escuelas y facultades de enfermer\u00eda, sociedades cient\u00edficas y profesionales de la salud, con especial circulaci\u00f3n en Espa\u00f1a e Iberoam\u00e9rica.[\/vc_column_text][\/vc_column][\/vc_row][vc_row][vc_column width=&#8221;1\/4&#8243;][vc_single_image image=&#8221;58458&#8243; img_size=&#8221;medium&#8221; alignment=&#8221;center&#8221; onclick=&#8221;custom_link&#8221; link=&#8221;https:\/\/www.epistemonikos.org\/en\/&#8221;][\/vc_column][vc_column width=&#8221;3\/4&#8243;][vc_column_text]Base de datos bibliogr\u00e1ficos sobre literatura enfocada a la medicina basada en evidencias, cuya consulta permite la localizaci\u00f3n de fuentes de informaci\u00f3n que permiten fundamentar la toma de decisiones en materia cl\u00ednica y sobre pol\u00edticas de salud.[\/vc_column_text][\/vc_column][\/vc_row][vc_row][vc_column width=&#8221;1\/4&#8243;][vc_single_image image=&#8221;58459&#8243; img_size=&#8221;medium&#8221; alignment=&#8221;center&#8221; onclick=&#8221;custom_link&#8221; link=&#8221;http:\/\/www.freemedicaljournals.com\/&#8221;][\/vc_column][vc_column width=&#8221;3\/4&#8243;][vc_column_text]\u00cdndice de revistas de acceso abierto sobre medicina.[\/vc_column_text][\/vc_column][\/vc_row][vc_row][vc_column width=&#8221;1\/4&#8243;][vc_single_image image=&#8221;58460&#8243; img_size=&#8221;medium&#8221; alignment=&#8221;center&#8221; onclick=&#8221;custom_link&#8221; link=&#8221;http:\/\/www.freebooks4doctors.com\/&#8221;][\/vc_column][vc_column width=&#8221;3\/4&#8243;][vc_column_text]Repertorio de libros de acceso abierto sobre medicina.[\/vc_column_text][\/vc_column][\/vc_row][vc_row][vc_column width=&#8221;1\/4&#8243;][vc_single_image image=&#8221;58461&#8243; img_size=&#8221;medium&#8221; alignment=&#8221;center&#8221; onclick=&#8221;custom_link&#8221; link=&#8221;https:\/\/pubmed.ncbi.nlm.nih.gov\/&#8221;][\/vc_column][vc_column width=&#8221;3\/4&#8243;][vc_column_text]La fuente de informaci\u00f3n sobre medicina m\u00e1s extensa a nivel mundial. Este recurso posibilita el acceso a un porcentaje de art\u00edculos a texto completo.[\/vc_column_text][\/vc_column][\/vc_row][vc_row][vc_column width=&#8221;1\/4&#8243;][vc_single_image image=&#8221;58462&#8243; alignment=&#8221;center&#8221; onclick=&#8221;custom_link&#8221; link=&#8221;https:\/\/www.mdpi.com\/&#8221;][\/vc_column][vc_column width=&#8221;3\/4&#8243;][vc_column_text]\u00edndice multidisciplinario de revistas acad\u00e9micas de acceso abierto. Los contenidos son agrupados tomando en cuenta publicaciones con t\u00edtulos hom\u00f3nimos a las diversas \u00e1reas tem\u00e1ticas o materias.[\/vc_column_text][\/vc_column][\/vc_row][vc_row][vc_column width=&#8221;1\/4&#8243;][vc_single_image image=&#8221;58463&#8243; img_size=&#8221;medium&#8221; alignment=&#8221;center&#8221; onclick=&#8221;custom_link&#8221; link=&#8221;https:\/\/www.cochranelibrary.com\/es\/&#8221;][\/vc_column][vc_column width=&#8221;3\/4&#8243;][vc_column_text]Biblioteca con acceso a Medicina, Ensayos Cl\u00ednicos, Revisiones Sistem\u00e1ticas, Metodolog\u00eda, Evaluaciones de tecnolog\u00eda sanitaria, etc.[\/vc_column_text][\/vc_column][\/vc_row][vc_row][vc_column width=&#8221;1\/4&#8243;][vc_single_image image=&#8221;58464&#8243; img_size=&#8221;medium&#8221; alignment=&#8221;center&#8221; onclick=&#8221;custom_link&#8221; link=&#8221;https:\/\/europepmc.org\/&#8221;][\/vc_column][vc_column width=&#8221;3\/4&#8243;][vc_column_text]Base de datos a texto completo sobre Medicina basada en Pubmed.[\/vc_column_text][\/vc_column][\/vc_row][vc_row][vc_column width=&#8221;1\/4&#8243;][vc_single_image image=&#8221;58465&#8243; img_size=&#8221;medium&#8221; alignment=&#8221;center&#8221; onclick=&#8221;custom_link&#8221; link=&#8221;https:\/\/enfispo.es\/&#8221;][\/vc_column][vc_column width=&#8221;3\/4&#8243;][vc_column_text]ENFISPO es una base de datos bibliogr\u00e1fica formada por una selecci\u00f3n de m\u00e1s de 120 revistas en espa\u00f1ol de las \u00e1reas de Enfermer\u00eda, Fisioterapia y Podolog\u00eda.[\/vc_column_text][\/vc_column][\/vc_row][vc_row][vc_column width=&#8221;1\/4&#8243;][vc_single_image image=&#8221;58466&#8243; img_size=&#8221;medium&#8221; alignment=&#8221;center&#8221; onclick=&#8221;custom_link&#8221; link=&#8221;https:\/\/www.fundacionlilly.com\/impulso-medicina\/medes&#8221;][\/vc_column][vc_column width=&#8221;3\/4&#8243;][vc_column_text]Base de datos bibliogr\u00e1fica con contenidos en Ciencias de la Salud, en castellano.[\/vc_column_text][\/vc_column][\/vc_row]<\/p>\n<\/div>","protected":false},"excerpt":{"rendered":"<p>[vc_row][vc_column][vc_column_text] Ciencias de la Salud [\/vc_column_text][\/vc_column][\/vc_row][vc_row][vc_column width=&#8221;1\/4&#8243;][vc_single_image image=&#8221;58450&#8243; alignment=&#8221;center&#8221; onclick=&#8221;custom_link&#8221; link=&#8221;https:\/\/bvsalud.org\/&#8221;][\/vc_column][vc_column width=&#8221;3\/4&#8243;][vc_column_text]Biblioteca virtual en salud \u2013 Proyecto\u00a0\u00a0 auspiciado por BIREME,&#8230;<\/p>\n","protected":false},"author":13,"featured_media":0,"parent":0,"menu_order":0,"comment_status":"closed","ping_status":"closed","template":"","meta":{"_joinchat":[],"footnotes":""},"class_list":["post-58445","page","type-page","status-publish","hentry"],"_links":{"self":[{"href":"https:\/\/unez.edu.mx\/index.php?rest_route=\/wp\/v2\/pages\/58445","targetHints":{"allow":["GET"]}}],"collection":[{"href":"https:\/\/unez.edu.mx\/index.php?rest_route=\/wp\/v2\/pages"}],"about":[{"href":"https:\/\/unez.edu.mx\/index.php?rest_route=\/wp\/v2\/types\/page"}],"author":[{"embeddable":true,"href":"https:\/\/unez.edu.mx\/index.php?rest_route=\/wp\/v2\/users\/13"}],"replies":[{"embeddable":true,"href":"https:\/\/unez.edu.mx\/index.php?rest_route=%2Fwp%2Fv2%2Fcomments&post=58445"}],"version-history":[{"count":18,"href":"https:\/\/unez.edu.mx\/index.php?rest_route=\/wp\/v2\/pages\/58445\/revisions"}],"predecessor-version":[{"id":58479,"href":"https:\/\/unez.edu.mx\/index.php?rest_route=\/wp\/v2\/pages\/58445\/revisions\/58479"}],"wp:attachment":[{"href":"https:\/\/unez.edu.mx\/index.php?rest_route=%2Fwp%2Fv2%2Fmedia&parent=58445"}],"curies":[{"name":"wp","href":"https:\/\/api.w.org\/{rel}","templated":true}]}}