
{"id":58394,"date":"2024-01-03T16:38:40","date_gmt":"2024-01-03T22:38:40","guid":{"rendered":"https:\/\/unez.edu.mx\/?page_id=58394"},"modified":"2024-01-03T18:21:14","modified_gmt":"2024-01-04T00:21:14","slug":"maestria-en-gestion-y-administracion","status":"publish","type":"page","link":"https:\/\/unez.edu.mx\/?page_id=58394","title":{"rendered":"Maestr\u00eda en Gesti\u00f3n y Administraci\u00f3n"},"content":{"rendered":"<div class=\"wpb-content-wrapper\"><p>[vc_row][vc_column width=&#8221;1\/4&#8243;]<div class=\"sc-image sc-wrapbox sc-wrapbox-style-default rounded-corners sc-wrapbox-position-below\" style=\"\"><div class=\"sc-wrapbox-inner\"><img decoding=\"async\" class=\"sc-wrapbox-element img-responsive\" src=\"https:\/\/unez.edu.mx\/wp-content\/uploads\/2023\/07\/IMG_20220923_164523-scaled.jpg\" alt=\"\"\/><\/div><\/div>[vc_column_text]<strong>Solicita informaci\u00f3n en los siguientes t\u00e9lefonos:<\/strong><\/p>\n<p><strong>Tel. 81 83 01 21 48<\/strong><\/p>\n<p><strong><img loading=\"lazy\" decoding=\"async\" class=\"alignnone wp-image-57233\" src=\"https:\/\/unez.edu.mx\/wp-content\/uploads\/2023\/06\/whatsapp-300x300.png\" alt=\"\" width=\"25\" height=\"25\" srcset=\"https:\/\/unez.edu.mx\/wp-content\/uploads\/2023\/06\/whatsapp-300x300.png 300w, https:\/\/unez.edu.mx\/wp-content\/uploads\/2023\/06\/whatsapp-150x150.png 150w, https:\/\/unez.edu.mx\/wp-content\/uploads\/2023\/06\/whatsapp-256x256.png 256w, https:\/\/unez.edu.mx\/wp-content\/uploads\/2023\/06\/whatsapp.png 512w\" sizes=\"auto, (max-width: 25px) 100vw, 25px\" \/>\u00a0 WhatsApp: 81 32 56 55 47\u00a0<\/strong>[\/vc_column_text][\/vc_column][vc_column width=&#8221;3\/4&#8243;][vc_column_text]Universidad Emiliano Zapata, estudios con reconocimiento de validez oficial No. AL- III 280\/2010 de fecha del 3 de diciembre de 2010, otorgado por el gobierno del estado de Nuevo Le\u00f3n y publicado en el Peri\u00f3dico Oficial del 4 de marzo de 2011.<\/p>\n<p>El objetivo es formar individuos con un estilo de liderazgo comprometido, integrador y\u00a0 humanitario, que sean capaces de interactuar con las Instituciones P\u00fablicas y Privadas, adem\u00e1s el egresado se ocupara \u00a0de la planificaci\u00f3n, dise\u00f1o, desarrollo, innovaci\u00f3n y conversi\u00f3n de los sistemas tecnol\u00f3gicos.[\/vc_column_text][vc_tta_tabs][vc_tta_section title=&#8221;Requisitos&#8221; tab_id=&#8221;1487609400683-4ccd51ce-2b7f&#8221;][vc_column_text]El interesado en ingresar a estudiar la Maestr\u00eda\u00a0en Gesti\u00f3n y Administraci\u00f3n debe estar titulado a nivel profesional en el \u00e1rea de Administraci\u00f3n o una disciplina af\u00edn y cumplir con los requisitos acad\u00e9micos y de admisi\u00f3n, requeridos por la Universidad Emiliano Zapata de acuerdo a las caracter\u00edsticas del perfil solicitado, la direcci\u00f3n de servicios acad\u00e9micos establece un an\u00e1lisis de los requisitos de acceso especificados en el Reglamento Acad\u00e9mico de Alumnos.[\/vc_column_text][\/vc_tta_section][vc_tta_section title=&#8221;Perfil&#8221; tab_id=&#8221;1487609400723-dc5963bf-b014&#8243;][vc_column_text]<\/p>\n<ul>\n<li>Estar titulado a nivel profesional en el \u00e1rea de Administraci\u00f3n o una disciplina af\u00edn.<\/li>\n<li>Laborar en \u00e1reas de gesti\u00f3n, administraci\u00f3n.<\/li>\n<li>Mostar actitudes de liderazgo.<\/li>\n<\/ul>\n<p>CONOCIMIENTOS DE INGRESO<\/p>\n<ul>\n<li>Manejo de TICs: emplea nuevas tecnolog\u00edas de informaci\u00f3n y comunicaci\u00f3n, manejando la computadora a nivel usuario, procesando informaci\u00f3n en programas b\u00e1sicos: hojas de c\u00e1lculo, procesador de textos dise\u00f1o de presentaciones y usa internet.<\/li>\n<li>Administraci\u00f3n, Finanzas, o af\u00edn.<\/li>\n<li>Inform\u00e1tica.<\/li>\n<\/ul>\n<p>HABILIDADES.<\/p>\n<ul>\n<li>Habilidades comunicativas: expresa con claridad y precisi\u00f3n sus ideas en forma verbal o escrita.<\/li>\n<li>Habilidad para organizar, procesar y jerarquizar la informaci\u00f3n proveniente de diferentes fuentes.<\/li>\n<li>Anal\u00edtico, aprecia y practica la reflexi\u00f3n y an\u00e1lisis cr\u00edtico con tolerancia.<\/li>\n<li>Sentido de responsabilidad y buena actitud hacia el estudio.<\/li>\n<li>Capacidad de interrelacionarse para el trabajo en equipo.<\/li>\n<li>Aptitudes para el trabajo interdisciplinario.<\/li>\n<li>Aprecio por la reflexi\u00f3n y an\u00e1lisis cr\u00edtico.<\/li>\n<li>Habilidades matem\u00e1ticas: resuelve problemas con base en leyes, principios y procedimientos de la matem\u00e1tica.<\/li>\n<li>Habilidades investigativas: demuestra habilidades b\u00e1sicas para la investigaci\u00f3n cient\u00edfica.<\/li>\n<li>Comprensi\u00f3n lectora: analiza e interpreta textos, gr\u00e1ficos, esquemas e instrucciones atendiendo a intenciones comunicativas.<\/li>\n<li>Habilidades intelectuales y manejo de conocimientos b\u00e1sicos.<\/li>\n<\/ul>\n<p>ACTITUDES Y VALORES<\/p>\n<ul>\n<li>Principios: practica principios \u00e9ticos, morales, estilos de vida saludable y respeta el medio ambiente.<\/li>\n<li>Actitud y responsabilidad: practica la responsabilidad y buena actitud frente al estudio, a la investigaci\u00f3n a la calidad y al arte.<\/li>\n<li>Valora sus caracter\u00edsticas y potencialidades como ser humano, asumiendo con responsabilidad las consecuencias de sus acciones.<\/li>\n<li>Muestra respeto y tolerancia hacia los puntos de vista de los dem\u00e1s.<\/li>\n<\/ul>\n<p>PERFIL DE EGRESO<\/p>\n<p>El perfil de egreso de Maestr\u00eda en Gesti\u00f3n y Administraci\u00f3n en la modalidad mixta contar\u00e1 con las habilidades necesarias para:<\/p>\n<ul>\n<li>Dise\u00f1ar e implementar estrategias de acuerdo a la necesidad del mercado<\/li>\n<li>Utilizar y optimizar el uso de los recursos de la empresa.<\/li>\n<li>Manejar adecuadamente los recursos tecnol\u00f3gicos para satisfacer las necesidades de la empresa.<\/li>\n<li>Conocer los procesos administrativos de la empresa en las diferentes \u00e1reas funcionales.<\/li>\n<li>Dirigir la empresa con liderazgo estrat\u00e9gico<\/li>\n<li>Conocer los conceptos jur\u00eddicos necesarios para el manejo de una empresa.<\/li>\n<li>Analizar los entornos econ\u00f3micos, pol\u00edticos y sociales de las diferentes \u00e1reas de la empresa.<\/li>\n<\/ul>\n<p>[\/vc_column_text][\/vc_tta_section][vc_tta_section title=&#8221;\u00c1reas de Oportunidad&#8221; tab_id=&#8221;1487609637759-a3d41df3-1f0d&#8221;][vc_column_text]<span style=\"font-size: 13.5pt; color: black;\">La infraestructura tecnol\u00f3gica educativa, as\u00ed como los recursos cognitivos empleados, orientados al procesamiento de la informaci\u00f3n, permiten que el estudiante complemente su formaci\u00f3n escolar mediante actividades sustentadas en la interactividad mediante el uso de herramientas y recursos como la computadora, Internet, videoconferencias y todo aquello que permita al estudiante acceder profesionalmente al mundo moderno en que nos encontramos.<\/span><\/p>\n<p><span style=\"font-size: 13.5pt; color: black;\">En datos obtenidos del Observatorio Laboral de la Secretar\u00eda del Trabajo y Previsi\u00f3n Social, se expone que los egresados de las carreras econ\u00f3mico administrativas y posgrado de la misma \u00e1rea, colaboran en varias actividades econ\u00f3micas, entre las que destacan los servicios profesionales, financieros y corporativos, comercio, servicios sociales, industria manufacturera, gobierno y organismos internacionales. Lo antes se\u00f1alado se puede observar de manera gr\u00e1fica.<\/span>[\/vc_column_text][\/vc_tta_section][vc_tta_section title=&#8221;Plan de Estudio&#8221; tab_id=&#8221;1487609756132-0a95dcd8-b39c&#8221;][vc_column_text]PLAN DE ESTUDIO<\/p>\n<table width=\"600\">\n<tbody>\n<tr>\n<td colspan=\"7\" width=\"600\"><strong>PRIMER TETRAMESTRE <\/strong><\/td>\n<\/tr>\n<tr>\n<td width=\"103\"><strong>CLAVE <\/strong><\/td>\n<td width=\"132\"><strong>ASIGNATURA <\/strong><\/td>\n<td width=\"108\"><strong>SERIACI\u00d3N <\/strong><\/td>\n<td width=\"60\"><strong>HFD <\/strong><\/td>\n<td width=\"60\"><strong>HEI <\/strong><\/td>\n<td width=\"72\"><strong>THS <\/strong><\/td>\n<td width=\"65\"><strong>CRS <\/strong><\/td>\n<\/tr>\n<tr>\n<td width=\"103\">MGA-101<\/td>\n<td width=\"132\">Competencias y Habilidades Directivas<\/td>\n<td width=\"108\">NO TIENE<\/td>\n<td width=\"60\">2<\/td>\n<td width=\"60\">6<\/td>\n<td width=\"72\">8<\/td>\n<td width=\"65\">7<\/td>\n<\/tr>\n<tr>\n<td width=\"103\">MGA-102<\/td>\n<td width=\"132\">Entorno Global de las Organizaciones<\/td>\n<td width=\"108\">NO TIENE<\/td>\n<td width=\"60\">2<\/td>\n<td width=\"60\">6<\/td>\n<td width=\"72\">8<\/td>\n<td width=\"65\">7<\/td>\n<\/tr>\n<tr>\n<td width=\"103\"><\/td>\n<td width=\"132\"><strong>\u00a0<\/strong><\/td>\n<td width=\"108\"><strong>\u00a0<\/strong><\/td>\n<td width=\"60\"><strong>\u00a0<\/strong><\/td>\n<td width=\"60\"><strong>\u00a0<\/strong><\/td>\n<td width=\"72\"><strong>\u00a0<\/strong><\/td>\n<td width=\"65\"><strong>\u00a0<\/strong><\/td>\n<\/tr>\n<tr>\n<td width=\"103\"><\/td>\n<td width=\"132\"><strong>\u00a0<\/strong><\/td>\n<td width=\"108\"><strong>SUBTOTAL <\/strong><\/td>\n<td width=\"60\"><strong>4<\/strong><\/td>\n<td width=\"60\"><strong>12<\/strong><\/td>\n<td width=\"72\"><strong>16<\/strong><\/td>\n<td width=\"65\"><strong>14<\/strong><\/td>\n<\/tr>\n<\/tbody>\n<\/table>\n<p><strong>\u00a0<\/strong><\/p>\n<table width=\"600\">\n<tbody>\n<tr>\n<td colspan=\"7\" width=\"600\"><strong>SEGUNDO TETRAMESTRE <\/strong><\/td>\n<\/tr>\n<tr>\n<td width=\"103\"><strong>CLAVE <\/strong><\/td>\n<td width=\"132\"><strong>ASIGNATURA <\/strong><\/td>\n<td width=\"108\"><strong>SERIACI\u00d3N <\/strong><\/td>\n<td width=\"60\"><strong>HFD <\/strong><\/td>\n<td width=\"60\"><strong>HEI <\/strong><\/td>\n<td width=\"72\"><strong>THS <\/strong><\/td>\n<td width=\"65\"><strong>CRS <\/strong><\/td>\n<\/tr>\n<tr>\n<td width=\"103\">MGA-201<\/td>\n<td width=\"132\">Seminario de Liderazgo<\/td>\n<td width=\"108\">NO TIENE<\/td>\n<td width=\"60\">2<\/td>\n<td width=\"60\">6<\/td>\n<td width=\"72\">8<\/td>\n<td width=\"65\">7<\/td>\n<\/tr>\n<tr>\n<td width=\"103\">MGA-202<\/td>\n<td width=\"132\">M\u00e9todos Cuantitativos para la Toma de Decisiones.<\/td>\n<td width=\"108\">NO TIENE<\/td>\n<td width=\"60\">2<\/td>\n<td width=\"60\">6<\/td>\n<td width=\"72\">8<\/td>\n<td width=\"65\">7<\/td>\n<\/tr>\n<tr>\n<td width=\"103\"><\/td>\n<td width=\"132\"><strong>\u00a0<\/strong><\/td>\n<td width=\"108\"><strong>\u00a0<\/strong><\/td>\n<td width=\"60\"><strong>\u00a0<\/strong><\/td>\n<td width=\"60\"><strong>\u00a0<\/strong><\/td>\n<td width=\"72\"><strong>\u00a0<\/strong><\/td>\n<td width=\"65\"><strong>\u00a0<\/strong><\/td>\n<\/tr>\n<tr>\n<td width=\"103\"><\/td>\n<td width=\"132\"><strong>\u00a0<\/strong><\/td>\n<td width=\"108\"><strong>SUBTOTAL <\/strong><\/td>\n<td width=\"60\"><strong>4<\/strong><\/td>\n<td width=\"60\"><strong>12<\/strong><\/td>\n<td width=\"72\"><strong>16<\/strong><\/td>\n<td width=\"65\"><strong>14<\/strong><\/td>\n<\/tr>\n<\/tbody>\n<\/table>\n<p><strong>\u00a0<\/strong><\/p>\n<table width=\"600\">\n<tbody>\n<tr>\n<td colspan=\"7\" width=\"600\"><strong>TERCER TETRAMESTRE <\/strong><\/td>\n<\/tr>\n<tr>\n<td width=\"103\"><strong>CLAVE <\/strong><\/td>\n<td width=\"132\"><strong>ASIGNATURA <\/strong><\/td>\n<td width=\"108\"><strong>SERIACI\u00d3N <\/strong><\/td>\n<td width=\"60\"><strong>HFD <\/strong><\/td>\n<td width=\"60\"><strong>HEI <\/strong><\/td>\n<td width=\"72\"><strong>THS <\/strong><\/td>\n<td width=\"65\"><strong>CRS <\/strong><\/td>\n<\/tr>\n<tr>\n<td width=\"103\">MGA-301<\/td>\n<td width=\"132\">Gesti\u00f3n y Administraci\u00f3n de Proyectos<\/td>\n<td width=\"108\">NO TIENE<\/td>\n<td width=\"60\">2<\/td>\n<td width=\"60\">6<\/td>\n<td width=\"72\">8<\/td>\n<td width=\"65\">7<\/td>\n<\/tr>\n<tr>\n<td width=\"103\">MGA-302<\/td>\n<td width=\"132\">Administraci\u00f3n Contempor\u00e1nea de las Empresas.<\/td>\n<td width=\"108\">NO TIENE<\/td>\n<td width=\"60\">2<\/td>\n<td width=\"60\">6<\/td>\n<td width=\"72\">8<\/td>\n<td width=\"65\">7<\/td>\n<\/tr>\n<tr>\n<td width=\"103\"><\/td>\n<td width=\"132\"><strong>\u00a0<\/strong><\/td>\n<td width=\"108\"><strong>\u00a0<\/strong><\/td>\n<td width=\"60\"><strong>\u00a0<\/strong><\/td>\n<td width=\"60\"><strong>\u00a0<\/strong><\/td>\n<td width=\"72\"><strong>\u00a0<\/strong><\/td>\n<td width=\"65\"><strong>\u00a0<\/strong><\/td>\n<\/tr>\n<tr>\n<td width=\"103\"><\/td>\n<td width=\"132\"><strong>\u00a0<\/strong><\/td>\n<td width=\"108\"><strong>SUBTOTAL <\/strong><\/td>\n<td width=\"60\"><strong>4<\/strong><\/td>\n<td width=\"60\"><strong>12<\/strong><\/td>\n<td width=\"72\"><strong>16<\/strong><\/td>\n<td width=\"65\"><strong>14<\/strong><\/td>\n<\/tr>\n<\/tbody>\n<\/table>\n<p><strong>\u00a0<\/strong><\/p>\n<table width=\"600\">\n<tbody>\n<tr>\n<td colspan=\"7\" width=\"600\"><strong>CUARTO TETRAMESTRE <\/strong><\/td>\n<\/tr>\n<tr>\n<td width=\"103\"><strong>CLAVE <\/strong><\/td>\n<td width=\"132\"><strong>ASIGNATURA <\/strong><\/td>\n<td width=\"108\"><strong>SERIACI\u00d3N <\/strong><\/td>\n<td width=\"60\"><strong>HFD <\/strong><\/td>\n<td width=\"60\"><strong>HEI <\/strong><\/td>\n<td width=\"72\"><strong>THS <\/strong><\/td>\n<td width=\"65\"><strong>CRS <\/strong><\/td>\n<\/tr>\n<tr>\n<td width=\"103\">MGA-401<\/td>\n<td width=\"132\">Finanzas Corporativas<\/td>\n<td width=\"108\">NO TIENE<\/td>\n<td width=\"60\">2<\/td>\n<td width=\"60\">6<\/td>\n<td width=\"72\">8<\/td>\n<td width=\"65\">7<\/td>\n<\/tr>\n<tr>\n<td width=\"103\">MGA-402<\/td>\n<td width=\"132\">Seminario de Investigaci\u00f3n<\/td>\n<td width=\"108\">NO TIENE<\/td>\n<td width=\"60\">2<\/td>\n<td width=\"60\">6<\/td>\n<td width=\"72\">8<\/td>\n<td width=\"65\">7<\/td>\n<\/tr>\n<tr>\n<td width=\"103\"><\/td>\n<td width=\"132\"><strong>\u00a0<\/strong><\/td>\n<td width=\"108\"><strong>\u00a0<\/strong><\/td>\n<td width=\"60\"><strong>\u00a0<\/strong><\/td>\n<td width=\"60\"><strong>\u00a0<\/strong><\/td>\n<td width=\"72\"><strong>\u00a0<\/strong><\/td>\n<td width=\"65\"><strong>\u00a0<\/strong><\/td>\n<\/tr>\n<tr>\n<td width=\"103\"><\/td>\n<td width=\"132\"><strong>\u00a0<\/strong><\/td>\n<td width=\"108\"><strong>SUBTOTAL <\/strong><\/td>\n<td width=\"60\"><strong>4<\/strong><\/td>\n<td width=\"60\"><strong>12<\/strong><\/td>\n<td width=\"72\"><strong>16<\/strong><\/td>\n<td width=\"65\"><strong>14<\/strong><\/td>\n<\/tr>\n<\/tbody>\n<\/table>\n<p><strong>\u00a0<\/strong><\/p>\n<table width=\"600\">\n<tbody>\n<tr>\n<td colspan=\"7\" width=\"600\"><strong>QUINTO TETRAMESTRE <\/strong><\/td>\n<\/tr>\n<tr>\n<td width=\"103\"><strong>CLAVE <\/strong><\/td>\n<td width=\"132\"><strong>ASIGNATURA <\/strong><\/td>\n<td width=\"108\"><strong>SERIACI\u00d3N <\/strong><\/td>\n<td width=\"60\"><strong>HFD <\/strong><\/td>\n<td width=\"60\"><strong>HEI <\/strong><\/td>\n<td width=\"72\"><strong>THS <\/strong><\/td>\n<td width=\"65\"><strong>CRS <\/strong><\/td>\n<\/tr>\n<tr>\n<td width=\"103\">MGA-501<\/td>\n<td width=\"132\">Administraci\u00f3n Estrat\u00e9gica<\/td>\n<td width=\"108\">NO TIENE<\/td>\n<td width=\"60\">2<\/td>\n<td width=\"60\">6<\/td>\n<td width=\"72\">8<\/td>\n<td width=\"65\">7<\/td>\n<\/tr>\n<tr>\n<td width=\"103\">MGA-502<\/td>\n<td width=\"132\">Seminario de Capital Humano y Clima Organizacional<\/td>\n<td width=\"108\">NO TIENE<\/td>\n<td width=\"60\">2<\/td>\n<td width=\"60\">6<\/td>\n<td width=\"72\">8<\/td>\n<td width=\"65\">7<\/td>\n<\/tr>\n<tr>\n<td width=\"103\"><\/td>\n<td width=\"132\"><strong>\u00a0<\/strong><\/td>\n<td width=\"108\"><strong>\u00a0<\/strong><\/td>\n<td width=\"60\"><strong>\u00a0<\/strong><\/td>\n<td width=\"60\"><strong>\u00a0<\/strong><\/td>\n<td width=\"72\"><strong>\u00a0<\/strong><\/td>\n<td width=\"65\"><strong>\u00a0<\/strong><\/td>\n<\/tr>\n<tr>\n<td width=\"103\"><\/td>\n<td width=\"132\"><strong>\u00a0<\/strong><\/td>\n<td width=\"108\"><strong>SUBTOTAL <\/strong><\/td>\n<td width=\"60\"><strong>4<\/strong><\/td>\n<td width=\"60\"><strong>12<\/strong><\/td>\n<td width=\"72\"><strong>16<\/strong><\/td>\n<td width=\"65\"><strong>14<\/strong><\/td>\n<\/tr>\n<\/tbody>\n<\/table>\n<p><strong>\u00a0<\/strong><strong>\u00a0<\/strong><\/p>\n<table width=\"600\">\n<tbody>\n<tr>\n<td colspan=\"7\" width=\"600\"><strong>SEXTO TETRAMESTRE <\/strong><\/td>\n<\/tr>\n<tr>\n<td width=\"103\"><strong>CLAVE <\/strong><\/td>\n<td width=\"132\"><strong>ASIGNATURA <\/strong><\/td>\n<td width=\"108\"><strong>SERIACI\u00d3N <\/strong><\/td>\n<td width=\"60\"><strong>HFD <\/strong><\/td>\n<td width=\"60\"><strong>HEI <\/strong><\/td>\n<td width=\"72\"><strong>THS <\/strong><\/td>\n<td width=\"65\"><strong>CRS <\/strong><\/td>\n<\/tr>\n<tr>\n<td width=\"103\">MGA-601<\/td>\n<td width=\"132\">Gesti\u00f3n, Competitividad e Innovaci\u00f3n en los Negocios<\/td>\n<td width=\"108\">NO TIENE<\/td>\n<td width=\"60\">2<\/td>\n<td width=\"60\">6<\/td>\n<td width=\"72\">8<\/td>\n<td width=\"65\">7<\/td>\n<\/tr>\n<tr>\n<td width=\"103\">MGA-602<\/td>\n<td width=\"132\">Seminario de investigaci\u00f3n de mercados<\/td>\n<td width=\"108\">NO TIENE<\/td>\n<td width=\"60\">2<\/td>\n<td width=\"60\">6<\/td>\n<td width=\"72\">8<\/td>\n<td width=\"65\">7<\/td>\n<\/tr>\n<tr>\n<td width=\"103\"><\/td>\n<td width=\"132\"><strong>\u00a0<\/strong><\/td>\n<td width=\"108\"><strong>\u00a0<\/strong><\/td>\n<td width=\"60\"><strong>\u00a0<\/strong><\/td>\n<td width=\"60\"><strong>\u00a0<\/strong><\/td>\n<td width=\"72\"><strong>\u00a0<\/strong><\/td>\n<td width=\"65\"><strong>\u00a0<\/strong><\/td>\n<\/tr>\n<tr>\n<td width=\"103\"><\/td>\n<td width=\"132\"><strong>\u00a0<\/strong><\/td>\n<td width=\"108\"><strong>SUBTOTAL <\/strong><\/td>\n<td width=\"60\"><strong>4<\/strong><\/td>\n<td width=\"60\"><strong>12<\/strong><\/td>\n<td width=\"72\"><strong>16<\/strong><\/td>\n<td width=\"65\"><strong>14<\/strong><\/td>\n<\/tr>\n<\/tbody>\n<\/table>\n<p>[\/vc_column_text][\/vc_tta_section][\/vc_tta_tabs][\/vc_column][\/vc_row]<\/p>\n<\/div>","protected":false},"excerpt":{"rendered":"<p>[vc_row][vc_column width=&#8221;1\/4&#8243;][vc_column_text]Solicita informaci\u00f3n en los siguientes t\u00e9lefonos: Tel. 81 83 01 21 48 \u00a0 WhatsApp: 81 32 56 55 47\u00a0[\/vc_column_text][\/vc_column][vc_column&#8230;<\/p>\n","protected":false},"author":13,"featured_media":0,"parent":0,"menu_order":0,"comment_status":"closed","ping_status":"closed","template":"","meta":{"_joinchat":[],"footnotes":""},"class_list":["post-58394","page","type-page","status-publish","hentry"],"_links":{"self":[{"href":"https:\/\/unez.edu.mx\/index.php?rest_route=\/wp\/v2\/pages\/58394","targetHints":{"allow":["GET"]}}],"collection":[{"href":"https:\/\/unez.edu.mx\/index.php?rest_route=\/wp\/v2\/pages"}],"about":[{"href":"https:\/\/unez.edu.mx\/index.php?rest_route=\/wp\/v2\/types\/page"}],"author":[{"embeddable":true,"href":"https:\/\/unez.edu.mx\/index.php?rest_route=\/wp\/v2\/users\/13"}],"replies":[{"embeddable":true,"href":"https:\/\/unez.edu.mx\/index.php?rest_route=%2Fwp%2Fv2%2Fcomments&post=58394"}],"version-history":[{"count":4,"href":"https:\/\/unez.edu.mx\/index.php?rest_route=\/wp\/v2\/pages\/58394\/revisions"}],"predecessor-version":[{"id":58401,"href":"https:\/\/unez.edu.mx\/index.php?rest_route=\/wp\/v2\/pages\/58394\/revisions\/58401"}],"wp:attachment":[{"href":"https:\/\/unez.edu.mx\/index.php?rest_route=%2Fwp%2Fv2%2Fmedia&parent=58394"}],"curies":[{"name":"wp","href":"https:\/\/api.w.org\/{rel}","templated":true}]}}