
{"id":58330,"date":"2023-11-07T18:55:45","date_gmt":"2023-11-08T00:55:45","guid":{"rendered":"https:\/\/unez.edu.mx\/?page_id=58330"},"modified":"2023-11-07T18:56:55","modified_gmt":"2023-11-08T00:56:55","slug":"informes","status":"publish","type":"page","link":"https:\/\/unez.edu.mx\/?page_id=58330","title":{"rendered":"Informes"},"content":{"rendered":"<div class=\"frm_forms  with_frm_style frm_style_formidable-style\" id=\"frm_form_6_container\" >\n<form enctype=\"multipart\/form-data\" method=\"post\" class=\"frm-show-form  frm_pro_form  frm_slideup \" id=\"form_contact-form1019ac1016e\" >\n<div class=\"frm_form_fields \">\n<fieldset>\n<legend class=\"frm_screen_reader\">\u00bfTe interesa formar parte de la comunidad estudiantil UNEZ?<\/legend>\r\n\r\n<div class=\"frm_fields_container\">\n<input type=\"hidden\" name=\"frm_action\" value=\"create\" \/>\n<input type=\"hidden\" name=\"form_id\" value=\"6\" \/>\n<input type=\"hidden\" name=\"frm_hide_fields_6\" id=\"frm_hide_fields_6\" value=\"\" \/>\n<input type=\"hidden\" name=\"form_key\" value=\"contact-form1019ac1016e\" \/>\n<input type=\"hidden\" name=\"item_meta[0]\" value=\"\" \/>\n<input type=\"hidden\" id=\"frm_submit_entry_6\" name=\"frm_submit_entry_6\" value=\"5aa70358a0\" \/><input type=\"hidden\" name=\"_wp_http_referer\" value=\"\/index.php?rest_route=%2Fwp%2Fv2%2Fpages%2F58330\" \/><div id=\"frm_field_244_container\" class=\"frm_form_field frm_section_heading form-field  frm_full\">\r\n<h3 class=\"frm_pos_top frm_section_spacing\">Captura tus datos y un asesor se comunicar\u00e1 contigo para brindarte informaci\u00f3n:<\/h3>\r\n\r\n\r\n<div id=\"frm_field_245_container\" class=\"frm_form_field form-field  frm_required_field frm_top_container frm_full\">\r\n    <label for=\"field_email4b0dd13794a814a1aac4\" id=\"field_email4b0dd13794a814a1aac4_label\" class=\"frm_primary_label\">Nombre completo\r\n        <span class=\"frm_required\">*<\/span>\r\n    <\/label>\r\n    <input  type=\"text\" id=\"field_email4b0dd13794a814a1aac4\" name=\"item_meta[245]\" value=\"\"  data-sectionid=\"244\"  data-reqmsg=\"Este campo no puede estar vac\u00edo.\" aria-required=\"true\" data-invmsg=\"Nombre completo is invalid\" aria-invalid=\"false\"   \/>\r\n    \r\n    \r\n<\/div>\n<div id=\"frm_field_303_container\" class=\"frm_form_field form-field  frm_required_field frm_top_container frm_full\">\r\n    <label for=\"field_w9mbd\" id=\"field_w9mbd_label\" class=\"frm_primary_label\">Direcci\u00f3n de correo electr\u00f3nico \r\n        <span class=\"frm_required\">*<\/span>\r\n    <\/label>\r\n    <input type=\"email\" id=\"field_w9mbd\" name=\"item_meta[303]\" value=\"\"  data-sectionid=\"244\"  data-reqmsg=\"Este campo no puede estar vac\u00edo.\" aria-required=\"true\" data-invmsg=\"Por favor, introduce una direcci\u00f3n de correo electr\u00f3nico v\u00e1lida\" aria-invalid=\"false\"  \/>\r\n    \r\n    \r\n<\/div>\n<div id=\"frm_field_246_container\" class=\"frm_form_field form-field  frm_required_field frm_top_container\">\r\n    <label for=\"field_z01ns50fcde54d0\" id=\"field_z01ns50fcde54d0_label\" class=\"frm_primary_label\">Numero de telefono o celular\r\n        <span class=\"frm_required\">*<\/span>\r\n    <\/label>\r\n    <input type=\"tel\" id=\"field_z01ns50fcde54d0\" name=\"item_meta[246]\" value=\"\"  data-sectionid=\"244\"  data-reqmsg=\"Este campo no puede estar vac\u00edo.\" aria-required=\"true\" data-invmsg=\"Text is invalid\" aria-invalid=\"false\" pattern=\"((\\+\\d{1,3}(-|.| )?\\(?\\d\\)?(-| |.)?\\d{1,5})|(\\(?\\d{2,6}\\)?))(-|.| )?(\\d{3,4})(-|.| )?(\\d{4})(( x| ext)\\d{1,5}){0,1}$\"  \/>\r\n    \r\n    \r\n<\/div>\n<div id=\"frm_field_248_container\" class=\"frm_form_field form-field  frm_required_field frm_top_container\">\r\n    <label for=\"field_csxtra0383c01e56844476e29\" id=\"field_csxtra0383c01e56844476e29_label\" class=\"frm_primary_label\">Carrera de \u00ednteres\r\n        <span class=\"frm_required\">*<\/span>\r\n    <\/label>\r\n    \t\t<select name=\"item_meta[248]\" id=\"field_csxtra0383c01e56844476e29\"  data-sectionid=\"244\"  data-frmval=\"Licenciatura en Administraci\u00f3n de Empresas\" data-reqmsg=\"Este campo no puede estar vac\u00edo selecciona una Ingenier\u00eda\" aria-required=\"true\" data-invmsg=\"Carrera de \u00ednteres is invalid\" aria-invalid=\"false\"  >\n\t\t<option  value=\"Licenciatura en Administraci\u00f3n de Empresas\" selected='selected'>Licenciatura en Administraci\u00f3n de Empresas<\/option><option  value=\"Licenciatura en Banca y Finanzas\">Licenciatura en Banca y Finanzas<\/option><option  value=\"Licenciatura en Contador P\u00fablico y Auditor\">Licenciatura en Contador P\u00fablico y Auditor<\/option><option  value=\"Licenciatura en Educaci\u00f3n Inicial y Preescolar\">Licenciatura en Educaci\u00f3n Inicial y Preescolar<\/option><option  value=\"Licenciatura en Enfermer\u00eda y Obstetricia\">Licenciatura en Enfermer\u00eda y Obstetricia<\/option><option  value=\"Licenciatura en M\u00e9dico Cirujano\">Licenciatura en M\u00e9dico Cirujano<\/option><option  value=\"Licenciatura en Psicolog\u00eda y Neurociencias\">Licenciatura en Psicolog\u00eda y Neurociencias<\/option><option  value=\"Licenciatura en Trabajo Social y Comunitario\">Licenciatura en Trabajo Social y Comunitario<\/option><option  value=\"Ingeniero Arquitecto\">Ingeniero Arquitecto<\/option><option  value=\"Ingeniero en Dise\u00f1o Industrial e Innovaci\u00f3n Tecnol\u00f3gica\">Ingeniero en Dise\u00f1o Industrial e Innovaci\u00f3n Tecnol\u00f3gica<\/option><option  value=\"Ingenier\u00eda Industrial y de Log\u00edstica\">Ingenier\u00eda Industrial y de Log\u00edstica<\/option><option  value=\"Ingenier\u00eda en Mecatr\u00f3nica\">Ingenier\u00eda en Mecatr\u00f3nica<\/option><option  value=\"Ingenier\u00eda en Mec\u00e1nica Automotriz\">Ingenier\u00eda en Mec\u00e1nica Automotriz<\/option><option  value=\"Ingenier\u00eda en Sistemas Computacionales\">Ingenier\u00eda en Sistemas Computacionales<\/option><option  value=\"Maestr\u00eda en Ingenier\u00eda Industrial y en Sistemas\">Maestr\u00eda en Ingenier\u00eda Industrial y en Sistemas<\/option>\t<\/select>\n\t\r\n    \r\n    \r\n<\/div>\n<\/div>\n<div id=\"frm_field_2522_container\" class=\"frm_form_field form-field \">\n\t<div class=\"frm_submit\">\r\n\r\n<button class=\"frm_button_submit frm_final_submit\" type=\"submit\"   formnovalidate=\"formnovalidate\">Enviar registro<\/button>\r\n\r\n<\/div>\n<\/div>\n\t<input type=\"hidden\" name=\"item_key\" value=\"\" \/>\n\t\t\t<div id=\"frm_field_2735_container\">\n\t\t\t<label for=\"field_1kxaw\" >\n\t\t\t\tIf you are human, leave this field blank.\t\t\t<\/label>\n\t\t\t<input  id=\"field_1kxaw\" type=\"text\" class=\"frm_form_field form-field frm_verify\" name=\"item_meta[2735]\" value=\"\"  \/>\n\t\t<\/div>\n\t\t<input name=\"frm_state\" type=\"hidden\" value=\"APczMP4WcI+Be99+DUWjuwTUF2iwopn63yXsedrHKK2UH0gEIC1Vcf2+3Yoy9jAI\" \/><\/div>\n<\/fieldset>\n<\/div>\n\n<\/form>\n<\/div>\n\n","protected":false},"excerpt":{"rendered":"","protected":false},"author":13,"featured_media":0,"parent":0,"menu_order":0,"comment_status":"closed","ping_status":"closed","template":"","meta":{"_joinchat":[],"footnotes":""},"class_list":["post-58330","page","type-page","status-publish","hentry"],"_links":{"self":[{"href":"https:\/\/unez.edu.mx\/index.php?rest_route=\/wp\/v2\/pages\/58330","targetHints":{"allow":["GET"]}}],"collection":[{"href":"https:\/\/unez.edu.mx\/index.php?rest_route=\/wp\/v2\/pages"}],"about":[{"href":"https:\/\/unez.edu.mx\/index.php?rest_route=\/wp\/v2\/types\/page"}],"author":[{"embeddable":true,"href":"https:\/\/unez.edu.mx\/index.php?rest_route=\/wp\/v2\/users\/13"}],"replies":[{"embeddable":true,"href":"https:\/\/unez.edu.mx\/index.php?rest_route=%2Fwp%2Fv2%2Fcomments&post=58330"}],"version-history":[{"count":2,"href":"https:\/\/unez.edu.mx\/index.php?rest_route=\/wp\/v2\/pages\/58330\/revisions"}],"predecessor-version":[{"id":58332,"href":"https:\/\/unez.edu.mx\/index.php?rest_route=\/wp\/v2\/pages\/58330\/revisions\/58332"}],"wp:attachment":[{"href":"https:\/\/unez.edu.mx\/index.php?rest_route=%2Fwp%2Fv2%2Fmedia&parent=58330"}],"curies":[{"name":"wp","href":"https:\/\/api.w.org\/{rel}","templated":true}]}}