
{"id":57736,"date":"2023-07-29T19:56:01","date_gmt":"2023-07-30T01:56:01","guid":{"rendered":"https:\/\/unez.edu.mx\/?page_id=57736"},"modified":"2023-08-31T13:02:22","modified_gmt":"2023-08-31T19:02:22","slug":"maestria-en-ingenieria-industrial-en-sistemas","status":"publish","type":"page","link":"https:\/\/unez.edu.mx\/?page_id=57736","title":{"rendered":"Maestr\u00eda en Ingenier\u00eda Industrial en Sistemas"},"content":{"rendered":"<div class=\"wpb-content-wrapper\"><p>[vc_row][vc_column width=&#8221;1\/4&#8243;]<div class=\"sc-image sc-wrapbox sc-wrapbox-style-default rounded-corners sc-wrapbox-position-below\" style=\"\"><div class=\"sc-wrapbox-inner\"><img decoding=\"async\" class=\"sc-wrapbox-element img-responsive\" src=\"https:\/\/unez.edu.mx\/wp-content\/uploads\/2023\/07\/IMG_20220923_164523-scaled.jpg\" alt=\"\"\/><\/div><\/div>[vc_column_text]<strong>Solicita informaci\u00f3n en los siguientes t\u00e9lefonos:<\/strong><\/p>\n<p><strong>Tel. 81 83 01 21 48<\/strong><\/p>\n<p><strong><img loading=\"lazy\" decoding=\"async\" class=\"alignnone wp-image-57233\" src=\"https:\/\/unez.edu.mx\/wp-content\/uploads\/2023\/06\/whatsapp-300x300.png\" alt=\"\" width=\"25\" height=\"25\" srcset=\"https:\/\/unez.edu.mx\/wp-content\/uploads\/2023\/06\/whatsapp-300x300.png 300w, https:\/\/unez.edu.mx\/wp-content\/uploads\/2023\/06\/whatsapp-150x150.png 150w, https:\/\/unez.edu.mx\/wp-content\/uploads\/2023\/06\/whatsapp-256x256.png 256w, https:\/\/unez.edu.mx\/wp-content\/uploads\/2023\/06\/whatsapp.png 512w\" sizes=\"auto, (max-width: 25px) 100vw, 25px\" \/>\u00a0 WhatsApp: 81 32 56 55 47\u00a0<\/strong>[\/vc_column_text][\/vc_column][vc_column width=&#8221;3\/4&#8243;][vc_column_text]Universidad Emiliano Zapata, estudios con reconocimiento de validez oficial No. AL- III 280\/2010 de fecha del 3 de diciembre de 2010, otorgado por el gobierno del estado de Nuevo Le\u00f3n y publicado en el Peri\u00f3dico Oficial del 4 de marzo de 2011.<\/p>\n<p>El objetivo es formar individuos con un estilo de liderazgo comprometido, integrador y\u00a0 humanitario, que sean capaces de interactuar con las Instituciones P\u00fablicas y Privadas, adem\u00e1s el egresado se ocupara \u00a0de la planificaci\u00f3n, dise\u00f1o, desarrollo, innovaci\u00f3n y conversi\u00f3n de los sistemas tecnol\u00f3gicos.[\/vc_column_text][vc_tta_tabs][vc_tta_section title=&#8221;Requisitos&#8221; tab_id=&#8221;1487609400683-4ccd51ce-2b7f&#8221;][vc_column_text]El interesado en ingresar a estudiar la Maestria\u00a0 en Ingenier\u00eda Industrial en Sistemas debe estar titulado a nivel profesional en el \u00e1rea de ingenier\u00eda o una disciplina af\u00edn y cumplir con los requisitos acad\u00e9micos y de admisi\u00f3n, requeridos por la Universidad Emiliano Zapata de acuerdo a las caracter\u00edsticas del perfil solicitado, la direcci\u00f3n de servicios acad\u00e9micos establece un an\u00e1lisis de los requisitos de acceso especificados en el Reglamento Acad\u00e9mico de Alumnos.[\/vc_column_text][\/vc_tta_section][vc_tta_section title=&#8221;Perfil&#8221; tab_id=&#8221;1487609400723-dc5963bf-b014&#8243;][vc_column_text]<\/p>\n<p style=\"text-align: center;\"><strong>Perfil de Ingreso<\/strong><\/p>\n<ul>\n<li>Estar titulado a nivel profesional en el \u00e1rea de ingenier\u00eda o una disciplina af\u00edn.<\/li>\n<li>Laborar en \u00e1reas de producci\u00f3n, calidad, sistemas, operaciones y log\u00edstica<\/li>\n<li>Mostrar actitudes de liderazgo.<\/li>\n<\/ul>\n<p><strong>Conocimientos de Ingreso<\/strong><\/p>\n<ul>\n<li>Administraci\u00f3n en cadena de suministros<\/li>\n<li>Administraci\u00f3n en la optimizaci\u00f3n de procesos<\/li>\n<li>Conocimientos de sistemas tecnol\u00f3gicos aplicados en todas las \u00e1reas de la empresa<\/li>\n<li>Simulaci\u00f3n de sistemas<\/li>\n<li>Conocimiento en dise\u00f1o de sistemas log\u00edsticos<\/li>\n<li>Conocimiento en dise\u00f1o de sistemas en innovaci\u00f3n<\/li>\n<li>Toma de decisiones en resoluci\u00f3n de problemas cuantitativos y cualitativos<\/li>\n<li>Administraci\u00f3n en sistemas de producci\u00f3n y calidad<\/li>\n<\/ul>\n<p><strong>Habilidades<\/strong><\/p>\n<ul>\n<li>Manejo de software avanzado<\/li>\n<li>Direcci\u00f3n de Liderazgo<\/li>\n<li>Habilidades y Razonamiento en la toma de decisiones<\/li>\n<li>Habilidades en la elaboraci\u00f3n de proyectos empresariales<\/li>\n<li>Dise\u00f1o de sistemas<\/li>\n<li>Trabajo en equipo efectivo<\/li>\n<\/ul>\n<p><strong>Actitudes y valores<\/strong><\/p>\n<ul>\n<li>\u00c9tico y responsable<\/li>\n<li>Alto sentido de compromiso en desarrollo de proyectos<\/li>\n<li>Eficiente<\/li>\n<li>Productivo<\/li>\n<li>Innovador Y Creativo<\/li>\n<\/ul>\n<p style=\"text-align: center;\"><strong>Perfil de Egreso.<\/strong><\/p>\n<p>El egresado y\u00a0 profesores deber\u00e1n practicar y promover las actitudes y valores siguientes<\/p>\n<ul>\n<li>Tener una actitud positiva hacia el trabajo en equipo y multidisciplinario.<\/li>\n<li>Enfrentar las tareas que se le encomienden con seguridad y confianza en s\u00ed mismo, pero sobre todo con responsabilidad y dedicaci\u00f3n.<\/li>\n<li>Mantenerse al tanto de los avances tecnol\u00f3gicos, la regularizaci\u00f3n y la normatividad en su campo de acci\u00f3n.<\/li>\n<li>Mostrar iniciativa y liderazgo en todos los \u00e1mbitos del ejercicio profesional, que incluya la b\u00fasqueda de \u00e1reas de oportunidad para el desarrollo tecnol\u00f3gico, el incremento de las fuentes de trabajo mediante la creaci\u00f3n de empresas, la buena disposici\u00f3n hacia las relaciones humanas y la b\u00fasqueda de la calidad, y la atenci\u00f3n a la relaci\u00f3n costo-beneficio, dando cuenta del uso adecuado de los recursos.<\/li>\n<li>Ejercer la profesi\u00f3n responsablemente, atendiendo a los principios y valores \u00e9ticos que obligan a la probidad y la honestidad.<\/li>\n<li>Respetar los derechos que implica la dignidad de la condici\u00f3n humana, en particular la de los subordinados.<\/li>\n<li>Tener la disposici\u00f3n de promover y participar en el proceso educativo de los subordinados y compa\u00f1eros de trabajo.<\/li>\n<li>Asumir\u00a0 la necesidad de un aprendizaje continuo.<\/li>\n<li>Tener conciencia del ahorro de energ\u00eda y del impacto ambiental en el desarrollo de sus actividades<\/li>\n<\/ul>\n<p><strong>Perfil del egresado.<\/strong><\/p>\n<p><strong>Conocimientos.<\/strong><\/p>\n<ul>\n<li style=\"list-style-type: none;\">\n<ul>\n<li>Administraci\u00f3n en cadena de suministros<\/li>\n<li>Administraci\u00f3n en la optimizaci\u00f3n de procesos<\/li>\n<li>Conocimientos de sistemas tecnol\u00f3gicos aplicados en todas las \u00e1reas de la empresa<\/li>\n<li>Simulaci\u00f3n de sistemas<\/li>\n<li>Conocimiento en dise\u00f1o de sistemas log\u00edsticos<\/li>\n<li>Conocimiento en dise\u00f1o de sistemas en innovaci\u00f3n<\/li>\n<li>Toma de decisiones en resoluci\u00f3n de problemas cuantitativos y cualitativos<\/li>\n<li>Administraci\u00f3n en sistemas de producci\u00f3n y calidad<\/li>\n<\/ul>\n<\/li>\n<\/ul>\n<p><strong>\u00a0 \u00a0 \u00a0 \u00a0 \u00a0 \u00a0<\/strong><strong>Habilidades. \u00a0<\/strong><\/p>\n<ul>\n<li style=\"list-style-type: none;\">\n<ul>\n<li>Manejo de software avanzado<\/li>\n<li>Direcci\u00f3n de Liderazgo<\/li>\n<li>Habilidades y Razonamiento en la toma de decisiones<\/li>\n<li>Habilidades en la elaboraci\u00f3n de proyectos empresariales<\/li>\n<li>Dise\u00f1o de sistemas<\/li>\n<li>Trabajo en equipo efectivo<\/li>\n<\/ul>\n<\/li>\n<\/ul>\n<p><strong>\u00a0 \u00a0 \u00a0 \u00a0 \u00a0 \u00a0Actitudes.<\/strong><\/p>\n<ul>\n<li style=\"list-style-type: none;\">\n<ul>\n<li>Manejo de software avanzado<\/li>\n<li>Direcci\u00f3n de Liderazgo<\/li>\n<li>Habilidades y Razonamiento en la toma de decisiones<\/li>\n<li>Habilidades en la elaboraci\u00f3n de proyectos empresariales<\/li>\n<li>Dise\u00f1o de sistemas<\/li>\n<li>Trabajo en equipo efectivo<\/li>\n<\/ul>\n<\/li>\n<\/ul>\n<p style=\"padding-left: 40px;\"><strong>Valores<\/strong><\/p>\n<ul>\n<li style=\"list-style-type: none;\">\n<ul>\n<li>Responsabilidad para el ejercicio de su vida personal y profesional.<\/li>\n<li>Respeto, para s\u00ed mismo, hacia los dem\u00e1s, para la vida y por el medio ambiente.<\/li>\n<li>Tolerancia por la diversidad de las ideas.<\/li>\n<li>Integridad, utilizando esta virtud como recurso para fomentar los valores en otras personas.<\/li>\n<li>Compromiso con sus estudios, con su pa\u00eds y con sus semejantes. Asumir los compromisos y enfrentar sus responsabilidades les permitir\u00e1 cumplir con las normas establecidas.<\/li>\n<li>Honestidad. Como valor que conduce al reconocimiento de las virtudes y al conocimiento de las carencias propias para reconocer sus l\u00edmites y plantearse un plan de vida deseable.<\/li>\n<\/ul>\n<\/li>\n<\/ul>\n<p>[\/vc_column_text][\/vc_tta_section][vc_tta_section title=&#8221;\u00c1reas de Oportunidad&#8221; tab_id=&#8221;1487609637759-a3d41df3-1f0d&#8221;][vc_column_text]El impacto social, cultural, tecnol\u00f3gico y educativo de la globalizaci\u00f3n de las econom\u00edas y el gran desarrollo de la inform\u00e1tica, las telecomunicaciones y tecnolog\u00edas de punta, que determinan nuestro entorno, hace \u00e9nfasis en la utilizaci\u00f3n de sistemas computacionales que nos permitan solucionar los retos, tanto de las microempresas como de las grandes organizaciones.\u00a0 La Maestr\u00eda en Ingenier\u00eda Log\u00edstica en Sistemas, es un \u00e1rea del saber que tiene aplicaciones en la mayor\u00eda de las actividades humanas, el profesionista en esta \u00e1rea podr\u00e1 laborar en cualquier tipo de organizaci\u00f3n, sea p\u00fablica, privada, mixta, grande o peque\u00f1a ya sea como miembro de esta o como consultor independiente. Por otro lado, tambi\u00e9n podr\u00e1 emplearse en el \u00e1rea acad\u00e9mica como instructor y\/o investigador.<\/p>\n<p>De los factores m\u00e1s decisivos en el proceso de industrializaci\u00f3n del pa\u00eds. En caso de que se espere a tener una gran demanda para despu\u00e9s crear estas carreras, se estar\u00e1n propiciando las condiciones para que esta gran demanda nunca llegue a darse. Las experiencias de los pa\u00edses que primero han tenido una masa cr\u00edtica de profesionistas bien preparados antes de su industrializaci\u00f3n, es que han sido capaces de tener procesos de desarrollo muy r\u00e1pido (por ejemplo, Espa\u00f1a y los pa\u00edses del antiguo bloque socialista), y los pa\u00edses que han tenido procesos de industrializaci\u00f3n r\u00e1pidos antes de contar con recursos humanos en n\u00famero y calidad suficiente, despu\u00e9s han tenido que hacer esfuerzos extraordinarios para preparar su gente en cortos periodos (por ejemplo los pa\u00edses del sureste asi\u00e1tico).[\/vc_column_text][\/vc_tta_section][vc_tta_section title=&#8221;Plan de Estudio&#8221; tab_id=&#8221;1487609756132-0a95dcd8-b39c&#8221;][vc_column_text]<\/p>\n<p style=\"text-align: center;\"><strong>\u00a0Plan de Estudios<\/strong><\/p>\n<table width=\"600\">\n<tbody>\n<tr>\n<td colspan=\"7\" width=\"600\"><strong>PRIMER TETRAMESTRE <\/strong><\/td>\n<\/tr>\n<tr>\n<td width=\"103\"><strong>CLAVE<\/strong><\/td>\n<td width=\"132\"><strong>ASIGNATURA<\/strong><\/td>\n<td width=\"108\"><strong>SERIACI\u00d3N<\/strong><\/td>\n<td width=\"60\"><strong>HFD<\/strong><\/td>\n<td width=\"60\"><strong>HEI<\/strong><\/td>\n<td width=\"72\"><strong>THS<\/strong><\/td>\n<td width=\"65\"><strong>CRS<\/strong><\/td>\n<\/tr>\n<tr>\n<td width=\"103\">&nbsp;<\/p>\n<p>MIISMIC-123<\/td>\n<td width=\"132\">METODOLOGIA DE LA INVESTIGACION CIENTIFICA<\/td>\n<td width=\"108\"><strong>&#8212;&#8211;<\/strong><\/td>\n<td width=\"60\">&nbsp;<\/p>\n<p>4<\/td>\n<td width=\"60\">&nbsp;<\/p>\n<p>4<\/td>\n<td width=\"72\">&nbsp;<\/p>\n<p>8<\/td>\n<td width=\"65\"><strong>\u00a0<\/strong><\/p>\n<p><strong>7<\/strong><\/td>\n<\/tr>\n<tr>\n<td width=\"103\">&nbsp;<\/p>\n<p>MIISPEI-123<\/td>\n<td width=\"132\">PROBABILIDAD Y ESTADISTICA APLICADA A LA INVESTIGACION<\/td>\n<td width=\"108\"><strong>&#8212;&#8211;<\/strong><\/td>\n<td width=\"60\">&nbsp;<\/p>\n<p>&nbsp;<\/p>\n<p>4<\/td>\n<td width=\"60\">&nbsp;<\/p>\n<p>&nbsp;<\/p>\n<p>4<\/td>\n<td width=\"72\">&nbsp;<\/p>\n<p>&nbsp;<\/p>\n<p>8<\/td>\n<td width=\"65\"><strong>\u00a0<\/strong><\/p>\n<p><strong>\u00a0<\/strong><\/p>\n<p><strong>7<\/strong><\/td>\n<\/tr>\n<tr>\n<td width=\"103\"><\/td>\n<td width=\"132\"><strong>\u00a0<\/strong><\/td>\n<td width=\"108\"><strong>SUBTOTAL <\/strong><\/td>\n<td width=\"60\">8<\/td>\n<td width=\"60\">8<\/td>\n<td width=\"72\">16<\/td>\n<td width=\"65\"><strong>14<\/strong><\/td>\n<\/tr>\n<\/tbody>\n<\/table>\n<p>&nbsp;<\/p>\n<table width=\"600\">\n<tbody>\n<tr>\n<td colspan=\"7\" width=\"600\"><strong>SEGUNDO TETRAMESTRE <\/strong><\/td>\n<\/tr>\n<tr>\n<td width=\"103\"><strong>CLAVE<\/strong><\/td>\n<td width=\"132\"><strong>ASIGNATURA<\/strong><\/td>\n<td width=\"108\"><strong>SERIACI\u00d3N<\/strong><\/td>\n<td width=\"60\"><strong>HFD<\/strong><\/td>\n<td width=\"60\"><strong>HEI<\/strong><\/td>\n<td width=\"72\"><strong>THS<\/strong><\/td>\n<td width=\"65\"><strong>CRS<\/strong><\/td>\n<\/tr>\n<tr>\n<td width=\"103\">&nbsp;<\/p>\n<p>MIISMSS-222<\/td>\n<td width=\"132\">MODELACI\u00d3N Y SIMULACI\u00d3N DE SISTEMAS<\/td>\n<td width=\"108\">&nbsp;<\/p>\n<p><strong>&#8212;&#8211;<\/strong><\/td>\n<td width=\"60\">&nbsp;<\/p>\n<p>4<\/td>\n<td width=\"60\">&nbsp;<\/p>\n<p>4<\/td>\n<td width=\"72\">&nbsp;<\/p>\n<p>8<\/td>\n<td width=\"65\"><strong>\u00a0<\/strong><\/p>\n<p><strong>7<\/strong><\/td>\n<\/tr>\n<tr>\n<td width=\"103\">&nbsp;<\/p>\n<p>MIISAOD-221<\/td>\n<td width=\"132\">ADMINISTRACI\u00d3N DE OPERACIONES PARA LA TOMA DE DECISIONES6<\/td>\n<td width=\"108\">&nbsp;<\/p>\n<p>MIISPEI-123<\/td>\n<td width=\"60\">&nbsp;<\/p>\n<p>&nbsp;<\/p>\n<p>4<\/td>\n<td width=\"60\">&nbsp;<\/p>\n<p>&nbsp;<\/p>\n<p>4<\/td>\n<td width=\"72\">&nbsp;<\/p>\n<p>&nbsp;<\/p>\n<p>8<\/td>\n<td width=\"65\"><strong>\u00a0<\/strong><\/p>\n<p><strong>\u00a0<\/strong><\/p>\n<p><strong>7<\/strong><\/td>\n<\/tr>\n<tr>\n<td width=\"103\"><\/td>\n<td width=\"132\"><strong>\u00a0<\/strong><\/td>\n<td width=\"108\"><strong>SUBTOTAL <\/strong><\/td>\n<td width=\"60\">8<\/td>\n<td width=\"60\">8<\/td>\n<td width=\"72\">16<\/td>\n<td width=\"65\"><strong>14<\/strong><\/td>\n<\/tr>\n<\/tbody>\n<\/table>\n<p>&nbsp;<\/p>\n<table width=\"600\">\n<tbody>\n<tr>\n<td colspan=\"7\" width=\"600\"><strong>TERCER TETRAMESTRE <\/strong><\/td>\n<\/tr>\n<tr>\n<td width=\"103\"><strong>CLAVE<\/strong><\/td>\n<td width=\"132\"><strong>ASIGNATURA<\/strong><\/td>\n<td width=\"108\"><strong>SERIACI\u00d3N<\/strong><\/td>\n<td width=\"60\"><strong>HFD<\/strong><\/td>\n<td width=\"60\"><strong>HEI<\/strong><\/td>\n<td width=\"72\"><strong>THS<\/strong><\/td>\n<td width=\"65\"><strong>CRS<\/strong><\/td>\n<\/tr>\n<tr>\n<td width=\"103\">&nbsp;<\/p>\n<p>MIISACS-321<\/td>\n<td width=\"132\">ADMINISTRACI\u00d3N DE LA CADENA DE SUMINISTRO<\/td>\n<td width=\"108\">&nbsp;<\/p>\n<p>MIISAOD-221<\/td>\n<td width=\"60\">&nbsp;<\/p>\n<p>4<\/td>\n<td width=\"60\">&nbsp;<\/p>\n<p>4<\/td>\n<td width=\"72\">&nbsp;<\/p>\n<p>8<\/td>\n<td width=\"65\"><strong>\u00a0<\/strong><\/p>\n<p><strong>7<\/strong><\/td>\n<\/tr>\n<tr>\n<td width=\"103\">&nbsp;<\/p>\n<p>MIISASB-322<\/td>\n<td width=\"132\">ANALISIS DE SISTEMAS BLANDOS<\/td>\n<td width=\"108\">&nbsp;<\/p>\n<p>MIISMSS-222<\/td>\n<td width=\"60\">&nbsp;<\/p>\n<p>&nbsp;<\/p>\n<p>4<\/td>\n<td width=\"60\">&nbsp;<\/p>\n<p>&nbsp;<\/p>\n<p>4<\/td>\n<td width=\"72\">&nbsp;<\/p>\n<p>&nbsp;<\/p>\n<p>8<\/td>\n<td width=\"65\"><strong>\u00a0<\/strong><\/p>\n<p><strong>\u00a0<\/strong><\/p>\n<p><strong>7<\/strong><\/td>\n<\/tr>\n<tr>\n<td width=\"103\"><\/td>\n<td width=\"132\"><strong>\u00a0<\/strong><\/td>\n<td width=\"108\"><strong>SUBTOTAL <\/strong><\/td>\n<td width=\"60\">8<\/td>\n<td width=\"60\">8<\/td>\n<td width=\"72\">16<\/td>\n<td width=\"65\"><strong>14<\/strong><\/td>\n<\/tr>\n<\/tbody>\n<\/table>\n<p>&nbsp;<\/p>\n<table width=\"600\">\n<tbody>\n<tr>\n<td colspan=\"7\" width=\"600\"><strong>CUARTO TETRAMESTRE <\/strong><\/td>\n<\/tr>\n<tr>\n<td width=\"103\"><strong>CLAVE <\/strong><\/td>\n<td width=\"132\"><strong>ASIGNATURA <\/strong><\/td>\n<td width=\"108\"><strong>SERIACI\u00d3N <\/strong><\/td>\n<td width=\"60\"><strong>HFD <\/strong><\/td>\n<td width=\"60\"><strong>HEI <\/strong><\/td>\n<td width=\"72\"><strong>THS <\/strong><\/td>\n<td width=\"65\"><strong>CRS <\/strong><\/td>\n<\/tr>\n<tr>\n<td width=\"103\">&nbsp;<\/p>\n<p>MIISSEL-421<\/td>\n<td width=\"132\">SEMINARIO DE LOG\u00cdSTICA<\/td>\n<td width=\"108\">&nbsp;<\/p>\n<p>MIISACS-321<\/td>\n<td width=\"60\">&nbsp;<\/p>\n<p>4<\/td>\n<td width=\"60\">&nbsp;<\/p>\n<p>4<\/td>\n<td width=\"72\">&nbsp;<\/p>\n<p>8<\/td>\n<td width=\"65\"><strong>\u00a0<\/strong><\/p>\n<p><strong>7<\/strong><\/td>\n<\/tr>\n<tr>\n<td width=\"103\">&nbsp;<\/p>\n<p>MIISADS-422<\/td>\n<td width=\"132\">ANALISIS EN DISE\u00d1O DE SISTEMAS<\/td>\n<td width=\"108\">&nbsp;<\/p>\n<p>MIISASB-322<\/td>\n<td width=\"60\">&nbsp;<\/p>\n<p>&nbsp;<\/p>\n<p>4<\/td>\n<td width=\"60\">&nbsp;<\/p>\n<p>&nbsp;<\/p>\n<p>4<\/td>\n<td width=\"72\">&nbsp;<\/p>\n<p>&nbsp;<\/p>\n<p>8<\/td>\n<td width=\"65\"><strong>\u00a0<\/strong><\/p>\n<p><strong>\u00a0<\/strong><\/p>\n<p><strong>7<\/strong><\/td>\n<\/tr>\n<tr>\n<td width=\"103\"><\/td>\n<td width=\"132\"><strong>\u00a0<\/strong><\/td>\n<td width=\"108\"><strong>SUBTOTAL <\/strong><\/td>\n<td width=\"60\">8<\/td>\n<td width=\"60\">8<\/td>\n<td width=\"72\">16<\/td>\n<td width=\"65\"><strong>14<\/strong><\/td>\n<\/tr>\n<\/tbody>\n<\/table>\n<p>&nbsp;<\/p>\n<table width=\"600\">\n<tbody>\n<tr>\n<td colspan=\"7\" width=\"600\"><strong>QUINTO TETRAMESTRE <\/strong><\/td>\n<\/tr>\n<tr>\n<td width=\"103\"><strong>CLAVE <\/strong><\/td>\n<td width=\"132\"><strong>ASIGNATURA <\/strong><\/td>\n<td width=\"108\"><strong>SERIACI\u00d3N <\/strong><\/td>\n<td width=\"60\"><strong>HFD <\/strong><\/td>\n<td width=\"60\"><strong>HEI <\/strong><\/td>\n<td width=\"72\"><strong>THS <\/strong><\/td>\n<td width=\"65\"><strong>CRS <\/strong><\/td>\n<\/tr>\n<tr>\n<td width=\"103\">&nbsp;<\/p>\n<p>MIISDSL-521<\/td>\n<td width=\"132\">DISE\u00d1O Y ADMINISTRACI\u00d3N DE SISTEMAS LOG\u00cdSTICOS.<\/td>\n<td width=\"108\">&nbsp;<\/p>\n<p>MIISSEL-421<\/td>\n<td width=\"60\">&nbsp;<\/p>\n<p>4<\/td>\n<td width=\"60\">&nbsp;<\/p>\n<p>4<\/td>\n<td width=\"72\">&nbsp;<\/p>\n<p>8<\/td>\n<td width=\"65\"><strong>\u00a0<\/strong><\/p>\n<p><strong>7<\/strong><\/td>\n<\/tr>\n<tr>\n<td width=\"103\">&nbsp;<\/p>\n<p>MIISSIG-522<\/td>\n<td width=\"132\">SISTEMAS DE INFORMACION GERENCIAL<\/td>\n<td width=\"108\">&nbsp;<\/p>\n<p>MIISADS-422<\/td>\n<td width=\"60\">&nbsp;<\/p>\n<p>&nbsp;<\/p>\n<p>4<\/td>\n<td width=\"60\">&nbsp;<\/p>\n<p>&nbsp;<\/p>\n<p>4<\/td>\n<td width=\"72\">&nbsp;<\/p>\n<p>&nbsp;<\/p>\n<p>8<\/td>\n<td width=\"65\"><strong>\u00a0<\/strong><\/p>\n<p><strong>\u00a0<\/strong><\/p>\n<p><strong>7<\/strong><\/td>\n<\/tr>\n<tr>\n<td width=\"103\"><\/td>\n<td width=\"132\"><strong>\u00a0<\/strong><\/td>\n<td width=\"108\"><strong>SUBTOTAL <\/strong><\/td>\n<td width=\"60\">8<\/td>\n<td width=\"60\">8<\/td>\n<td width=\"72\">16<\/td>\n<td width=\"65\"><strong>14<\/strong><\/td>\n<\/tr>\n<\/tbody>\n<\/table>\n<p>&nbsp;<\/p>\n<table width=\"600\">\n<tbody>\n<tr>\n<td colspan=\"7\" width=\"600\"><strong>SEXTO TETRAMESTRE <\/strong><\/td>\n<\/tr>\n<tr>\n<td width=\"103\"><strong>CLAVE <\/strong><\/td>\n<td width=\"132\"><strong>ASIGNATURA<\/strong><\/td>\n<td width=\"108\"><strong>SERIACI\u00d3N <\/strong><\/td>\n<td width=\"60\"><strong>HFD <\/strong><\/td>\n<td width=\"60\"><strong>HEI <\/strong><\/td>\n<td width=\"72\"><strong>THS <\/strong><\/td>\n<td width=\"65\"><strong>CRS <\/strong><\/td>\n<\/tr>\n<tr>\n<td width=\"103\">&nbsp;<\/p>\n<p>MIISDME-621<\/td>\n<td width=\"132\">DISE\u00d1O Y ADMINISTRACI\u00d3N DE SISTEMAS DE MANUFACTURA ESBELTA.<\/td>\n<td width=\"108\">&nbsp;<\/p>\n<p>MIISDSL-521<\/td>\n<td width=\"60\">&nbsp;<\/p>\n<p>4<\/td>\n<td width=\"60\">&nbsp;<\/p>\n<p>4<\/td>\n<td width=\"72\">&nbsp;<\/p>\n<p>8<\/td>\n<td width=\"65\"><strong>\u00a0<\/strong><\/p>\n<p><strong>7<\/strong><\/td>\n<\/tr>\n<tr>\n<td width=\"103\">&nbsp;<\/p>\n<p>MIISEPS-622<\/td>\n<td width=\"132\">ENFOQUE DE PROYECTOS SISTEMICOS CON PMI<\/td>\n<td width=\"108\">&nbsp;<\/p>\n<p>MIISSIG-522<\/td>\n<td width=\"60\">&nbsp;<\/p>\n<p>&nbsp;<\/p>\n<p>4<\/td>\n<td width=\"60\">&nbsp;<\/p>\n<p>&nbsp;<\/p>\n<p>4<\/td>\n<td width=\"72\">&nbsp;<\/p>\n<p>&nbsp;<\/p>\n<p>8<\/td>\n<td width=\"65\"><strong>\u00a0<\/strong><\/p>\n<p><strong>\u00a0<\/strong><\/p>\n<p><strong>7<\/strong><\/td>\n<\/tr>\n<tr>\n<td width=\"103\"><\/td>\n<td width=\"132\"><strong>\u00a0<\/strong><\/td>\n<td width=\"108\"><strong>SUBTOTAL <\/strong><\/td>\n<td width=\"60\">8<\/td>\n<td width=\"60\">8<\/td>\n<td width=\"72\">16<\/td>\n<td width=\"65\"><strong>14<\/strong><\/td>\n<\/tr>\n<\/tbody>\n<\/table>\n<p>&nbsp;<\/p>\n<table width=\"600\">\n<tbody>\n<tr>\n<td colspan=\"7\" width=\"600\"><strong>S\u00c9PTIMO TETRAMESTRE <\/strong><\/td>\n<\/tr>\n<tr>\n<td width=\"103\"><strong>CLAVE <\/strong><\/td>\n<td width=\"132\"><strong>ASIGNATURA <\/strong><\/td>\n<td width=\"108\"><strong>SERIACI\u00d3N <\/strong><\/td>\n<td width=\"60\"><strong>HFD <\/strong><\/td>\n<td width=\"60\"><strong>HEI<\/strong><\/td>\n<td width=\"72\"><strong>THS <\/strong><\/td>\n<td width=\"65\"><strong>CRS <\/strong><\/td>\n<\/tr>\n<tr>\n<td width=\"103\">&nbsp;<\/p>\n<p>MIISSEO-721<\/td>\n<td width=\"132\">SEMINARIO DE OPERACIONES<\/td>\n<td width=\"108\">&nbsp;<\/p>\n<p>MIISDME-621<\/td>\n<td width=\"60\">&nbsp;<\/p>\n<p>2<\/td>\n<td width=\"60\">&nbsp;<\/p>\n<p>2<\/td>\n<td width=\"72\">&nbsp;<\/p>\n<p>4<\/td>\n<td width=\"65\"><strong>\u00a0<\/strong><\/p>\n<p><strong>4<\/strong><\/td>\n<\/tr>\n<tr>\n<td width=\"103\">&nbsp;<\/p>\n<p>MIISSIS-722<\/td>\n<td width=\"132\">SEMINARIO DE INVESTIGACION EN SISTEMAS<\/td>\n<td width=\"108\">&nbsp;<\/p>\n<p>MIISEPS-622<\/td>\n<td width=\"60\">&nbsp;<\/p>\n<p>&nbsp;<\/p>\n<p>2<\/td>\n<td width=\"60\">&nbsp;<\/p>\n<p>&nbsp;<\/p>\n<p>2<\/td>\n<td width=\"72\">&nbsp;<\/p>\n<p>&nbsp;<\/p>\n<p>4<\/td>\n<td width=\"65\"><strong>\u00a0<\/strong><\/p>\n<p><strong>\u00a0<\/strong><\/p>\n<p><strong>4<\/strong><\/td>\n<\/tr>\n<tr>\n<td width=\"103\"><\/td>\n<td width=\"132\"><strong>\u00a0<\/strong><\/td>\n<td width=\"108\"><strong>SUBTOTAL <\/strong><\/td>\n<td width=\"60\">4<\/td>\n<td width=\"60\">4<\/td>\n<td width=\"72\">8<\/td>\n<td width=\"65\"><strong>8<\/strong><\/td>\n<\/tr>\n<\/tbody>\n<\/table>\n<p>&nbsp;<\/p>\n<table width=\"600\">\n<tbody>\n<tr>\n<td width=\"103\"><\/td>\n<td width=\"132\"><strong>TOTAL <\/strong><\/td>\n<td width=\"108\"><strong>\u00a0<\/strong><\/td>\n<td width=\"60\"><strong>56<\/strong><\/td>\n<td width=\"60\"><strong>56<\/strong><\/td>\n<td width=\"72\"><strong>112<\/strong><\/td>\n<td width=\"65\"><strong>56<\/strong><\/td>\n<\/tr>\n<tr>\n<td width=\"103\"><\/td>\n<td width=\"132\"><strong>ASIGNATURAS <\/strong><\/td>\n<td width=\"108\"><strong>14<\/strong><\/td>\n<td width=\"60\"><strong>\u00a0<\/strong><\/td>\n<td width=\"60\"><strong>\u00a0<\/strong><\/td>\n<td width=\"72\"><strong>\u00a0<\/strong><\/td>\n<td width=\"65\"><strong>\u00a0<\/strong><\/td>\n<\/tr>\n<\/tbody>\n<\/table>\n<p><strong>\u00a0<\/strong><\/p>\n<table>\n<tbody>\n<tr>\n<td width=\"44\"><strong>HFD:<\/strong><\/td>\n<td width=\"259\">Horas Frente a Docente Semanales<\/td>\n<td width=\"38\">56<\/td>\n<\/tr>\n<tr>\n<td width=\"44\"><strong>HEI:<\/strong><\/td>\n<td width=\"259\">Horas de Estudio Independiente Semanales<\/td>\n<td width=\"38\">56<\/td>\n<\/tr>\n<tr>\n<td width=\"44\"><strong>THS:<\/strong><\/td>\n<td width=\"259\">Total de Horas por Semana<\/td>\n<td width=\"38\">112<\/td>\n<\/tr>\n<tr>\n<td width=\"44\"><strong>CRS:<\/strong><\/td>\n<td width=\"259\">Cr\u00e9ditos<\/td>\n<td width=\"38\">98<\/td>\n<\/tr>\n<tr>\n<td colspan=\"2\" width=\"302\">Total de horas del plan de estudios<\/td>\n<td width=\"38\">1568<\/td>\n<\/tr>\n<tr>\n<td colspan=\"2\" width=\"302\">Total de materias<\/td>\n<td width=\"38\">14<\/td>\n<\/tr>\n<tr>\n<td colspan=\"2\" width=\"302\">Total de ciclos escolares<\/td>\n<td width=\"38\">7<\/td>\n<\/tr>\n<tr>\n<td colspan=\"2\" width=\"302\"><strong>Total de Semanas por ciclo escolar<\/strong><\/td>\n<td width=\"38\"><strong>14<\/strong><\/td>\n<\/tr>\n<\/tbody>\n<\/table>\n<p><strong>\u00a0<\/strong>[\/vc_column_text][\/vc_tta_section][\/vc_tta_tabs][\/vc_column][\/vc_row]<\/p>\n<\/div>","protected":false},"excerpt":{"rendered":"<p>[vc_row][vc_column width=&#8221;1\/4&#8243;][vc_column_text]Solicita informaci\u00f3n en los siguientes t\u00e9lefonos: Tel. 81 83 01 21 48 \u00a0 WhatsApp: 81 32 56 55 47\u00a0[\/vc_column_text][\/vc_column][vc_column&#8230;<\/p>\n","protected":false},"author":13,"featured_media":0,"parent":0,"menu_order":0,"comment_status":"closed","ping_status":"closed","template":"","meta":{"_joinchat":[],"footnotes":""},"class_list":["post-57736","page","type-page","status-publish","hentry"],"_links":{"self":[{"href":"https:\/\/unez.edu.mx\/index.php?rest_route=\/wp\/v2\/pages\/57736","targetHints":{"allow":["GET"]}}],"collection":[{"href":"https:\/\/unez.edu.mx\/index.php?rest_route=\/wp\/v2\/pages"}],"about":[{"href":"https:\/\/unez.edu.mx\/index.php?rest_route=\/wp\/v2\/types\/page"}],"author":[{"embeddable":true,"href":"https:\/\/unez.edu.mx\/index.php?rest_route=\/wp\/v2\/users\/13"}],"replies":[{"embeddable":true,"href":"https:\/\/unez.edu.mx\/index.php?rest_route=%2Fwp%2Fv2%2Fcomments&post=57736"}],"version-history":[{"count":5,"href":"https:\/\/unez.edu.mx\/index.php?rest_route=\/wp\/v2\/pages\/57736\/revisions"}],"predecessor-version":[{"id":57953,"href":"https:\/\/unez.edu.mx\/index.php?rest_route=\/wp\/v2\/pages\/57736\/revisions\/57953"}],"wp:attachment":[{"href":"https:\/\/unez.edu.mx\/index.php?rest_route=%2Fwp%2Fv2%2Fmedia&parent=57736"}],"curies":[{"name":"wp","href":"https:\/\/api.w.org\/{rel}","templated":true}]}}