
{"id":47530,"date":"2022-12-02T17:42:23","date_gmt":"2022-12-02T23:42:23","guid":{"rendered":"https:\/\/unez.edu.mx\/?page_id=47530"},"modified":"2022-12-02T18:00:31","modified_gmt":"2022-12-03T00:00:31","slug":"aviso-de-privacidad-proveedores","status":"publish","type":"page","link":"https:\/\/unez.edu.mx\/?page_id=47530","title":{"rendered":"Aviso de privacidad Proveedores"},"content":{"rendered":"<p>UNIVERSIDAD DE NUEVO LE\u00d3N EMILIANO ZAPATA, AC, mejor conocido como UNIVERSIDAD EMILIANO ZAPATA, con domicilio convencional en calle AV. RODRIGO GOMEZ S\/N CRUZ CON JULIO A. ROCA, colonia TIERRA Y LIBERTAD SECTOR HEROICO, ciudad MONTERREY, municipio o delegaci\u00f3n MONTERREY, c.p. 64260, en la entidad de NUEVO LE\u00d3N, pa\u00eds M\u00c9XICO, y portal de internet <a href=\"http:\/\/www.unez.edu.mx\"><span style=\"color: #333399;\"><strong>www.unez.edu.mx<\/strong>,<\/span><\/a> es el responsable \u00a0\u00a0del uso y protecci\u00f3n de sus datos personales, y al respecto le informamos lo siguiente:<\/p>\n<h4 style=\"text-align: center;\">\u00bfPara qu\u00e9 fines utilizaremos sus datos personales?<\/h4>\n<p>Los datos personales que recabamos de usted, los utilizaremos para las siguientes finalidades que son necesarias para el servicio que solicita:<\/p>\n<ul>\n<li>PARA LA CREACI\u00d3N DEL EXPEDIENTE DE LOS PROVEEDORES CON APEGO A LAS NORMAS MERCANTILES, FISCALES Y DE AUDITORIA VIGENTES.<\/li>\n<\/ul>\n<p>De manera adicional, utilizaremos su informaci\u00f3n personal para las siguientes finalidades secundarias que <strong>no son necesarias <\/strong>para el servicio solicitado, pero que nos permiten y facilitan brindarle una mejor atenci\u00f3n:<\/p>\n<ul>\n<li>PARA VERIFICAR LA IDENTIDAD FISCAL DE CADA PROVEEDOR.<\/li>\n<\/ul>\n<p>La negativa para el uso de sus datos personales para estas finalidades podr\u00e1 ser un motivo para que le neguemos los servicios y productos que solicita o contrata con nosotros.<\/p>\n<h4 style=\"text-align: center;\">\u00bfQu\u00e9 datos personales utilizaremos para estos fines?<\/h4>\n<p>Para llevar a cabo las finalidades descritas en el presente aviso de privacidad, utilizaremos los siguientes datos personales:<\/p>\n<p>PARA EL EXPEDIENTE DE LOS PROVEEDORES DE LA INSTITUCI\u00d3N:<\/p>\n<ul>\n<li>Nombre<\/li>\n<li>Registro Federal de Contribuyentes (RFC)<\/li>\n<li>Constancia de Identidad Fiscal<\/li>\n<li>Nacionalidad<\/li>\n<li>Domicilio fiscal<\/li>\n<li>Datos de contacto<\/li>\n<li>Tel\u00e9fono celular<\/li>\n<li>Tel\u00e9fono institucional<\/li>\n<li>Correo electr\u00f3nico<\/li>\n<li>Banco y n\u00famero de cuenta<\/li>\n<li>En el caso de personas f\u00edsicas, se solicitar\u00e1 c\u00e9dula profesional, cuando la naturaleza del servicio prestado as\u00ed lo requiera.<\/li>\n<li>En el caso de personal morales con las cuales sea necesario suscribir contratos, se solicitar\u00e1n datos del acta constitutiva, as\u00ed como copia de los poderes notariales e identificaci\u00f3n personal de los firmantes de contratos.<\/li>\n<\/ul>\n<h4 style=\"text-align: center;\">\u00bfCon qui\u00e9n compartimos su informaci\u00f3n personal y para qu\u00e9 fines?<\/h4>\n<p>Le informamos que sus datos personales son compartidos dentro del pa\u00eds con las siguientes personas, empresas, organizaciones o autoridades distintas a nosotros, para los siguientes fines:<\/p>\n<table>\n<tbody>\n<tr>\n<td width=\"230\"><strong>Destinatario de los datos personales<\/strong><\/td>\n<td width=\"207\"><strong>Finalidad<\/strong><\/td>\n<td width=\"181\"><strong>Requiere del consentimiento<\/strong><\/td>\n<\/tr>\n<tr>\n<td width=\"230\">\n<p>SERVICIO DE ADMINISTRACI\u00d3N TRIBUTARIA<\/td>\n<td width=\"207\">PARA EL CUMPLIMIENTO DE LAS OBLIGACIONES FISCALES Y CONTABLES<\/td>\n<td width=\"181\">No<\/td>\n<\/tr>\n<\/tbody>\n<\/table>\n<h4 style=\"text-align: center;\">\u00bfC\u00f3mo puede acceder, rectificar o cancelar sus datos personales, u oponerse a su uso?<\/h4>\n<p>Usted tiene derecho a conocer qu\u00e9 datos personales tenemos de usted, para qu\u00e9 los utilizamos y las condiciones del uso que les damos (Acceso). Asimismo, es su derecho solicitar la correcci\u00f3n de su informaci\u00f3n personal en caso de que est\u00e9 desactualizada, sea inexacta o incompleta (Rectificaci\u00f3n); que la eliminemos de nuestros registros o bases de datos cuando considere que la misma no est\u00e1 siendo utilizada adecuadamente (Cancelaci\u00f3n); as\u00ed como oponerse al uso de sus datos personales para fines espec\u00edficos (Oposici\u00f3n). Estos derechos se conocen como derechos ARCO.<\/p>\n<p>Para el ejercicio de cualquiera de los derechos ARCO, usted deber\u00e1 presentar la solicitud respectiva a trav\u00e9s del siguiente medio:<\/p>\n<p>Correo electr\u00f3nico <strong><span style=\"color: #333399;\">privacidad.proveedores@unez.edu.mx<\/span><\/strong><\/p>\n<p>Para conocer el procedimiento y requisitos para el ejercicio de los derechos ARCO, ponemos a su disposici\u00f3n el siguiente medio:<\/p>\n<p>Correo electr\u00f3nico <strong><span style=\"color: #333399;\">privacidad.proveedores@unez.edu.mx<\/span><\/strong><\/p>\n<p>Los datos de contacto de la persona o departamento de datos personales, que est\u00e1 a cargo de dar tr\u00e1mite a las solicitudes de derechos ARCO, son los siguientes:<\/p>\n<ol>\n<li>Nombre de la persona o departamento de datos personales: DEPARTAMENTO DE TESORERIA<\/li>\n<li>Domicilio: calle RODRIGO GOMEZ S\/N CRUZ CON JULIO A. ROCA, colonia TIERRA Y LIBERTAD SECTOR HEORICO, ciudad MONTERREY, municipio o delegaci\u00f3n MONTERREY, c.p. 64260, en la entidad de NUEVO LE\u00d3N, pa\u00eds M\u00c9XICO<\/li>\n<li>Correo electr\u00f3nico <strong><span style=\"color: #333399;\">privacidad.proveedores@unez.edu.mx<\/span><\/strong><\/li>\n<\/ol>\n<h4 style=\"text-align: center;\">Usted puede revocar su consentimiento para el uso de sus datos personales<\/h4>\n<p>Usted puede revocar el consentimiento que, en su caso, nos haya otorgado para el tratamiento de sus datos personales. Sin embargo, es importante que tenga en cuenta que no en todos los casos podremos atender su solicitud o concluir el uso de forma inmediata, ya que es posible que por alguna obligaci\u00f3n legal requiramos seguir tratando sus datos personales. Asimismo, usted deber\u00e1 considerar que, para ciertos fines, la revocaci\u00f3n de su consentimiento implicar\u00e1 que no le podamos seguir prestando el servicio que nos solicit\u00f3, o la conclusi\u00f3n de su relaci\u00f3n con nosotros.<\/p>\n<p>Para revocar su consentimiento deber\u00e1 presentar su solicitud a trav\u00e9s del siguiente medio:<\/p>\n<p>Correo electr\u00f3nico <strong><span style=\"color: #333399;\">privacidad.proveedores@unez.edu.mx<\/span><\/strong><\/p>\n<p>Para conocer el procedimiento y requisitos para la revocaci\u00f3n del consentimiento, ponemos a su disposici\u00f3n el siguiente medio:<\/p>\n<p>Correo electr\u00f3nico <strong><span style=\"color: #333399;\">privacidad.proveedores@unez.edu.mx<\/span><\/strong><\/p>\n<h4 style=\"text-align: center;\"><span style=\"color: #000000;\">\u00bfC\u00f3mo puede limitar el uso o divulgaci\u00f3n de su informaci\u00f3n personal?<\/span><\/h4>\n<p>Con objeto de que usted pueda limitar el uso y divulgaci\u00f3n de su informaci\u00f3n personal, le ofrecemos los siguientes medios:<\/p>\n<p>Correo electr\u00f3nico <strong><span style=\"color: #333399;\">privacidad.proveedores@unez.edu.mx<\/span><\/strong><\/p>\n<h4 style=\"text-align: center;\">\u00bfC\u00f3mo puede conocer los cambios en este aviso de privacidad?<\/h4>\n<p>El presente aviso de privacidad puede sufrir modificaciones, cambios o actualizaciones derivadas de nuevos requerimientos legales; de nuestras propias necesidades por los productos o servicios que ofrecemos; de nuestras pr\u00e1cticas de privacidad; de cambios en nuestro modelo de negocio, o por otras causas.<\/p>\n<p>Nos comprometemos a mantenerlo informado sobre los cambios que pueda sufrir el presente aviso de privacidad, a trav\u00e9s de nuestra p\u00e1gina web: <a href=\"http:\/\/www.unez.edu.mx\"><strong><span style=\"color: #333399;\">www.unez.edu.mx.<\/span><\/strong><\/a><\/p>\n<p>El procedimiento a trav\u00e9s del cual se llevar\u00e1n a cabo las notificaciones sobre cambios o actualizaciones al presente aviso de privacidad es el siguiente:<\/p>\n<p>Se publicar\u00e1 mediante la p\u00e1gina oficial <a href=\"http:\/\/www.unez.edu.mx\"><strong><span style=\"color: #333399;\">www.unez.edu.mx<\/span><\/strong><\/a><\/p>\n<p>Al momento de registrarse como PROVEEDOR de la UNIVERSIDAD EMILIANO ZAPATA est\u00e1 dando su consentimiento para el tratamiento de sus datos personales en los t\u00e9rminos del presente aviso de privacidad.<\/p>\n","protected":false},"excerpt":{"rendered":"<p>UNIVERSIDAD DE NUEVO LE\u00d3N EMILIANO ZAPATA, AC, mejor conocido como UNIVERSIDAD EMILIANO ZAPATA, con domicilio convencional en calle AV. RODRIGO&#8230;<\/p>\n","protected":false},"author":13,"featured_media":0,"parent":0,"menu_order":0,"comment_status":"closed","ping_status":"closed","template":"","meta":{"_joinchat":[],"footnotes":""},"class_list":["post-47530","page","type-page","status-publish","hentry"],"_links":{"self":[{"href":"https:\/\/unez.edu.mx\/index.php?rest_route=\/wp\/v2\/pages\/47530","targetHints":{"allow":["GET"]}}],"collection":[{"href":"https:\/\/unez.edu.mx\/index.php?rest_route=\/wp\/v2\/pages"}],"about":[{"href":"https:\/\/unez.edu.mx\/index.php?rest_route=\/wp\/v2\/types\/page"}],"author":[{"embeddable":true,"href":"https:\/\/unez.edu.mx\/index.php?rest_route=\/wp\/v2\/users\/13"}],"replies":[{"embeddable":true,"href":"https:\/\/unez.edu.mx\/index.php?rest_route=%2Fwp%2Fv2%2Fcomments&post=47530"}],"version-history":[{"count":3,"href":"https:\/\/unez.edu.mx\/index.php?rest_route=\/wp\/v2\/pages\/47530\/revisions"}],"predecessor-version":[{"id":47545,"href":"https:\/\/unez.edu.mx\/index.php?rest_route=\/wp\/v2\/pages\/47530\/revisions\/47545"}],"wp:attachment":[{"href":"https:\/\/unez.edu.mx\/index.php?rest_route=%2Fwp%2Fv2%2Fmedia&parent=47530"}],"curies":[{"name":"wp","href":"https:\/\/api.w.org\/{rel}","templated":true}]}}