
{"id":47523,"date":"2022-12-02T17:17:56","date_gmt":"2022-12-02T23:17:56","guid":{"rendered":"https:\/\/unez.edu.mx\/?page_id=47523"},"modified":"2022-12-02T18:01:42","modified_gmt":"2022-12-03T00:01:42","slug":"aviso-de-privacidad-estudiantes","status":"publish","type":"page","link":"https:\/\/unez.edu.mx\/?page_id=47523","title":{"rendered":"Aviso de privacidad Estudiantes"},"content":{"rendered":"<p style=\"text-align: left;\">UNIVERSIDAD DE NUEVO LE\u00d3N EMILIANO ZAPATA, AC, mejor conocido como UNIVERSIDAD EMILIANO ZAPATA, con domicilio convencional en calle AV. RODRIGO GOMEZ S\/N CRUZ CON JULIO A. ROCA, colonia TIERRA Y LIBERTAD SECTOR HEROICO, ciudad MONTERREY, municipio o delegaci\u00f3n MONTERREY, c.p. 64260, en la entidad de NUEVO LE\u00d3N, pa\u00eds M\u00c9XICO, y portal de internet <a href=\"http:\/\/www.unez.edu.mx\"><span style=\"color: #333399;\"><strong>www.unez.edu.mx<\/strong><\/span>,<\/a> es el responsable del uso y protecci\u00f3n de sus datos personales, y al respecto le informamos lo siguiente:<\/p>\n<h4 style=\"text-align: center;\">\u00bfPara qu\u00e9 fines utilizaremos sus datos personales?<\/h4>\n<p>Los datos personales que recabamos de usted, los utilizaremos para las siguientes finalidades que son necesarias para el servicio que solicita:<\/p>\n<ul>\n<li>PARA LA CREACI\u00d3N DEL EXPEDIENTE ACADEMICO QUE ESTABLECE LA LEY DE EDUCACI\u00d3N SUPERIOR.<\/li>\n<\/ul>\n<p>De manera adicional, utilizaremos su informaci\u00f3n personal para las siguientes finalidades secundarias que <strong>no son necesarias <\/strong>para el servicio solicitado, pero que nos permiten y facilitan brindarle una mejor atenci\u00f3n:<\/p>\n<ul>\n<li>PARA VERIFICAR LA IDENTIDAD<\/li>\n<\/ul>\n<h4 style=\"text-align: center;\">\u00bfQu\u00e9 datos personales utilizaremos para estos fines?<\/h4>\n<p>Para llevar a cabo las finalidades descritas en el presente aviso de privacidad, utilizaremos los siguientes datos personales:<\/p>\n<p>PARA EL EXPEDIENTE DE ESTUDIANTES SERAN OBLIGATORIOS:<\/p>\n<ul>\n<li>Nombre<\/li>\n<li>Clave \u00fanica de Registro de Poblaci\u00f3n (CURP)<\/li>\n<li>Lugar de nacimiento<\/li>\n<li>Fecha de nacimiento<\/li>\n<li>Nacionalidad<\/li>\n<li>Domicilio<\/li>\n<li>Tel\u00e9fono<\/li>\n<li>Tel\u00e9fono celular<\/li>\n<li>Correo electr\u00f3nico<\/li>\n<li>Firma aut\u00f3grafa<\/li>\n<li>Edad<\/li>\n<li>Fotograf\u00eda<\/li>\n<li>Trayectoria educativa<\/li>\n<li>Certificados de estudios<\/li>\n<\/ul>\n<p>PARA EL EXPEDIENTE DE ESTUDIANTES, DATOS COMPLEMENTARIAS:<\/p>\n<ul>\n<li>T\u00edtulos acad\u00e9micos<\/li>\n<li>C\u00e9dula profesional<\/li>\n<li>Reconocimientos<\/li>\n<\/ul>\n<p>PARA EL EXPEDIENTE DE ESTUDIANTES EXTRANJEROS SER\u00c1N OBLIGATORIOS:<\/p>\n<ul>\n<li>Nombre<\/li>\n<li>Estado Civil<\/li>\n<li>Clave \u00fanica de Registro de Poblaci\u00f3n (CURP)<\/li>\n<li>Lugar de nacimiento<\/li>\n<li>Fecha de nacimiento<\/li>\n<li>Nacionalidad<\/li>\n<li>Domicilio<\/li>\n<li>Tel\u00e9fono particular<\/li>\n<li>Tel\u00e9fono celular<\/li>\n<li>Correo electr\u00f3nico<\/li>\n<li>Firma aut\u00f3grafa<\/li>\n<li>Edad<\/li>\n<li>Fotograf\u00eda<\/li>\n<li>Trayectoria educativa<\/li>\n<li>Certificados de estudios<\/li>\n<li>Entradas al pa\u00eds<\/li>\n<li>Salidas del pa\u00eds<\/li>\n<li>Tiempo de permanencia en el pa\u00eds<\/li>\n<li>Calidad migratoria<\/li>\n<li>Derechos de residencia<\/li>\n<li>Aseguramiento<\/li>\n<li>Repatriaci\u00f3n<\/li>\n<li>Datos de identificaci\u00f3n<\/li>\n<li>Datos de contacto<\/li>\n<li>Datos acad\u00e9micos<\/li>\n<li>Datos migratorios<\/li>\n<\/ul>\n<p>PARA EL EXPEDIENTE DE ESTUDIANTES EXTRANJEROS, DATOS \u00a0COMPLEMENTARIOS:<\/p>\n<ul>\n<li>T\u00edtulos<\/li>\n<li>C\u00e9dula profesional<\/li>\n<li>Reconocimientos<\/li>\n<\/ul>\n<h4 style=\"text-align: center;\">\u00bfCon qui\u00e9n compartimos su informaci\u00f3n personal y para qu\u00e9 fines?<\/h4>\n<p>Le informamos que sus datos personales son compartidos dentro del pa\u00eds con las siguientes personas, empresas, organizaciones o autoridades distintas a nosotros, para los siguientes fines:<\/p>\n<table>\n<tbody>\n<tr>\n<td width=\"230\"><strong>Destinatario de los datos personales<\/strong><\/td>\n<td width=\"207\"><strong>Finalidad<\/strong><\/td>\n<td width=\"181\"><strong>Requiere del consentimiento<\/strong><\/td>\n<\/tr>\n<tr>\n<td width=\"230\">SECRETARIA DE EDUCACI\u00d3N<\/td>\n<td width=\"207\">ACREDITAR LOS ESTUDIOS CURSADOS POR EL ESTUDIANTE PARA QUE SE PUEDA GENERAR TITULO Y CEDULA PROFESIONAL<\/td>\n<td width=\"181\">No<\/td>\n<\/tr>\n<tr>\n<td width=\"230\">SECRETARIA DE EDUCACI\u00d3N PUBLICA<\/td>\n<td width=\"207\">ACREDITAR LOS ESTUDIOS CURSADOS POR EL ESTUDIANTE PARA QUE SE PUEDA GENERAR TITULO Y CEDULA PROFESIONAL<\/td>\n<td width=\"181\">No<\/td>\n<\/tr>\n<tr>\n<td width=\"230\">SECRETARIA DE SALUD<\/td>\n<td width=\"207\">ACREDITAR LOS ESTUDIOS CURSADOS POR EL ESTUDIANTE PARA QUE PUEDA REALIZAR SERVICIO SOCIAL Y PRACTICAS PROFESIONALES DE CARRERAS\u00a0 VINCULADAS A ATENCI\u00d3N A LA SALUD.<\/td>\n<td width=\"181\">No<\/td>\n<\/tr>\n<\/tbody>\n<\/table>\n<h4 style=\"text-align: center;\">\u00bfC\u00f3mo puede acceder, rectificar o cancelar sus datos personales, u oponerse a su uso?<\/h4>\n<p>Usted tiene derecho a conocer qu\u00e9 datos personales tenemos de usted, para qu\u00e9 los utilizamos y las condiciones del uso que les damos (Acceso). Asimismo, es su derecho solicitar la correcci\u00f3n de su informaci\u00f3n personal en caso de que est\u00e9 desactualizada, sea inexacta o incompleta (Rectificaci\u00f3n); que la eliminemos de nuestros registros o bases de datos cuando considere que la misma no est\u00e1 siendo utilizada adecuadamente (Cancelaci\u00f3n); as\u00ed como oponerse al uso de sus datos personales para fines espec\u00edficos (Oposici\u00f3n). Estos derechos se conocen como derechos ARCO.<\/p>\n<p>Para el ejercicio de cualquiera de los derechos ARCO, usted deber\u00e1 presentar la solicitud respectiva a trav\u00e9s del siguiente medio:<\/p>\n<p>Correo electr\u00f3nico <strong><span style=\"color: #333399;\">privacidad.escolar@unez.edu.mx<\/span><\/strong><\/p>\n<p>Para conocer el procedimiento y requisitos para el ejercicio de los derechos ARCO, ponemos a su disposici\u00f3n el siguiente medio:<\/p>\n<p>Correo electr\u00f3nico <strong><span style=\"color: #333399;\">privacidad.escolar@unez.edu.mx<\/span><\/strong><\/p>\n<p>Los datos de contacto de la persona o departamento de datos personales, que est\u00e1 a cargo de dar tr\u00e1mite a las solicitudes de derechos ARCO, son los siguientes:<\/p>\n<ol>\n<li>Nombre de la persona o departamento de datos personales: Departamento de Control Escolar y de Archivo<\/li>\n<li>Domicilio: calle RODRIGO GOMEZ S\/N CRUZ CON JULIO A. ROCA, colonia TIERRA Y LIBERTAD SECTOR HEORICO, ciudad MONTERREY, municipio o delegaci\u00f3n MONTERREY, c.p. 64260, en la entidad de NUEVO LE\u00d3N, pa\u00eds M\u00c9XICO<\/li>\n<\/ol>\n<p>Correo electr\u00f3nico: \u00a0<strong><span style=\"color: #333399;\">privacidad.escolar@unez.edu.mx<\/span><\/strong><\/p>\n<h4 style=\"text-align: center;\">Usted puede revocar su consentimiento para el uso de sus datos personales<\/h4>\n<p>Usted puede revocar el consentimiento que, en su caso, nos haya otorgado para el tratamiento de sus datos personales. Sin embargo, es importante que tenga en cuenta que no en todos los casos podremos atender su solicitud o concluir el uso de forma inmediata, ya que es posible que por alguna obligaci\u00f3n legal requiramos seguir tratando sus datos personales. Asimismo, usted deber\u00e1 considerar que para ciertos fines, la revocaci\u00f3n de su consentimiento implicar\u00e1 que no le podamos seguir prestando el servicio que nos solicit\u00f3, o la conclusi\u00f3n de su relaci\u00f3n con nosotros.<\/p>\n<p>Para revocar su consentimiento deber\u00e1 presentar su solicitud a trav\u00e9s del siguiente medio:<\/p>\n<p>Correo electr\u00f3nico <strong><span style=\"color: #333399;\">privacidad.escolar@unez.edu.mx<\/span><\/strong><\/p>\n<p>Para conocer el procedimiento y requisitos para la revocaci\u00f3n del consentimiento, ponemos a su disposici\u00f3n el siguiente medio:<\/p>\n<p>Correo electr\u00f3nico <strong><span style=\"color: #333399;\">privacidad.escolar@unez.edu.mx<\/span><\/strong><\/p>\n<h4 style=\"text-align: center;\">\u00bfC\u00f3mo puede limitar el uso o divulgaci\u00f3n de su informaci\u00f3n personal?<\/h4>\n<p>Con objeto de que usted pueda limitar el uso y divulgaci\u00f3n de su informaci\u00f3n personal, le ofrecemos los siguientes medios:<\/p>\n<p>Correo electr\u00f3nico <strong><span style=\"color: #333399;\">privacidad.escolar@unez.edu.mx<\/span><\/strong><\/p>\n<h4 style=\"text-align: center;\">\u00bfC\u00f3mo puede conocer los cambios en este aviso de privacidad?<\/h4>\n<p>El presente aviso de privacidad puede sufrir modificaciones, cambios o actualizaciones derivadas de nuevos requerimientos legales; de nuestras propias necesidades por los productos o servicios que ofrecemos; de nuestras pr\u00e1cticas de privacidad; de cambios en nuestro modelo de organizaci\u00f3n, o por otras causas.<\/p>\n<p>Nos comprometemos a mantenerlo informado sobre los cambios que pueda sufrir el presente aviso de privacidad, a trav\u00e9s de nuestra p\u00e1gina web: <a href=\"http:\/\/www.unez.edu.mx\"><span style=\"color: #333399;\"><strong>www.unez.edu.mx.<\/strong><\/span><\/a><\/p>\n<p>El procedimiento a trav\u00e9s del cual se llevar\u00e1n a cabo las notificaciones sobre cambios o actualizaciones al presente aviso de privacidad es el siguiente:<\/p>\n<p>Se publicar\u00e1 mediante la p\u00e1gina oficial <strong><a href=\"http:\/\/unez.edu.mx\"><span style=\"color: #333399;\">www.unez.edu.mx<\/span><\/a><\/strong><\/p>\n<p>Al momento de registrarse como estudiante de la UNIVERSIDAD EMILIANO ZAPATA est\u00e1 dando su consentimiento para el tratamiento de sus datos personales en los t\u00e9rminos del presente aviso de privacidad.<\/p>\n","protected":false},"excerpt":{"rendered":"<p>UNIVERSIDAD DE NUEVO LE\u00d3N EMILIANO ZAPATA, AC, mejor conocido como UNIVERSIDAD EMILIANO ZAPATA, con domicilio convencional en calle AV. RODRIGO&#8230;<\/p>\n","protected":false},"author":13,"featured_media":0,"parent":0,"menu_order":0,"comment_status":"closed","ping_status":"closed","template":"","meta":{"_joinchat":[],"footnotes":""},"class_list":["post-47523","page","type-page","status-publish","hentry"],"_links":{"self":[{"href":"https:\/\/unez.edu.mx\/index.php?rest_route=\/wp\/v2\/pages\/47523","targetHints":{"allow":["GET"]}}],"collection":[{"href":"https:\/\/unez.edu.mx\/index.php?rest_route=\/wp\/v2\/pages"}],"about":[{"href":"https:\/\/unez.edu.mx\/index.php?rest_route=\/wp\/v2\/types\/page"}],"author":[{"embeddable":true,"href":"https:\/\/unez.edu.mx\/index.php?rest_route=\/wp\/v2\/users\/13"}],"replies":[{"embeddable":true,"href":"https:\/\/unez.edu.mx\/index.php?rest_route=%2Fwp%2Fv2%2Fcomments&post=47523"}],"version-history":[{"count":6,"href":"https:\/\/unez.edu.mx\/index.php?rest_route=\/wp\/v2\/pages\/47523\/revisions"}],"predecessor-version":[{"id":47547,"href":"https:\/\/unez.edu.mx\/index.php?rest_route=\/wp\/v2\/pages\/47523\/revisions\/47547"}],"wp:attachment":[{"href":"https:\/\/unez.edu.mx\/index.php?rest_route=%2Fwp%2Fv2%2Fmedia&parent=47523"}],"curies":[{"name":"wp","href":"https:\/\/api.w.org\/{rel}","templated":true}]}}