
{"id":44531,"date":"2022-09-05T18:27:42","date_gmt":"2022-09-06T00:27:42","guid":{"rendered":"https:\/\/unez.edu.mx\/?page_id=44531"},"modified":"2022-09-05T21:15:21","modified_gmt":"2022-09-06T03:15:21","slug":"taller-integral-de-excel","status":"publish","type":"page","link":"https:\/\/unez.edu.mx\/?page_id=44531","title":{"rendered":"Taller Integral de Excel"},"content":{"rendered":"<p>Taller Integral de Excel, el participante conocer\u00e1 el alcance la herramienta Excel, que abordar\u00e1n durante 3 Sesiones de taller. Con la exposicion de la C.P.A. Victor Molina Avila. Asesor financiero y de ofim\u00e1tica. Se ha desempe\u00f1ado tambi\u00e9n como analista financiero de cr\u00e9ditos hipotecarios en AFIRME. El taller consta de 4 horas por sesi\u00f3n, 24 de septiembre, 1 y 8 de octubre, 2022. En linea. Inversion: $500 (15% de descuento para la comunidad #UNEZ).<\/p>\n<p>Temas:<img loading=\"lazy\" decoding=\"async\" class=\"size-medium wp-image-44534 alignright\" src=\"https:\/\/unez.edu.mx\/wp-content\/uploads\/2022\/09\/Taller-Integral-de-Excel-300x300.jpeg\" alt=\"\" width=\"300\" height=\"300\" srcset=\"https:\/\/unez.edu.mx\/wp-content\/uploads\/2022\/09\/Taller-Integral-de-Excel-300x300.jpeg 300w, https:\/\/unez.edu.mx\/wp-content\/uploads\/2022\/09\/Taller-Integral-de-Excel-1024x1024.jpeg 1024w, https:\/\/unez.edu.mx\/wp-content\/uploads\/2022\/09\/Taller-Integral-de-Excel-150x150.jpeg 150w, https:\/\/unez.edu.mx\/wp-content\/uploads\/2022\/09\/Taller-Integral-de-Excel-768x768.jpeg 768w, https:\/\/unez.edu.mx\/wp-content\/uploads\/2022\/09\/Taller-Integral-de-Excel-256x256.jpeg 256w, https:\/\/unez.edu.mx\/wp-content\/uploads\/2022\/09\/Taller-Integral-de-Excel.jpeg 1280w\" sizes=\"auto, (max-width: 300px) 100vw, 300px\" \/><\/p>\n<p>1.-Introducci\u00f3n a EXCEL<\/p>\n<p>2.-Formulas en Excel<\/p>\n<p>3.-Tablas din\u00e1micas<\/p>\n<p>Para incribirte al taller realiza los siguientes pasos:<\/p>\n<p style=\"text-align: center;\"><strong>Paso uno:<\/strong><\/p>\n<p>EN VENTANILLA BANORTE: Paga en EFECTIVO $500 para p\u00fablico en general o $425 para comunidad UNEZ, en ventanilla de BANORTE al n\u00famero de cuenta: 0802291006, a nombre de Universidad de Nuevo Le\u00f3n Emiliano Zapata AC.<\/p>\n<ul>\n<li>Escribe claramente con pluma en la parte superior del ticket tu nombre completo y CURP.<\/li>\n<li>Env\u00eda el ticket al correo de inscripciones_tesoreria@unez.edu.mx en el asunto escribe: Taller Integral de Excel<\/li>\n<li>En un plazo de 72 horas h\u00e1biles recibir\u00e1s en tu correo el folio que te permitir\u00e1 seguir con el proceso de inscripci\u00f3n.<\/li>\n<\/ul>\n<p>EN VENTANILLAS UNEZ:<\/p>\n<ul>\n<li>Paga en cajas UNEZ, de lunes a viernes de 9 a 18 hrs.<\/li>\n<\/ul>\n<p style=\"text-align: center;\"><strong>Paso dos:<\/strong><\/p>\n<p>Inscr\u00edbete desde hoy y hasta el 22 de septiembre, 2022 llenando desde <a href=\"https:\/\/unez.edu.mx\/?page_id=34133\"><span style=\"color: #000080;\">aqu\u00ed<\/span><\/a> este formulario.<\/p>\n<p><a href=\"https:\/\/unez.edu.mx\/?page_id=34133\"><img loading=\"lazy\" decoding=\"async\" class=\"wp-image-13519 aligncenter\" src=\"https:\/\/unez.edu.mx\/wp-content\/uploads\/2020\/12\/inscribite-300x116.png\" alt=\"\" width=\"137\" height=\"53\" srcset=\"https:\/\/unez.edu.mx\/wp-content\/uploads\/2020\/12\/inscribite-300x116.png 300w, https:\/\/unez.edu.mx\/wp-content\/uploads\/2020\/12\/inscribite.png 400w\" sizes=\"auto, (max-width: 137px) 100vw, 137px\" \/><\/a><\/p>\n<p>En un plazo de 72 horas h\u00e1biles te llegar\u00e1 a tu correo el usuario y contrase\u00f1a para tomar el taller.<\/p>\n<p>Inscripciones abiertas!!!!!<\/p>\n<p style=\"text-align: center;\">Ser culto para ser libre.<\/p>\n","protected":false},"excerpt":{"rendered":"<p>Taller Integral de Excel, el participante conocer\u00e1 el alcance la herramienta Excel, que abordar\u00e1n durante 3 Sesiones de taller. Con&#8230;<\/p>\n","protected":false},"author":13,"featured_media":0,"parent":0,"menu_order":0,"comment_status":"closed","ping_status":"closed","template":"","meta":{"_joinchat":[],"footnotes":""},"class_list":["post-44531","page","type-page","status-publish","hentry"],"_links":{"self":[{"href":"https:\/\/unez.edu.mx\/index.php?rest_route=\/wp\/v2\/pages\/44531","targetHints":{"allow":["GET"]}}],"collection":[{"href":"https:\/\/unez.edu.mx\/index.php?rest_route=\/wp\/v2\/pages"}],"about":[{"href":"https:\/\/unez.edu.mx\/index.php?rest_route=\/wp\/v2\/types\/page"}],"author":[{"embeddable":true,"href":"https:\/\/unez.edu.mx\/index.php?rest_route=\/wp\/v2\/users\/13"}],"replies":[{"embeddable":true,"href":"https:\/\/unez.edu.mx\/index.php?rest_route=%2Fwp%2Fv2%2Fcomments&post=44531"}],"version-history":[{"count":3,"href":"https:\/\/unez.edu.mx\/index.php?rest_route=\/wp\/v2\/pages\/44531\/revisions"}],"predecessor-version":[{"id":44577,"href":"https:\/\/unez.edu.mx\/index.php?rest_route=\/wp\/v2\/pages\/44531\/revisions\/44577"}],"wp:attachment":[{"href":"https:\/\/unez.edu.mx\/index.php?rest_route=%2Fwp%2Fv2%2Fmedia&parent=44531"}],"curies":[{"name":"wp","href":"https:\/\/api.w.org\/{rel}","templated":true}]}}