
{"id":35909,"date":"2022-05-14T10:57:40","date_gmt":"2022-05-14T16:57:40","guid":{"rendered":"https:\/\/unez.edu.mx\/?page_id=35909"},"modified":"2026-03-04T10:54:38","modified_gmt":"2026-03-04T16:54:38","slug":"inscripcion-a-cursos-de-titulacion-2","status":"publish","type":"page","link":"https:\/\/unez.edu.mx\/?page_id=35909","title":{"rendered":"Inscripci\u00f3n a Cursos de Titulaci\u00f3n"},"content":{"rendered":"<div class=\"wpb-content-wrapper\"><p>[vc_row][vc_column][vc_column_text css=&#8221;&#8221;]<\/p>\n<h4 class=\"title-h6\" style=\"text-align: center;\"><strong>INSCRIPCIONES ABIERTAS<\/strong><\/h4>\n<h4 style=\"text-align: center;\">INSCRIPCIONES DEL 04 DE MARZO AL 30 DE ABRIL, 2026<\/h4>\n<h4 style=\"text-align: center;\">INICIO DE CLASES S\u00c1BADO 09 DE MAYO, 2026<\/h4>\n<p><img loading=\"lazy\" decoding=\"async\" class=\" wp-image-58433 aligncenter\" src=\"https:\/\/unez.edu.mx\/wp-content\/uploads\/2024\/04\/titulacion_may_ago_2024-300x300.jpg\" alt=\"\" width=\"384\" height=\"384\" srcset=\"https:\/\/unez.edu.mx\/wp-content\/uploads\/2024\/04\/titulacion_may_ago_2024-300x300.jpg 300w, https:\/\/unez.edu.mx\/wp-content\/uploads\/2024\/04\/titulacion_may_ago_2024-1024x1024.jpg 1024w, https:\/\/unez.edu.mx\/wp-content\/uploads\/2024\/04\/titulacion_may_ago_2024-150x150.jpg 150w, https:\/\/unez.edu.mx\/wp-content\/uploads\/2024\/04\/titulacion_may_ago_2024-768x768.jpg 768w, https:\/\/unez.edu.mx\/wp-content\/uploads\/2024\/04\/titulacion_may_ago_2024-256x256.jpg 256w, https:\/\/unez.edu.mx\/wp-content\/uploads\/2024\/04\/titulacion_may_ago_2024.jpg 1080w\" sizes=\"auto, (max-width: 384px) 100vw, 384px\" \/><\/p>\n<hr>\n<hr>\n<h4><strong>Si concluiste tus materias, cuentas con el servicio social liberado y no tienes adeudos, te invitamos a inscribirte al curso de titulaci\u00f3n mayo &#8211; agosto, 2026, atendiendo los siguientes pasos:<\/strong><\/h4>\n<ol>\n<li>\n<h4>Descarga e imprime el siguiente formato de sellos para la carta<span style=\"color: #0000ff;\"> <a style=\"color: #0000ff;\" href=\"http:\/\/www.unez.edu.mx\/avisos\/2025\/2025_formato_sellos.pdf\" target=\"_blank\" rel=\"noopener\">aqu\u00ed<\/a><\/span><\/h4>\n<\/li>\n<li>\n<h4>Acude personalmente a la UNEZ de lunes a viernes de 8 am a 8 pm, para recopilar los sellos y firmas en este orden:<\/h4>\n<ul>\n<li>\n<h4>Biblioteca<\/h4>\n<\/li>\n<li>\n<h4>Control Escolar<\/h4>\n<\/li>\n<li>\n<h4>Servicio social<\/h4>\n<\/li>\n<li>\n<h4>Tesorer\u00eda<\/h4>\n<\/li>\n<\/ul>\n<\/li>\n<li>\n<h4>Una vez que cuentes con los 4 sellos, Acude a ventanillas de Control Escolar para llevar a cabo tu inscripci\u00f3n de forma presencial, al finalizar tu registro se te entregara un folio para pago para Tesoreria.<\/h4>\n<\/li>\n<li>\n<h4>El proceso de titulaci\u00f3n tiene un costo de $9,000 y se puede pagar en una sola exhibici\u00f3n al inscribirse o en parcialidades de $1,000 de inscripci\u00f3n y 4 pagos de $2,000.<\/h4>\n<\/li>\n<li>\n<h4>Una vez concluido el proceso de Inscripci\u00f3n en la UNEZ, Podr\u00e1s corroborar tu inscripci\u00f3n al curso de Titulaci\u00f3n en el portal&nbsp; web: (<span style=\"color: #0000ff;\"><a style=\"color: #0000ff;\" href=\"https:\/\/dolischool.unez.edu.mx\/dolischool_est\/\">https:\/\/dolischool.unez.edu.mx\/dolischool_est\/<\/a><\/span>).<\/h4>\n<\/li>\n<\/ol>\n<hr>\n<hr>\n<p><strong>Toma en cuenta:<\/strong><\/p>\n<ul>\n<li>\n<h4>Este tr\u00e1mite debe realizarse de manera presencial y personal.<\/h4>\n<\/li>\n<\/ul>\n<h4 style=\"text-align: center;\">\u00a1Bienvenido!<\/h4>\n<h4 style=\"text-align: center;\">Ser culto, para ser libre.<\/h4>\n<h4 style=\"text-align: center;\"><\/h4>\n<p>[\/vc_column_text][\/vc_column][\/vc_row]<\/p>\n<\/div>","protected":false},"excerpt":{"rendered":"<p>[vc_row][vc_column][vc_column_text css=&#8221;&#8221;] INSCRIPCIONES ABIERTAS INSCRIPCIONES DEL 04 DE MARZO AL 30 DE ABRIL, 2026 INICIO DE CLASES S\u00c1BADO 09 DE&#8230;<\/p>\n","protected":false},"author":7,"featured_media":0,"parent":0,"menu_order":0,"comment_status":"closed","ping_status":"closed","template":"","meta":{"_joinchat":[],"footnotes":""},"class_list":["post-35909","page","type-page","status-publish","hentry"],"_links":{"self":[{"href":"https:\/\/unez.edu.mx\/index.php?rest_route=\/wp\/v2\/pages\/35909","targetHints":{"allow":["GET"]}}],"collection":[{"href":"https:\/\/unez.edu.mx\/index.php?rest_route=\/wp\/v2\/pages"}],"about":[{"href":"https:\/\/unez.edu.mx\/index.php?rest_route=\/wp\/v2\/types\/page"}],"author":[{"embeddable":true,"href":"https:\/\/unez.edu.mx\/index.php?rest_route=\/wp\/v2\/users\/7"}],"replies":[{"embeddable":true,"href":"https:\/\/unez.edu.mx\/index.php?rest_route=%2Fwp%2Fv2%2Fcomments&post=35909"}],"version-history":[{"count":39,"href":"https:\/\/unez.edu.mx\/index.php?rest_route=\/wp\/v2\/pages\/35909\/revisions"}],"predecessor-version":[{"id":59743,"href":"https:\/\/unez.edu.mx\/index.php?rest_route=\/wp\/v2\/pages\/35909\/revisions\/59743"}],"wp:attachment":[{"href":"https:\/\/unez.edu.mx\/index.php?rest_route=%2Fwp%2Fv2%2Fmedia&parent=35909"}],"curies":[{"name":"wp","href":"https:\/\/api.w.org\/{rel}","templated":true}]}}