
{"id":27946,"date":"2021-11-29T19:09:24","date_gmt":"2021-11-30T01:09:24","guid":{"rendered":"https:\/\/unez.edu.mx\/?page_id=27946"},"modified":"2021-12-23T11:12:36","modified_gmt":"2021-12-23T17:12:36","slug":"resultados-examen-medicina-2021","status":"publish","type":"page","link":"https:\/\/unez.edu.mx\/?page_id=27946","title":{"rendered":"Resultados Examen Medicina 2021"},"content":{"rendered":"<h4 style=\"text-align: center;\">Lista de aspirantes seleccionados para ingresar a la carrera de Licenciado en M\u00e9dico Cirujano en el semestre febrero &#8211; julio 2021 en la Universidad Emiliano Zapata<\/h4>\n<p>A continuaci\u00f3n descarga la lista de aspirantes seleccionados dando clic<span style=\"color: #0000ff;\"> aqu\u00ed <\/span>o sobre la imagen para ver las personas que aprobaron el examen de admisi\u00f3n a Medicina 2021.<\/p>\n<p><img loading=\"lazy\" decoding=\"async\" class=\"size-medium wp-image-27950 aligncenter\" src=\"https:\/\/unez.edu.mx\/wp-content\/uploads\/2021\/11\/aprobado-300x147.jpg\" alt=\"\" width=\"300\" height=\"147\" srcset=\"https:\/\/unez.edu.mx\/wp-content\/uploads\/2021\/11\/aprobado-300x147.jpg 300w, https:\/\/unez.edu.mx\/wp-content\/uploads\/2021\/11\/aprobado.jpg 531w\" sizes=\"auto, (max-width: 300px) 100vw, 300px\" \/><\/p>\n<p>Importante: Estar al pendiente de su correo personal para recibir la constancia de selecci\u00f3n con su cita para la entrevista psicol\u00f3gica y de salud.<\/p>\n<p><strong>Ser culto, para ser libre.<\/strong><\/p>\n<p style=\"text-align: center;\"><strong>Aviso de Privacidad para la Protecci\u00f3n de Datos Personales<\/strong><\/p>\n<p>En t\u00e9rminos de lo previsto en la <strong>Ley Federal de Protecci\u00f3n de Datos Personales<\/strong> en Posesi\u00f3n de los Particulares (en lo sucesivo denominada como &#8220;la Ley&#8221;), La Universidad Emiliano Zapata, titular de los Reconocimientos de Validez Oficial de Estudios otorgados por la Secretar\u00eda de Educaci\u00f3n P\u00fablica y cuyos n\u00fameros se oficialmente reconocido, establece el presente Aviso de Privacidad de conformidad con lo siguiente: <strong>T\u00e9rminos y Condiciones<\/strong><\/p>\n<p>1.- El presente Aviso de Privacidad tiene por finalidad la protecci\u00f3n de los datos personales de los integrantes de la comunidad universitaria (aspirantes, alumnos, egresados, personal directivo, personal docente y personal administrativo), mediante su tratamiento leg\u00edtimo, controlado e informado, a efecto de garantizar su privacidad, as\u00ed como su derecho a la autodeterminaci\u00f3n informativa. 2.- Dato Personal es Cualquier informaci\u00f3n concerniente a una persona f\u00edsica identificada o identificable; el responsable de recabar los datos personales es el \u00e1rea de promotor\u00eda de inscripciones (procesos de promoci\u00f3n); el \u00e1rea de Legalizaci\u00f3n (una vez que los alumnos se hayan inscrito formalmente). 3.- El domicilio de la Universidad Emiliano Zapata y del \u00e1rea responsable, es el mismo que se tiene registrado ante la Secretar\u00eda de Educaci\u00f3n P\u00fablica que se encuentra oficialmente reconocido. 4.- Al proporcionar tus Datos Personales por escrito, a trav\u00e9s de una solicitud, formato en papel, formato digital, correo electr\u00f3nico, o cualquier otro documento, aceptas y autorizas a la Universidad de Le\u00f3n del plantel al que perteneces a utilizar y tratar de forma automatizada tus datos personales e informaci\u00f3n suministrada, los cuales formar\u00e1n parte de nuestra base de datos con la finalidad de usarlos, en forma enunciativa, m\u00e1s no limitativa, para: identificarte, ubicarte, comunicarte, contactarte, enviarte informaci\u00f3n y\/o bienes, as\u00ed como para enviarlos y\/o transferirlos a terceros, dentro y fuera del territorio nacional, por cualquier medio que permita la ley para cumplir con nuestros fines sociales. 5.- La temporalidad del manejo de tus Datos Personales ser\u00e1 indefinida a partir de la fecha en que nos los proporciones, pudiendo oponerte al manejo de los mismos en cualquier momento que lo consideres oportuno, con las limitaciones de Ley; en caso de que tu solicitud de oposici\u00f3n sea procedente, la Universidad Emiliano Zapata dejar\u00e1 de manejar tus Datos Personales sin ninguna responsabilidad de nuestra parte. Quedan fuera de este supuesto las Bases de Datos referentes a las calificaciones y dem\u00e1s informaci\u00f3n acad\u00e9mica de los alumnos, ex alumnos y egresados de la Universidad Emiliano Zapata, y alumnos en movilidad o en intercambio provenientes de otras instituciones. 6.- El \u00e1rea de la Universidad Emiliano Zapata responsable del tratamiento de tus datos personales, est\u00e1 obligada a cumplir con los principios de licitud, consentimiento, informaci\u00f3n, calidad, finalidad, lealtad, proporcionalidad y responsabilidad tutelados en la Ley; se compromete a guardar estricta confidencialidad de tus datos personales, as\u00ed como a mantener las medidas de seguridad administrativas, t\u00e9cnicas y f\u00edsicas que permitan protegerlos contra cualquier da\u00f1o, p\u00e9rdida, alteraci\u00f3n, acceso o tratamiento no autorizado.\u00a0 7.- En t\u00e9rminos de lo establecido por el art\u00edculo 22 de la Ley, tienes derecho en cualquier momento a ejercer tus derechos de acceso, rectificaci\u00f3n, cancelaci\u00f3n y oposici\u00f3n al tratamiento de tus datos personales a partir 30 de Noviembre del 2021, mediante la solicitud v\u00eda correo electr\u00f3nico dirigido al Ing. Jos\u00e9 Manuel Mart\u00ednez Mart\u00ednez (<span style=\"color: #0000ff;\"><a style=\"color: #0000ff;\" href=\"mailto:jose.martinez@unez.edu.mx\">jose.martinez@unez.edu.mx<\/a> <\/span>) en la Universidad Emiliano Zapata del plantel que corresponda \u00f3 por escrito en el domicilio oficial conteniendo los requisitos que marca la Ley. 8.- La Universidad Emiliano Zapata ocasionalmente modificar\u00e1 y corregir\u00e1 este Aviso de Privacidad, por lo tanto te pedimos que revises este aviso regularmente en la p\u00e1gina de internet <span style=\"color: #0000ff;\"><a style=\"color: #0000ff;\" href=\"http:\/\/www.unez.edu.mx\">www.unez.edu.mx<\/a><\/span> La Universidad Emiliano Zapata proteger\u00e1 tus Datos Personales en los t\u00e9rminos de la Ley, y te comunicar\u00e1 los elementos contenidos en las fracciones del art\u00edculo 16 de la Ley. 9.- El hecho de firmar tu ficha de inscripci\u00f3n \u00f3 reinscripci\u00f3n a la Universidad de Le\u00f3n, es un hecho que presume tu total aceptaci\u00f3n al contenido del presente Aviso de Privacidad para la Protecci\u00f3n de Datos Personales.<\/p>\n","protected":false},"excerpt":{"rendered":"<p>Lista de aspirantes seleccionados para ingresar a la carrera de Licenciado en M\u00e9dico Cirujano en el semestre febrero &#8211; julio&#8230;<\/p>\n","protected":false},"author":3,"featured_media":0,"parent":0,"menu_order":0,"comment_status":"closed","ping_status":"closed","template":"","meta":{"_joinchat":[],"footnotes":""},"class_list":["post-27946","page","type-page","status-publish","hentry"],"_links":{"self":[{"href":"https:\/\/unez.edu.mx\/index.php?rest_route=\/wp\/v2\/pages\/27946","targetHints":{"allow":["GET"]}}],"collection":[{"href":"https:\/\/unez.edu.mx\/index.php?rest_route=\/wp\/v2\/pages"}],"about":[{"href":"https:\/\/unez.edu.mx\/index.php?rest_route=\/wp\/v2\/types\/page"}],"author":[{"embeddable":true,"href":"https:\/\/unez.edu.mx\/index.php?rest_route=\/wp\/v2\/users\/3"}],"replies":[{"embeddable":true,"href":"https:\/\/unez.edu.mx\/index.php?rest_route=%2Fwp%2Fv2%2Fcomments&post=27946"}],"version-history":[{"count":10,"href":"https:\/\/unez.edu.mx\/index.php?rest_route=\/wp\/v2\/pages\/27946\/revisions"}],"predecessor-version":[{"id":30233,"href":"https:\/\/unez.edu.mx\/index.php?rest_route=\/wp\/v2\/pages\/27946\/revisions\/30233"}],"wp:attachment":[{"href":"https:\/\/unez.edu.mx\/index.php?rest_route=%2Fwp%2Fv2%2Fmedia&parent=27946"}],"curies":[{"name":"wp","href":"https:\/\/api.w.org\/{rel}","templated":true}]}}