
{"id":25992,"date":"2021-09-01T20:13:15","date_gmt":"2021-09-02T02:13:15","guid":{"rendered":"https:\/\/unez.edu.mx\/?page_id=25992"},"modified":"2026-03-23T20:26:26","modified_gmt":"2026-03-24T02:26:26","slug":"inscripcion-examen-de-admision-de-medicina","status":"publish","type":"page","link":"https:\/\/unez.edu.mx\/?page_id=25992","title":{"rendered":"Inscripci\u00f3n a Examen de Admisi\u00f3n a Medicina UNEZ"},"content":{"rendered":"<h5 style=\"text-align: center;\"><img loading=\"lazy\" decoding=\"async\" class=\"alignnone wp-image-59752\" src=\"https:\/\/unez.edu.mx\/wp-content\/uploads\/2026\/03\/portada-medicina-2026-212x300.jpg\" alt=\"\" width=\"297\" height=\"420\" srcset=\"https:\/\/unez.edu.mx\/wp-content\/uploads\/2026\/03\/portada-medicina-2026-212x300.jpg 212w, https:\/\/unez.edu.mx\/wp-content\/uploads\/2026\/03\/portada-medicina-2026.jpg 572w\" sizes=\"auto, (max-width: 297px) 100vw, 297px\" \/><\/h5>\n<h5 style=\"text-align: center;\">Bienvenid@, en esta secci\u00f3n llenar\u00e1s el formulario que se encuentra en la parte inferior para completar tu proceso de inscripci\u00f3n al examen de admisi\u00f3n a medicina 2026, es importante que tengas tu ticket de pago proporcionado por tesorer\u00eda de la UNEZ y anotar el n\u00famero de folio que se encuentra en la parte inferior, asi como subir fotograf\u00eda del ticket en formato PDF o JPEG para completar tu proceso con \u00e9xito.<\/h5>\n<div class=\"frm_forms  with_frm_style frm_style_formidable-style\" id=\"frm_form_66_container\" >\n<form enctype=\"multipart\/form-data\" method=\"post\" class=\"frm-show-form  frm_pro_form  frm_slideup \" id=\"form_ctxzn22\" >\n<div class=\"frm_form_fields  frm_page_num_1\">\n<fieldset>\n<legend class=\"frm_screen_reader\">INSCRIPCI\u00d3N A EXAMEN DE ADMISI\u00d3N MEDICINA UNEZ JULIO 2026<\/legend>\r\n\r\n<div class=\"frm_fields_container\">\n<div class=\"frm_rootline_group\" role=\"group\" tabindex=\"0\" aria-label=\"Page 1 of 3\" ><ul class=\"frm_page_bar frm_rootline_3 frm_progress frm_progress_line  frm_show_lines frm_show_titles\"><li class=\"frm_rootline_single frm_current_page\"><span class=\"frm_rootline_title\">Inicio<\/span><input type=\"button\" value=\"1\" data-page=\"\" class=\" frm_page_1\" aria-disabled=\"true\" data-field=\"0\" aria-label=\"Inicio\"  \/><\/li><li class=\"frm_rootline_single\"><span class=\"frm_rootline_title\">Siguiente<\/span><input type=\"button\" value=\"2\" data-page=\"29\" class=\"frm_page_skip frm_page_2\" data-field=\"2710\" aria-label=\"Siguiente\"  \/><\/li><li class=\"frm_rootline_single\"><span class=\"frm_rootline_title\">Fin<\/span><input type=\"button\" value=\"3\" data-page=\"50\" class=\"frm_page_skip frm_page_3\" data-field=\"2721\" aria-label=\"Fin\"  \/><\/li><\/ul><div class=\"frm_percent_complete\">0% Complete<\/div><div class=\"frm_pages_complete\">1 of 3<\/div><div class=\"frm_clearfix\"><\/div><\/div><input type=\"hidden\" name=\"frm_action\" value=\"create\" \/>\n<input type=\"hidden\" name=\"form_id\" value=\"66\" \/>\n<input type=\"hidden\" name=\"frm_hide_fields_66\" id=\"frm_hide_fields_66\" value=\"\" \/>\n<input type=\"hidden\" name=\"form_key\" value=\"ctxzn22\" \/>\n<input type=\"hidden\" name=\"item_meta[0]\" value=\"\" \/>\n<input type=\"hidden\" id=\"frm_submit_entry_66\" name=\"frm_submit_entry_66\" value=\"5aa70358a0\" \/><input type=\"hidden\" name=\"_wp_http_referer\" value=\"\/index.php?rest_route=%2Fwp%2Fv2%2Fpages%2F25992\" \/><div id=\"frm_field_2703_container\" class=\"frm_form_field frm_section_heading form-field  frm_full\">\r\n<h3 class=\"frm_pos_top frm_section_spacing\">Leer y llenar con cuidado el siguiente formulario para completar tu inscripci\u00f3n al examen y\/o curso de admisi\u00f3n a Medicina UNEZ 2026<\/h3>\r\n\r\n\r\n<div id=\"frm_field_2704_container\" class=\"frm_form_field form-field  frm_required_field frm_top_container frm_full\">\r\n    <label for=\"field_email4b0dd13794d9f7f6130dee4cf7daed3333\" id=\"field_email4b0dd13794d9f7f6130dee4cf7daed3333_label\" class=\"frm_primary_label\">Escribe tu folio que viene en el ticket de pago del primer examen en la parte inferior (ejemplo TKC4UN-0000033)\r\n        <span class=\"frm_required\">*<\/span>\r\n    <\/label>\r\n    <input  type=\"text\" id=\"field_email4b0dd13794d9f7f6130dee4cf7daed3333\" name=\"item_meta[2704]\" value=\"\"  data-sectionid=\"2703\"  data-reqmsg=\"Este campo no puede estar vac\u00edo.\" aria-required=\"true\" data-invmsg=\"Por favor, introduce una direcci\u00f3n de correo electr\u00f3nico v\u00e1lida\" aria-invalid=\"false\"   \/>\r\n    \r\n    \r\n<\/div>\n<div id=\"frm_field_2705_container\" class=\"frm_form_field form-field  frm_required_field frm_top_container vertical_radio\">\r\n\t<div  id=\"field_h9c532_label\" class=\"frm_primary_label\">\u00bfTe inscribiste al curso preparaci\u00f3n Medicina 2026?\r\n\t\t<span class=\"frm_required\" aria-hidden=\"true\">*<\/span>\r\n\t<\/div>\r\n\t<div class=\"frm_opt_container\" aria-labelledby=\"field_h9c532_label\" role=\"radiogroup\" aria-required=\"true\">\t\t<div class=\"frm_radio\" id=\"frm_radio_2705-2703-0\">\t\t\t<label  for=\"field_h9c532-0\">\n\t\t\t\t\t<input type=\"radio\" name=\"item_meta[2705]\" id=\"field_h9c532-0\" value=\"Si\"\n\t\t data-sectionid=\"2703\"  data-reqmsg=\"Este campo no puede estar vac\u00edo.\" data-invmsg=\"\u00bfTe inscribiste al curso preparaci\u00f3n Medicina 2026? is invalid\"   \/> Si<\/label><\/div>\n\t\t<div class=\"frm_radio\" id=\"frm_radio_2705-2703-1\">\t\t\t<label  for=\"field_h9c532-1\">\n\t\t\t\t\t<input type=\"radio\" name=\"item_meta[2705]\" id=\"field_h9c532-1\" value=\"No\"\n\t\t data-sectionid=\"2703\"  data-reqmsg=\"Este campo no puede estar vac\u00edo.\" data-invmsg=\"\u00bfTe inscribiste al curso preparaci\u00f3n Medicina 2026? is invalid\"   \/> No<\/label><\/div>\n<\/div>\r\n\t\r\n\t\r\n<\/div>\n<div id=\"frm_field_2706_container\" class=\"frm_form_field form-field  frm_required_field frm_top_container\">\r\n\t<label for=\"field_2b45032\" id=\"field_2b45032_label\" class=\"frm_primary_label\">Favor de subir la fotograf\u00eda del ticket de pago en formato PDF o JPEG.\r\n\t\t<span class=\"frm_required\" aria-hidden=\"true\">*<\/span>\r\n\t<\/label>\r\n\t<input type=\"hidden\"  data-sectionid=\"2703\"  data-reqmsg=\"Este campo no puede estar vac\u00edo.\" data-invmsg=\"Favor de subir la fotograf\u00eda del ticket de pago en formato PDF o JPEG. is invalid\" aria-invalid=\"false\"   name=\"item_meta[2706]\"  data-reqmsg=\"Este campo no puede estar vac\u00edo.\"  value=\"\" data-frmfile=\"2706\" \/>\n\n<div class=\"frm_dropzone frm_single_upload frm_clearfix\" id=\"file2706_dropzone\" role=\"group\" >\n\t<div class=\"fallback\">\n\t\t<input type=\"file\" name=\"file2706\" id=\"field_2b45032\"\n\t\t\t data-sectionid=\"2703\"  data-reqmsg=\"Este campo no puede estar vac\u00edo.\" data-invmsg=\"Favor de subir la fotograf\u00eda del ticket de pago en formato PDF o JPEG. is invalid\" aria-invalid=\"false\"  \t\t\t\/>\n\t\t\t\t<div class=\"frm_clearfix \"><\/div>\n\t<\/div>\n\t<div class=\"dz-message needsclick\">\n\t\t\t\t<svg  viewBox=\"0 0 18 18\" class=\"frmsvg frm-svg-icon\">\n\t<path viewBox=\"0 0 18 18\" fill-rule=\"evenodd\" clip-rule=\"evenodd\" d=\"M8.2 4v8a.8.8 0 001.5 0V4l2.1 2.2A.7.7 0 1013 5L9.5 1.7a.7.7 0 00-1.1 0L5.1 5.2a.8.8 0 001 1l2.1-2zm7.6 4.3c.4 0 .7.3.7.7v6.8c0 .4-.3.7-.8.7H2.3a.8.8 0 01-.8-.8V9A.8.8 0 013 9v6h12V9c0-.4.3-.8.8-.8z\"><\/path>\n<\/svg>\t\t<span class=\"frm_upload_text\"><button type=\"button\" aria-label=\"Favor de subir la fotograf\u00eda del ticket de pago en formato PDF o JPEG.. Drop a file here or click to upload. Maximum file size: 2.1MB\">Drop a file here or click to upload<\/button><\/span>\n\t\t<span class=\"frm_compact_text\"><button type=\"button\" aria-label=\"Favor de subir la fotograf\u00eda del ticket de pago en formato PDF o JPEG.. Choose File. Maximum file size: 2.1MB\">Choose File<\/button><\/span>\n\t\t<div class=\"frm_small_text\">\n\t\t\t<p>Maximum file size: 2.1MB<\/p>\n\t\t<\/div>\n\t<\/div>\n<\/div>\n\t\r\n\t\r\n\t\r\n<\/div>\n<div id=\"frm_field_2707_container\" class=\"frm_form_field form-field  frm_required_field frm_top_container frm_full\">\r\n    <label for=\"field_k7d1q9952c43d763333\" id=\"field_k7d1q9952c43d763333_label\" class=\"frm_primary_label\">Direcci\u00f3n de correo electr\u00f3nico (evita usar @icloud.com)\r\n        <span class=\"frm_required\">*<\/span>\r\n    <\/label>\r\n    <input type=\"email\" id=\"field_k7d1q9952c43d763333\" name=\"item_meta[2707]\" value=\"\"  data-sectionid=\"2703\"  data-reqmsg=\"Este campo no puede estar vac\u00edo.\" aria-required=\"true\" data-invmsg=\"Por favor, introduce una direcci\u00f3n de correo electr\u00f3nico v\u00e1lida\" aria-invalid=\"false\"   aria-describedby=\"frm_desc_field_k7d1q9952c43d763333\"\/>\r\n    <div class=\"frm_description\" id=\"frm_desc_field_k7d1q9952c43d763333\">Para continuar con tu proceso de admisi\u00f3n a LMC, recibir\u00e1s un correo con informaci\u00f3n importante en un plazo de 24 horas al correo que proporcionaste.\r\nEste mensaje puede llegar a la carpeta de SPAM o CORREO NO DESEADO, por lo que es fundamental revisarla.\r\nAseg\u00farate tambi\u00e9n de que tu bandeja de entrada tenga espacio suficiente para recibir nuevos correos.<\/div>\r\n    \r\n<\/div>\n<div id=\"frm_field_2708_container\" class=\"frm_form_field form-field  frm_required_field frm_top_container frm12 frm_first\">\r\n    <label for=\"field_z01ns24b8a1aae5e0f95d70713333\" id=\"field_z01ns24b8a1aae5e0f95d70713333_label\" class=\"frm_primary_label\">Confirmaci\u00f3n de correo electr\u00f3nico (evita usar @icloud.com)\r\n        <span class=\"frm_required\">*<\/span>\r\n    <\/label>\r\n    <input type=\"email\" id=\"field_z01ns24b8a1aae5e0f95d70713333\" name=\"item_meta[2708]\" value=\"\"  data-sectionid=\"2703\"  data-reqmsg=\"Este campo no puede estar vac\u00edo.\" aria-required=\"true\" data-invmsg=\"Text is invalid\" aria-invalid=\"false\"  \/>\r\n    \r\n    \r\n<\/div>\n<\/div>\n<input type=\"hidden\" name=\"frm_page_order_66\" id=\"frm_page_order_66\" value=\"29\" \/><input type=\"hidden\" name=\"item_meta[2711]\" id=\"field_45ppfdc23e14a1b74b84c6298e5f0b835993333\" value=\"\"     \/>\n<input type=\"hidden\" name=\"item_meta[2712]\" id=\"field_nombre_completoe1249dad8cecd1a1706cdd82dbf9993333\" value=\"\"  data-sectionid=\"2711\"     \/>\n<input type=\"hidden\" name=\"item_meta[2713]\" id=\"field_s0xif333\" value=\"\"  data-sectionid=\"2711\"     \/>\n<input type=\"hidden\" name=\"item_meta[2714]\" id=\"field_sexo5d9246c2f7264f1cd2ca614352169a3333-0\" value=\"\"  data-sectionid=\"2711\"     \/>\n<input type=\"hidden\" name=\"item_meta[2715]\" id=\"field_edad2d2e74154ad01792be352a9f6daed03333\" value=\"\"  data-sectionid=\"2711\"     \/>\n<input type=\"hidden\" name=\"item_meta[2716]\" id=\"field_celular137c4d81d0cb3ae45800c626f73aad3333\" value=\"\"  data-sectionid=\"2711\"     \/>\n<input type=\"hidden\" name=\"item_meta[2717]\" id=\"field_tel_casa904bd43ac50ec037bd53333\" value=\"\"  data-sectionid=\"2711\"     \/>\n<input type=\"hidden\" name=\"item_meta[2718]\" id=\"field_padecimientos8e4f031c9e61ddf117a69e786ce09eeb034485d13333-0\" value=\"\"  data-sectionid=\"2711\"     \/>\n<input type=\"hidden\" name=\"item_meta[2719]\" id=\"field_padecimientosd892cda5d5c3f193a59f97c78e55ae3333\" value=\"\"  data-sectionid=\"2711\"     \/>\n<input type=\"hidden\" name=\"item_meta[2720]\" id=\"field_ovlfk4f3791c717d3bfcb38e9097104c91c3333\" value=\"\"     \/>\n<input type=\"hidden\" name=\"item_meta[2721]\" id=\"field_9njea8242cdcd7f092c6772e1bb50b74ef03333\" value=\"\"     \/>\n<input type=\"hidden\" name=\"item_meta[2722]\" id=\"field_5revha007b5869c0f9ff53463333\" value=\"\"     \/>\n<input type=\"hidden\" name=\"item_meta[2723]\" id=\"field_callecf02b3e386f34f714b44e709e1b8dd3333\" value=\"\"  data-sectionid=\"2722\"     \/>\n<input type=\"hidden\" name=\"item_meta[2724]\" id=\"field_numero_calle62738e55561eb660318c78f9273ecd3333\" value=\"\"  data-sectionid=\"2722\"     \/>\n<input type=\"hidden\" name=\"item_meta[2725]\" id=\"field_coloniafd0c0b772ee80d83fa1c5515cc8c8d3333\" value=\"\"  data-sectionid=\"2722\"     \/>\n<input type=\"hidden\" name=\"item_meta[2726]\" id=\"field_b6ry0b0a75b4c001ccde45a9ad09aa513993333\" value=\"\"  data-sectionid=\"2722\"     \/>\n<input type=\"hidden\" name=\"item_meta[2727]\" id=\"field_municipiod8f812473ea0d29d9fda696102d1bd3333\" value=\"\"  data-sectionid=\"2722\"     \/>\n<input type=\"hidden\" name=\"item_meta[2728]\" id=\"field_estado12816ce5afaed49986e40def881c6c3333\" value=\"\"  data-sectionid=\"2722\"     \/>\n<input type=\"hidden\" name=\"item_meta[2729]\" id=\"field_paise6641cb9775f4d71a704a39e62f3603333\" value=\"\"  data-sectionid=\"2722\"     \/>\n<input type=\"hidden\" name=\"item_meta[2730]\" id=\"field_3qq5x877915e82b3ac5d6b0ae10eb6c708f3333\" value=\"\"     \/>\n<input type=\"hidden\" name=\"item_meta[2731]\" id=\"field_pshshde3c14121fc288a28efea3606984c33333\" value=\"\"     \/>\n<input type=\"hidden\" name=\"item_meta[2732]\" id=\"field_prjw133\" value=\"\" data-frmval=\"\"\/>\n<input type=\"hidden\" name=\"item_meta[2733]\" id=\"field_a9v2z432\" value=\"\"     \/>\n\t<input type=\"hidden\" name=\"item_key\" value=\"\" \/>\n\t\t\t<div id=\"frm_field_2734_container\">\n\t\t\t<label for=\"field_6vlv1\" >\n\t\t\t\tIf you are human, leave this field blank.\t\t\t<\/label>\n\t\t\t<input  id=\"field_6vlv1\" type=\"text\" class=\"frm_form_field form-field frm_verify\" name=\"item_meta[2734]\" value=\"\"  \/>\n\t\t<\/div>\n\t\t<input name=\"frm_state\" type=\"hidden\" value=\"APczMP4WcI+Be99+DUWju4LZNsZ1c8xtkRlnfE5NYhbzAsDIcFzomhYEWnLJl3sn\" \/><div class=\"frm_submit\">\r\n\r\n<button class=\"frm_button_submit\" type=\"submit\"   formnovalidate=\"formnovalidate\">Siguiente<\/button>\r\n\r\n<\/div><\/div>\n<\/fieldset>\n<\/div>\n\n<\/form>\n<\/div>\n\n","protected":false},"excerpt":{"rendered":"<p>Bienvenid@, en esta secci\u00f3n llenar\u00e1s el formulario que se encuentra en la parte inferior para completar tu proceso de inscripci\u00f3n&#8230;<\/p>\n","protected":false},"author":3,"featured_media":0,"parent":0,"menu_order":0,"comment_status":"closed","ping_status":"closed","template":"","meta":{"_joinchat":[],"footnotes":""},"class_list":["post-25992","page","type-page","status-publish","hentry"],"_links":{"self":[{"href":"https:\/\/unez.edu.mx\/index.php?rest_route=\/wp\/v2\/pages\/25992","targetHints":{"allow":["GET"]}}],"collection":[{"href":"https:\/\/unez.edu.mx\/index.php?rest_route=\/wp\/v2\/pages"}],"about":[{"href":"https:\/\/unez.edu.mx\/index.php?rest_route=\/wp\/v2\/types\/page"}],"author":[{"embeddable":true,"href":"https:\/\/unez.edu.mx\/index.php?rest_route=\/wp\/v2\/users\/3"}],"replies":[{"embeddable":true,"href":"https:\/\/unez.edu.mx\/index.php?rest_route=%2Fwp%2Fv2%2Fcomments&post=25992"}],"version-history":[{"count":28,"href":"https:\/\/unez.edu.mx\/index.php?rest_route=\/wp\/v2\/pages\/25992\/revisions"}],"predecessor-version":[{"id":59753,"href":"https:\/\/unez.edu.mx\/index.php?rest_route=\/wp\/v2\/pages\/25992\/revisions\/59753"}],"wp:attachment":[{"href":"https:\/\/unez.edu.mx\/index.php?rest_route=%2Fwp%2Fv2%2Fmedia&parent=25992"}],"curies":[{"name":"wp","href":"https:\/\/api.w.org\/{rel}","templated":true}]}}