
{"id":17336,"date":"2021-02-15T19:14:55","date_gmt":"2021-02-16T01:14:55","guid":{"rendered":"https:\/\/unez.edu.mx\/?page_id=17336"},"modified":"2026-02-03T09:42:24","modified_gmt":"2026-02-03T15:42:24","slug":"becas","status":"publish","type":"page","link":"https:\/\/unez.edu.mx\/?page_id=17336","title":{"rendered":"Becas"},"content":{"rendered":"<div class=\"wpb-content-wrapper\"><p>[vc_row][vc_column][vc_column_text css=&#8221;&#8221;]<\/p>\n<h4 style=\"text-align: center;\"><strong>Bienvenido a la secci\u00f3n de Becas UNEZ 2026<\/strong><\/h4>\n<h4>En nuestro compromiso por fomentar la educaci\u00f3n superior y apoyar a nuestros estudiantes, ofrecemos una variedad de becas dise\u00f1adas para ayudar a aquellos que demuestran necesidad econ\u00f3mica y excelencia acad\u00e9mica, la Universidad Emiliano Zapata te invita a conocer los diferentes tipos de becas que estan disponibles para ti, da clic <span style=\"color: #0000ff;\"><a style=\"color: #0000ff;\" href=\"http:\/\/www.unez.edu.mx\/becas\/2025\/2501_tipos_becas.pdf\">aqui<\/a><\/span> para informarte y conocerlas.<\/h4>\n<h4 style=\"text-align: center;\"><\/h4>\n<hr>\n<hr>\n<h3 style=\"text-align: center;\">CONVOCATORIA<\/h3>\n<h4>La Universidad Emiliano Zapata invita a la comunidad escolar a conocer los requisitos para obtener beca de bajos recursos, da clic <span style=\"color: #0000ff;\"><a style=\"color: #0000ff;\" href=\"http:\/\/www.unez.edu.mx\/becas\/2026\/2601_becasbr.pdf\">aqu\u00ed<\/a> <\/span>o sobre la imagen para descargar la convocatoria y conocer los documentos necesarios para tramitar la beca.<\/h4>\n<p><a href=\"http:\/\/www.unez.edu.mx\/becas\/2026\/2601_becasbr.pdf\"><img loading=\"lazy\" decoding=\"async\" class=\" wp-image-59735 aligncenter\" src=\"https:\/\/unez.edu.mx\/wp-content\/uploads\/2026\/02\/becas-233x300.jpg\" alt=\"\" width=\"338\" height=\"435\" srcset=\"https:\/\/unez.edu.mx\/wp-content\/uploads\/2026\/02\/becas-233x300.jpg 233w, https:\/\/unez.edu.mx\/wp-content\/uploads\/2026\/02\/becas.jpg 627w\" sizes=\"auto, (max-width: 338px) 100vw, 338px\" \/><\/a><\/p>\n<p>Estas becas se mantienen para apoyar a nuestros alumnos cuya situaci\u00f3n econ\u00f3mica no les permita cubrir los costos de una carrera universitaria. Para obtener este apoyo que consiste en una beca de hasta el 50%, el alumno deber\u00e1 acreditar que no tiene materias pendientes por cursar en tercera oportunidad y presentar la solicitud de beca, dentro del per\u00edodos comprendidos y marcados por la coordinaci\u00f3n de becas.<\/p>\n<p>Despu\u00e9s de haber realizado el estudio socioecon\u00f3mico y de dictaminar las condiciones del solicitante se le informar\u00e1 si fue denegada o autorizada con el porcentaje de beca correspondiente.<\/p>\n<hr>\n<hr>\n<p><strong>Cont\u00e1ctanos:<\/strong><br \/>\nSi tienes preguntas adicionales, no dudes en contactarnos a trav\u00e9s de la mesa de trabajo dando clic en el boton.[\/vc_column_text][\/vc_column][\/vc_row][vc_row][vc_column]<div class=\"centered-box\"><a class=\"sc-button \"  href=\"https:\/\/unez.edu.mx\/soporte\/index.php?a=add&#038;category=12\" target=\"_blank\" style=\"color: #eeee22;background-color: #dd3333;\">Becas<\/a><\/div>[\/vc_column][\/vc_row][vc_row][vc_column][vc_column_text]<\/p>\n<h4 style=\"text-align: center;\">Ser culto, para ser libre.<\/h4>\n<p>[\/vc_column_text][\/vc_column][\/vc_row]<\/p>\n<\/div>","protected":false},"excerpt":{"rendered":"<p>[vc_row][vc_column][vc_column_text css=&#8221;&#8221;] Bienvenido a la secci\u00f3n de Becas UNEZ 2026 En nuestro compromiso por fomentar la educaci\u00f3n superior y apoyar&#8230;<\/p>\n","protected":false},"author":3,"featured_media":0,"parent":0,"menu_order":0,"comment_status":"closed","ping_status":"closed","template":"","meta":{"_joinchat":[],"footnotes":""},"class_list":["post-17336","page","type-page","status-publish","hentry"],"_links":{"self":[{"href":"https:\/\/unez.edu.mx\/index.php?rest_route=\/wp\/v2\/pages\/17336","targetHints":{"allow":["GET"]}}],"collection":[{"href":"https:\/\/unez.edu.mx\/index.php?rest_route=\/wp\/v2\/pages"}],"about":[{"href":"https:\/\/unez.edu.mx\/index.php?rest_route=\/wp\/v2\/types\/page"}],"author":[{"embeddable":true,"href":"https:\/\/unez.edu.mx\/index.php?rest_route=\/wp\/v2\/users\/3"}],"replies":[{"embeddable":true,"href":"https:\/\/unez.edu.mx\/index.php?rest_route=%2Fwp%2Fv2%2Fcomments&post=17336"}],"version-history":[{"count":97,"href":"https:\/\/unez.edu.mx\/index.php?rest_route=\/wp\/v2\/pages\/17336\/revisions"}],"predecessor-version":[{"id":59736,"href":"https:\/\/unez.edu.mx\/index.php?rest_route=\/wp\/v2\/pages\/17336\/revisions\/59736"}],"wp:attachment":[{"href":"https:\/\/unez.edu.mx\/index.php?rest_route=%2Fwp%2Fv2%2Fmedia&parent=17336"}],"curies":[{"name":"wp","href":"https:\/\/api.w.org\/{rel}","templated":true}]}}