
{"id":13344,"date":"2020-11-25T22:41:48","date_gmt":"2020-11-26T04:41:48","guid":{"rendered":"https:\/\/unez.edu.mx\/?page_id=13344"},"modified":"2021-07-16T16:27:26","modified_gmt":"2021-07-16T22:27:26","slug":"pago-en-linea","status":"publish","type":"page","link":"https:\/\/unez.edu.mx\/?page_id=13344","title":{"rendered":"Pago en L\u00ednea"},"content":{"rendered":"\n<p><h4>Ante la situaci\u00f3n actual de pandemia que sigue y vivimos hoy en d\u00eda, y para garantizar el pago correcto de los conceptos dentro&nbsp; de la UNEZ, a continuaci\u00f3n te colocamos un instructivo para realizar de manera adecuada el pago en l\u00ednea. Da clic <span style=\"color: #0000ff;\"><a style=\"color: #0000ff;\" href=\"http:\/\/www.unez.edu.mx\/formatos\/2021\/pago_linea_2021.pdf\" target=\"_blank\" rel=\"noopener noreferrer\">aqu\u00ed<\/a><\/span> o sobre la imagen para descargar el instructivo.<\/h4>\n<p><a href=\"http:\/\/www.unez.edu.mx\/formatos\/2021\/pago_linea_2021.pdf\" target=\"_blank\" rel=\"noopener noreferrer\"><img loading=\"lazy\" decoding=\"async\" class=\"alignnone size-medium wp-image-13360 aligncenter\" src=\"https:\/\/unez.edu.mx\/wp-content\/uploads\/2020\/11\/pago_linea_380-300x118.png\" alt=\"\" width=\"300\" height=\"118\" srcset=\"https:\/\/unez.edu.mx\/wp-content\/uploads\/2020\/11\/pago_linea_380-300x118.png 300w, https:\/\/unez.edu.mx\/wp-content\/uploads\/2020\/11\/pago_linea_380.png 382w\" sizes=\"auto, (max-width: 300px) 100vw, 300px\" \/><\/a><\/p>\n<h4>UNEZ, Ser culto para ser libre.<\/h4><\/p>\n\n\n\n<p>&nbsp;<\/p>\n\n\n\n<p>&nbsp;<\/p>\n\n\n\n<p>&nbsp;<\/p>\n","protected":false},"excerpt":{"rendered":"<p>Ante la situaci\u00f3n actual de pandemia que sigue y vivimos hoy en d\u00eda, y para garantizar el pago correcto de&#8230;<\/p>\n","protected":false},"author":3,"featured_media":0,"parent":0,"menu_order":0,"comment_status":"closed","ping_status":"closed","template":"","meta":{"_joinchat":[],"footnotes":""},"class_list":["post-13344","page","type-page","status-publish","hentry"],"_links":{"self":[{"href":"https:\/\/unez.edu.mx\/index.php?rest_route=\/wp\/v2\/pages\/13344","targetHints":{"allow":["GET"]}}],"collection":[{"href":"https:\/\/unez.edu.mx\/index.php?rest_route=\/wp\/v2\/pages"}],"about":[{"href":"https:\/\/unez.edu.mx\/index.php?rest_route=\/wp\/v2\/types\/page"}],"author":[{"embeddable":true,"href":"https:\/\/unez.edu.mx\/index.php?rest_route=\/wp\/v2\/users\/3"}],"replies":[{"embeddable":true,"href":"https:\/\/unez.edu.mx\/index.php?rest_route=%2Fwp%2Fv2%2Fcomments&post=13344"}],"version-history":[{"count":10,"href":"https:\/\/unez.edu.mx\/index.php?rest_route=\/wp\/v2\/pages\/13344\/revisions"}],"predecessor-version":[{"id":22468,"href":"https:\/\/unez.edu.mx\/index.php?rest_route=\/wp\/v2\/pages\/13344\/revisions\/22468"}],"wp:attachment":[{"href":"https:\/\/unez.edu.mx\/index.php?rest_route=%2Fwp%2Fv2%2Fmedia&parent=13344"}],"curies":[{"name":"wp","href":"https:\/\/api.w.org\/{rel}","templated":true}]}}