
{"id":12200,"date":"2020-01-19T17:25:08","date_gmt":"2020-01-19T23:25:08","guid":{"rendered":"https:\/\/unez.edu.mx\/?page_id=12200"},"modified":"2020-01-19T18:07:39","modified_gmt":"2020-01-20T00:07:39","slug":"tetramestre-enero-abril-2020","status":"publish","type":"page","link":"https:\/\/unez.edu.mx\/?page_id=12200","title":{"rendered":"Tetramestre enero-abril 2020"},"content":{"rendered":"\n<p> <strong>ATENCI\u00d3N: Este calendario aplica para las Ingenier\u00edas y Licenciaturas, excepto para las  carreras de Medicina y de Enfermer\u00eda<\/strong> <\/p>\n\n\n\n<figure class=\"wp-block-image size-large\"><img loading=\"lazy\" decoding=\"async\" width=\"588\" height=\"1024\" src=\"https:\/\/unez.edu.mx\/wp-content\/uploads\/2020\/01\/Calendario-2020-Ene-abr-588x1024.png\" alt=\"\" class=\"wp-image-12198\" srcset=\"https:\/\/unez.edu.mx\/wp-content\/uploads\/2020\/01\/Calendario-2020-Ene-abr-588x1024.png 588w, https:\/\/unez.edu.mx\/wp-content\/uploads\/2020\/01\/Calendario-2020-Ene-abr-172x300.png 172w, https:\/\/unez.edu.mx\/wp-content\/uploads\/2020\/01\/Calendario-2020-Ene-abr-768x1338.png 768w, https:\/\/unez.edu.mx\/wp-content\/uploads\/2020\/01\/Calendario-2020-Ene-abr-882x1536.png 882w, https:\/\/unez.edu.mx\/wp-content\/uploads\/2020\/01\/Calendario-2020-Ene-abr-1176x2048.png 1176w, https:\/\/unez.edu.mx\/wp-content\/uploads\/2020\/01\/Calendario-2020-Ene-abr.png 1200w\" sizes=\"auto, (max-width: 588px) 100vw, 588px\" \/><\/figure>\n","protected":false},"excerpt":{"rendered":"<p>ATENCI\u00d3N: Este calendario aplica para las Ingenier\u00edas y Licenciaturas, excepto para las carreras de Medicina y de Enfermer\u00eda<\/p>\n","protected":false},"author":2,"featured_media":0,"parent":0,"menu_order":0,"comment_status":"closed","ping_status":"closed","template":"","meta":{"_joinchat":[],"footnotes":""},"class_list":["post-12200","page","type-page","status-publish","hentry"],"_links":{"self":[{"href":"https:\/\/unez.edu.mx\/index.php?rest_route=\/wp\/v2\/pages\/12200","targetHints":{"allow":["GET"]}}],"collection":[{"href":"https:\/\/unez.edu.mx\/index.php?rest_route=\/wp\/v2\/pages"}],"about":[{"href":"https:\/\/unez.edu.mx\/index.php?rest_route=\/wp\/v2\/types\/page"}],"author":[{"embeddable":true,"href":"https:\/\/unez.edu.mx\/index.php?rest_route=\/wp\/v2\/users\/2"}],"replies":[{"embeddable":true,"href":"https:\/\/unez.edu.mx\/index.php?rest_route=%2Fwp%2Fv2%2Fcomments&post=12200"}],"version-history":[{"count":3,"href":"https:\/\/unez.edu.mx\/index.php?rest_route=\/wp\/v2\/pages\/12200\/revisions"}],"predecessor-version":[{"id":12226,"href":"https:\/\/unez.edu.mx\/index.php?rest_route=\/wp\/v2\/pages\/12200\/revisions\/12226"}],"wp:attachment":[{"href":"https:\/\/unez.edu.mx\/index.php?rest_route=%2Fwp%2Fv2%2Fmedia&parent=12200"}],"curies":[{"name":"wp","href":"https:\/\/api.w.org\/{rel}","templated":true}]}}