
{"id":11300,"date":"2017-04-25T12:10:05","date_gmt":"2017-04-25T18:10:05","guid":{"rendered":"http:\/\/www.unez.mx\/?page_id=11300"},"modified":"2024-12-19T19:14:26","modified_gmt":"2024-12-20T01:14:26","slug":"inicio-2","status":"publish","type":"page","link":"https:\/\/unez.edu.mx\/","title":{"rendered":"UNEZ &#8211; Universidad Emiliano Zapata"},"content":{"rendered":"<div class=\"wpb-content-wrapper\"><p>[vc_row full_width=&#8221;stretch_row_content&#8221; content_placement=&#8221;middle&#8221; video_bg=&#8221;yes&#8221; video_bg_url=&#8221;https:\/\/www.youtube.com\/watch?v=e6nurhzJQSI&#8221; video_bg_parallax=&#8221;content-moving&#8221; css=&#8221;.vc_custom_1603316647089{margin-top: 0px !important;margin-bottom: 0px !important;}&#8221;][vc_column][vc_row_inner css=&#8221;.vc_custom_1494624069607{margin-top: 0px !important;margin-bottom: 0px !important;}&#8221;][vc_column_inner offset=&#8221;vc_hidden-lg&#8221; css=&#8221;.vc_custom_1494624321383{margin-top: 0px !important;margin-bottom: 0px !important;padding-top: 30px !important;padding-bottom: 30px !important;background-image: url(http:\/\/www.unez.mx\/wp-content\/uploads\/2017\/04\/0002.jpg?id=11244) !important;}&#8221;][\/vc_column_inner][\/vc_row_inner][vc_row_inner css=&#8221;.vc_custom_1494624457117{margin-top: 0px !important;margin-bottom: 0px !important;padding-top: 0px !important;padding-bottom: 0px !important;}&#8221;][vc_column_inner offset=&#8221;vc_hidden-md vc_hidden-sm vc_hidden-xs&#8221; css=&#8221;.vc_custom_1494624442298{margin-top: 0px !important;margin-bottom: 0px !important;padding-top: 0px !important;padding-bottom: 20px !important;}&#8221;]<div class=\"centered-box sc-image-centered-box\"><div class=\"sc-image sc-wrapbox sc-wrapbox-style-default rounded-corners sc-wrapbox-position-centered\" style=\"width: 400px;\"><div class=\"sc-wrapbox-inner\"><img decoding=\"async\" class=\"sc-wrapbox-element img-responsive\" src=\"https:\/\/unez.edu.mx\/wp-content\/uploads\/2023\/07\/logo-png.png\" alt=\"\"\/><\/div><\/div><\/div>[\/vc_column_inner][\/vc_row_inner][vc_row_inner equal_height=&#8221;yes&#8221; css=&#8221;.vc_custom_1494623836215{margin-top: 0px !important;margin-bottom: 0px !important;}&#8221;][vc_column_inner css=&#8221;.vc_custom_1494624076797{margin-top: 0px !important;margin-bottom: 0px !important;background-color: rgba(255,255,255,0.9) !important;*background-color: rgb(255,255,255) !important;}&#8221;]<div class=\"quickfinder row inline-row inline-row-center\">\n<div id=\"post-56\" class=\"quickfinder-item col-md-3 col-sm-4 col-xs-6 inline-column quickfinder-item-effect-scale post-56 scalia_qf_item type-scalia_qf_item status-publish hentry\"> <div class=\"quickfinder-item-image\"> <div class=\"quickfinder-item-image-content \" > <div class=\"sc-icon sc-icon-size-big angle-45deg-r sc-icon-shape-circle sc-simple-icon\" style=\"\"><a href=\"https:\/\/unez.edu.mx\/?page_id=11061\" target=\"_self\"><span class=\"sc-icon-half-1\" style=\"color: #ff3b44;\"><span class=\"back-angle\">&#xe65a;<\/span><\/span><span class=\"sc-icon-half-2\" style=\"color: #cd181f;\"><span class=\"back-angle\">&#xe65a;<\/span><\/span><\/a><\/div> <\/div> <\/div> <div class=\"quickfinder-item-info \" > <div class=\"quickfinder-item-title\"><a href=\"https:\/\/unez.edu.mx\/?page_id=11061\" class=\"quickfinder-item-link img-circle\" target=\"_self\">Admisiones<\/a><\/div> <div class=\"quickfinder-item-text\"><a href=\"https:\/\/unez.edu.mx\/?page_id=11061\" class=\"quickfinder-item-link img-circle\" target=\"_self\">\u00bfEres de nuevo ingreso? Conoce todo lo necesario para ingresar a UNEZ<\/a><\/div> <\/div> <\/div> <div id=\"post-57\" class=\"quickfinder-item col-md-3 col-sm-4 col-xs-6 inline-column quickfinder-item-effect-scale post-57 scalia_qf_item type-scalia_qf_item status-publish hentry\"> <div class=\"quickfinder-item-image\"> <div class=\"quickfinder-item-image-content \" > <div class=\"sc-icon sc-icon-size-big angle-90deg sc-icon-shape-square sc-simple-icon\" style=\"\"><a href=\"https:\/\/unez.edu.mx\/?page_id=11044\" target=\"_self\"><span class=\"sc-icon-half-1\" style=\"color: #ff3b45;\"><span class=\"back-angle\">&#xe6cd;<\/span><\/span><span class=\"sc-icon-half-2\" style=\"color: #cd181f;\"><span class=\"back-angle\">&#xe6cd;<\/span><\/span><\/a><\/div> <\/div> <\/div> <div class=\"quickfinder-item-info \" > <div class=\"quickfinder-item-title\"><a href=\"https:\/\/unez.edu.mx\/?page_id=11044\" class=\"quickfinder-item-link rounded-corners\" target=\"_self\">Oferta Educativa<\/a><\/div> <div class=\"quickfinder-item-text\"><a href=\"https:\/\/unez.edu.mx\/?page_id=11044\" class=\"quickfinder-item-link rounded-corners\" target=\"_self\">Descubre las carreras y cursos que ofrece la Universidad.<\/a><\/div> <\/div> <\/div> <div id=\"post-59\" class=\"quickfinder-item col-md-3 col-sm-4 col-xs-6 inline-column quickfinder-item-effect-scale post-59 scalia_qf_item type-scalia_qf_item status-publish hentry\"> <div class=\"quickfinder-item-image\"> <div class=\"quickfinder-item-image-content \" > <div class=\"sc-icon sc-icon-size-big angle-90deg sc-icon-shape-circle sc-simple-icon\" style=\"\"><a href=\"https:\/\/unez.edu.mx\/?page_id=17336\" target=\"_self\"><span class=\"sc-icon-half-1\" style=\"color: #ff3b45;\"><span class=\"back-angle\">&#xe76a;<\/span><\/span><span class=\"sc-icon-half-2\" style=\"color: #ce171f;\"><span class=\"back-angle\">&#xe76a;<\/span><\/span><\/a><\/div> <\/div> <\/div> <div class=\"quickfinder-item-info \" > <div class=\"quickfinder-item-title\"><a href=\"https:\/\/unez.edu.mx\/?page_id=17336\" class=\"quickfinder-item-link img-circle\" target=\"_self\">Becas<\/a><\/div> <div class=\"quickfinder-item-text\"><a href=\"https:\/\/unez.edu.mx\/?page_id=17336\" class=\"quickfinder-item-link img-circle\" target=\"_self\">UNEZ cuenta con un programa de becas. Conoce cu\u00e1les son los requisitos.<\/a><\/div> <\/div> <\/div>\n<\/div>[\/vc_column_inner][\/vc_row_inner][vc_separator color=&#8221;juicy_pink&#8221; style=&#8221;double&#8221; border_width=&#8221;10&#8243;][\/vc_column][\/vc_row][vc_row full_width=&#8221;stretch_row&#8221; css=&#8221;.vc_custom_1493148394041{margin-top: 0px !important;margin-bottom: 0px !important;border-top-width: 0px !important;border-right-width: 0px !important;border-bottom-width: 1px !important;border-left-width: 0px !important;background-color: #ffffff !important;border-left-color: #df0024 !important;border-left-style: solid !important;border-right-color: #df0024 !important;border-right-style: solid !important;border-top-color: #df0024!important;border-top-style: solid !important;border-bottom-color: #df0024 !important;border-bottom-style: solid !important;border-radius: 10px !important;}&#8221;][vc_column][vc_column_text]<\/p>\n<p>[\/vc_column_text][vc_row_inner][vc_column_inner width=&#8221;1\/2&#8243; css=&#8221;.vc_custom_1493148410496{margin-top: 0px !important;margin-right: 0px !important;margin-bottom: 0px !important;margin-left: 0px !important;border-top-width: 1px !important;border-right-width: 1px !important;border-bottom-width: 1px !important;border-left-width: 1px !important;padding-left: 30px !important;border-left-color: #df0024 !important;border-left-style: solid !important;border-right-color: #df0024 !important;border-right-style: solid !important;border-top-color: #E8122E !important;border-top-style: solid !important;border-bottom-color: #df0024 !important;border-bottom-style: solid !important;}&#8221;][vc_column_text]<\/p>\n<hr \/>\n<h5><\/h5>\n<h5 style=\"text-align: center;\"><span style=\"color: #e8122e;\">Noticias<\/span><\/h5>\n<p>[\/vc_column_text][vc_raw_html css=&#8221;.vc_custom_1493148240153{padding-left: 40px !important;}&#8221;]JTNDZGl2JTIwaWQlM0QlMjJmYi1yb290JTIyJTNFJTNDJTJGZGl2JTNFJTBBJTNDc2NyaXB0JTNFJTI4ZnVuY3Rpb24lMjhkJTJDJTIwcyUyQyUyMGlkJTI5JTIwJTdCJTBBJTIwJTIwdmFyJTIwanMlMkMlMjBmanMlMjAlM0QlMjBkLmdldEVsZW1lbnRzQnlUYWdOYW1lJTI4cyUyOSU1QjAlNUQlM0IlMEElMjAlMjBpZiUyMCUyOGQuZ2V0RWxlbWVudEJ5SWQlMjhpZCUyOSUyOSUyMHJldHVybiUzQiUwQSUyMCUyMGpzJTIwJTNEJTIwZC5jcmVhdGVFbGVtZW50JTI4cyUyOSUzQiUyMGpzLmlkJTIwJTNEJTIwaWQlM0IlMEElMjAlMjBqcy5zcmMlMjAlM0QlMjAlMjIlMkYlMkZjb25uZWN0LmZhY2Vib29rLm5ldCUyRmVzX01YJTJGc2RrLmpzJTIzeGZibWwlM0QxJTI2dmVyc2lvbiUzRHYyLjglMjZhcHBJZCUzRDEyMjIyODYzNzg2MjE0NSUyMiUzQiUwQSUyMCUyMGZqcy5wYXJlbnROb2RlLmluc2VydEJlZm9yZSUyOGpzJTJDJTIwZmpzJTI5JTNCJTBBJTdEJTI4ZG9jdW1lbnQlMkMlMjAlMjdzY3JpcHQlMjclMkMlMjAlMjdmYWNlYm9vay1qc3NkayUyNyUyOSUyOSUzQiUzQyUyRnNjcmlwdCUzRSUwQSUzQ2RpdiUyMGNsYXNzJTNEJTIyZmItcGFnZSUyMiUyMGRhdGEtaHJlZiUzRCUyMmh0dHBzJTNBJTJGJTJGd3d3LmZhY2Vib29rLmNvbSUyRnVuaXZlcnNpZGFkLmVtaWxpYW5vLnphcGF0YSUyRiUyMiUyMGRhdGEtdGFicyUzRCUyMnRpbWVsaW5lJTIyJTIwZGF0YS13aWR0aCUzRCUyMjQ1MCUyMiUyMGRhdGEtc21hbGwtaGVhZGVyJTNEJTIydHJ1ZSUyMiUyMGRhdGEtYWRhcHQtY29udGFpbmVyLXdpZHRoJTNEJTIydHJ1ZSUyMiUyMGRhdGEtaGlkZS1jb3ZlciUzRCUyMnRydWUlMjIlMjBkYXRhLXNob3ctZmFjZXBpbGUlM0QlMjJmYWxzZSUyMiUzRSUzQ2Jsb2NrcXVvdGUlMjBjaXRlJTNEJTIyaHR0cHMlM0ElMkYlMkZ3d3cuZmFjZWJvb2suY29tJTJGdW5pdmVyc2lkYWQuZW1pbGlhbm8uemFwYXRhJTJGJTIyJTIwY2xhc3MlM0QlMjJmYi14ZmJtbC1wYXJzZS1pZ25vcmUlMjIlM0UlM0NhJTIwaHJlZiUzRCUyMmh0dHBzJTNBJTJGJTJGd3d3LmZhY2Vib29rLmNvbSUyRnVuaXZlcnNpZGFkLmVtaWxpYW5vLnphcGF0YSUyRiUyMiUzRVVuaXZlcnNpZGFkJTIwRW1pbGlhbm8lMjBaYXBhdGElM0MlMkZhJTNFJTNDJTJGYmxvY2txdW90ZSUzRSUzQyUyRmRpdiUzRQ==[\/vc_raw_html][\/vc_column_inner][vc_column_inner width=&#8221;1\/2&#8243;]<div class=\"sc-image sc-wrapbox sc-wrapbox-style-default rounded-corners sc-wrapbox-position-below\" style=\"\"><div class=\"sc-wrapbox-inner\"><img decoding=\"async\" class=\"sc-wrapbox-element img-responsive\" src=\"https:\/\/unez.edu.mx\/wp-content\/uploads\/2021\/02\/WhatsApp-Image-2021-02-04-at-3.39.15-PM-1.jpeg\" alt=\"\"\/><\/div><\/div>[vc_column_text css=&#8221;.vc_custom_1493146665007{border-radius: 10px !important;}&#8221;]<span style=\"color: #333333;\"><strong>Tocar la \u201cLibertad\u201d<\/strong> es un homenaje muy significativo reservado para nuestros alumnos que aprueban su examen profesional y tiene como misi\u00f3n anunciar a la comunidad con su sonido cargado de emociones, la grandeza del ser humano.<\/span><\/p>\n<p><span style=\"color: #333333;\">Existe una leyenda en torno a esta pr\u00e1ctica y es que cuando se hace sonar la campana sin haber aprobado el examen de titulaci\u00f3n, el alumno no logra graduarse<\/span>[\/vc_column_text][vc_facebook css_animation=&#8221;bounceIn&#8221;][\/vc_column_inner][\/vc_row_inner][vc_row_inner content_placement=&#8221;middle&#8221; css=&#8221;.vc_custom_1690403499175{margin-bottom: 0px !important;padding-top: 10px !important;padding-right: 10px !important;padding-bottom: 10px !important;padding-left: 10px !important;background-color: rgba(255,255,255,0.69) !important;*background-color: rgb(255,255,255) !important;}&#8221;][vc_column_inner css=&#8221;.vc_custom_1488520586225{border-radius: 5px !important;}&#8221;][vc_column_text][\/vc_column_text][vc_column_text css=&#8221;.vc_custom_1690403484724{margin-top: 10px !important;padding-top: 5px !important;}&#8221;]<img loading=\"lazy\" decoding=\"async\" class=\"wp-image-57650 aligncenter\" src=\"https:\/\/unez.edu.mx\/wp-content\/uploads\/2023\/07\/Logo-oficial-final-239x300.jpg\" alt=\"\" width=\"88\" height=\"110\" \/>[\/vc_column_text][\/vc_column_inner][\/vc_row_inner][\/vc_column][\/vc_row][vc_row][vc_column][vc_separator color=&#8221;juicy_pink&#8221; border_width=&#8221;2&#8243;][\/vc_column][\/vc_row][vc_row][vc_column width=&#8221;1\/2&#8243;][vc_single_image image=&#8221;57661&#8243; img_size=&#8221;large&#8221; alignment=&#8221;center&#8221;][\/vc_column][vc_column width=&#8221;1\/2&#8243;][vc_column_text]<\/p>\n<h1 style=\"text-align: center;\"><span style=\"color: #ce171f;\"><strong>UNEZ<\/strong><\/span><\/h1>\n<p><strong>La Universidad Emiliano Zapata es una instituci\u00f3n de educaci\u00f3n superior de car\u00e1cter social y humanista, fundada a las necesidades sociales que demanda el futuro de nuestro pa\u00eds. La misi\u00f3n es formar profesionistas con alto nivel de responsabilidad y principios \u00e9ticos en beneficio de la sociedad.\u00a0<\/strong>[\/vc_column_text][\/vc_column][\/vc_row][vc_row][vc_column][vc_separator color=&#8221;juicy_pink&#8221; border_width=&#8221;2&#8243;][\/vc_column][\/vc_row][vc_row][vc_column width=&#8221;1\/4&#8243;][vc_column_text]<\/p>\n<p style=\"text-align: center;\">FILOSOF\u00cdA:<\/p>\n<p>Considera la educaci\u00f3n como el factor de cambio que genera bienestar, equidad y justicia social, y proporciona instrucci\u00f3n de calidad al alcance de todos.[\/vc_column_text][\/vc_column][vc_column width=&#8221;1\/4&#8243;][vc_column_text]<\/p>\n<p style=\"text-align: center;\">MISI\u00d3N:<\/p>\n<p>Formar hombres y mujeres cultos, con un alto nivel de preparaci\u00f3n profesional, solidarios y con esp\u00edritu de servicio, comprometidos con las necesidades sociales y con las profundas transformaciones que demanda el pa\u00eds.[\/vc_column_text][\/vc_column][vc_column width=&#8221;1\/4&#8243;][vc_column_text]<\/p>\n<p style=\"text-align: center;\">VISI\u00d3N:<\/p>\n<p>Una instituci\u00f3n con responsabilidad social, que sobre la base de la calidad de su planta docente, sus servicios educativos y sus planes y programas de estudio, forme profesionales con alto nivel y preserve, difunda y genere cultura, ciencia e innovaci\u00f3n tecnol\u00f3gica en beneficio del pueblo.[\/vc_column_text][\/vc_column][vc_column width=&#8221;1\/4&#8243;][vc_column_text]<\/p>\n<p style=\"text-align: center;\">POL\u00cdTICA DE CALIDAD:<\/p>\n<p>Alcanzar los objetivos trazados de gesti\u00f3n institucional, mediante la implementaci\u00f3n de procesos de mejora continua, encaminados a formar alumnos, docentes y trabajadores administrativos con competencias y sentido social.[\/vc_column_text][\/vc_column][\/vc_row][vc_row][vc_column][vc_separator color=&#8221;juicy_pink&#8221; border_width=&#8221;2&#8243;][\/vc_column][\/vc_row][vc_row][vc_column css=&#8221;.vc_custom_1631220330826{border-radius: 1px !important;}&#8221;][vc_column_text css=&#8221;.vc_custom_1689897759206{border-radius: 1px !important;}&#8221;]<\/p>\n<hr \/>\n<h3 style=\"text-align: center;\"><strong><a href=\"https:\/\/unez.edu.mx\/?page_id=47515\"><span style=\"color: #ff0000;\">Aviso de Privacidad<\/span><\/a><\/strong><\/h3>\n<p>[\/vc_column_text][\/vc_column][\/vc_row]<\/p>\n<\/div>","protected":false},"excerpt":{"rendered":"<p>[vc_row full_width=&#8221;stretch_row_content&#8221; content_placement=&#8221;middle&#8221; video_bg=&#8221;yes&#8221; video_bg_url=&#8221;https:\/\/www.youtube.com\/watch?v=e6nurhzJQSI&#8221; video_bg_parallax=&#8221;content-moving&#8221; css=&#8221;.vc_custom_1603316647089{margin-top: 0px !important;margin-bottom: 0px !important;}&#8221;][vc_column][vc_row_inner css=&#8221;.vc_custom_1494624069607{margin-top: 0px !important;margin-bottom: 0px !important;}&#8221;][vc_column_inner offset=&#8221;vc_hidden-lg&#8221; css=&#8221;.vc_custom_1494624321383{margin-top: 0px !important;margin-bottom:&#8230;<\/p>\n","protected":false},"author":13,"featured_media":0,"parent":0,"menu_order":0,"comment_status":"closed","ping_status":"closed","template":"","meta":{"_joinchat":[],"footnotes":""},"class_list":["post-11300","page","type-page","status-publish","hentry"],"_links":{"self":[{"href":"https:\/\/unez.edu.mx\/index.php?rest_route=\/wp\/v2\/pages\/11300","targetHints":{"allow":["GET"]}}],"collection":[{"href":"https:\/\/unez.edu.mx\/index.php?rest_route=\/wp\/v2\/pages"}],"about":[{"href":"https:\/\/unez.edu.mx\/index.php?rest_route=\/wp\/v2\/types\/page"}],"author":[{"embeddable":true,"href":"https:\/\/unez.edu.mx\/index.php?rest_route=\/wp\/v2\/users\/13"}],"replies":[{"embeddable":true,"href":"https:\/\/unez.edu.mx\/index.php?rest_route=%2Fwp%2Fv2%2Fcomments&post=11300"}],"version-history":[{"count":86,"href":"https:\/\/unez.edu.mx\/index.php?rest_route=\/wp\/v2\/pages\/11300\/revisions"}],"predecessor-version":[{"id":58927,"href":"https:\/\/unez.edu.mx\/index.php?rest_route=\/wp\/v2\/pages\/11300\/revisions\/58927"}],"wp:attachment":[{"href":"https:\/\/unez.edu.mx\/index.php?rest_route=%2Fwp%2Fv2%2Fmedia&parent=11300"}],"curies":[{"name":"wp","href":"https:\/\/api.w.org\/{rel}","templated":true}]}}