
{"id":11227,"date":"2017-03-22T17:28:34","date_gmt":"2017-03-22T23:28:34","guid":{"rendered":"http:\/\/www.unez.mx\/?page_id=11227"},"modified":"2023-09-08T18:03:01","modified_gmt":"2023-09-09T00:03:01","slug":"neurociencias","status":"publish","type":"page","link":"https:\/\/unez.edu.mx\/?page_id=11227","title":{"rendered":"Neurociencias"},"content":{"rendered":"<div class=\"wpb-content-wrapper\"><p>[vc_row][vc_column][vc_column_text]<\/p>\n<h4>La Universidad Emiliano Zapata ofrece el Curso de Aprendizaje basado en Neurociencias, dirigido a Psic\u00f3logos, Educadores, Trabajadores Sociales, y en general a aquellas personas con inter\u00e9s en los problemas de aprendizaje. Todas nuestras carreras y cursos tienen RVOE (validez oficial)<\/h4>\n<div class=\"title-h1 title-h2\" style=\"text-align: center;\"><strong><img loading=\"lazy\" decoding=\"async\" class=\"alignnone wp-image-57221\" src=\"https:\/\/unez.edu.mx\/wp-content\/uploads\/2023\/06\/diplomado-neuro-300x300.jpg\" alt=\"\" width=\"326\" height=\"326\" srcset=\"https:\/\/unez.edu.mx\/wp-content\/uploads\/2023\/06\/diplomado-neuro-300x300.jpg 300w, https:\/\/unez.edu.mx\/wp-content\/uploads\/2023\/06\/diplomado-neuro-1024x1024.jpg 1024w, https:\/\/unez.edu.mx\/wp-content\/uploads\/2023\/06\/diplomado-neuro-150x150.jpg 150w, https:\/\/unez.edu.mx\/wp-content\/uploads\/2023\/06\/diplomado-neuro-768x768.jpg 768w, https:\/\/unez.edu.mx\/wp-content\/uploads\/2023\/06\/diplomado-neuro-256x256.jpg 256w, https:\/\/unez.edu.mx\/wp-content\/uploads\/2023\/06\/diplomado-neuro.jpg 1080w\" sizes=\"auto, (max-width: 326px) 100vw, 326px\" \/><\/strong><\/div>\n<div><\/div>\n<div class=\"title-h1 title-h2\" style=\"text-align: center;\"><strong>REQUISITOS:<\/strong><\/div>\n<div><\/div>\n<h4>-Acta de nacimiento<\/h4>\n<h4>\u2013CURP<\/h4>\n<h4>\u2013Identificaci\u00f3n oficial<\/h4>\n<h4>-Documento que acredite el nivel acad\u00e9mico del solicitante<\/h4>\n<h4>-Dos fotograf\u00edas oval 3.75 x 5.5<\/h4>\n<h4><strong>FECHAS PARA INSCRIBIRTE: 15 DE JUNIO AL 21 DE SEPTIEMBRE DEL 2023<\/strong><\/h4>\n<div>\n<hr \/>\n<hr \/>\n<\/div>\n<div class=\"title-h1 title-h2\" style=\"text-align: center;\"><strong>REALIZA LOS SIGUIENTES PASOS PARA INSCRIBIRTE:<\/strong><\/div>\n<ol>\n<li style=\"list-style-type: none;\">\n<ul>\n<li>\n<h4>Acude a ventanillas de Control Escolar para llevar a cabo tu inscripci\u00f3n de forma presencial (Ah\u00ed mismo se te entregar\u00e1 tu matr\u00edcula), al finalizar tu registro, se te entregar\u00e1 un pase de pago para Tesorer\u00eda.<\/h4>\n<\/li>\n<li>\n<h4>Realiza el pago de $1,000.00 m.n. (P\u00fablico en general) o de $500.00 m.n. (Comunidad UNEZ) de inscripci\u00f3n.<\/h4>\n<\/li>\n<\/ul>\n<\/li>\n<\/ol>\n<h4><\/h4>\n<h4 style=\"text-align: center;\">\u00a1Bienvenid@!<\/h4>\n<h4 style=\"text-align: center;\">Ser culto, para ser libre.<\/h4>\n<p>[\/vc_column_text][\/vc_column][\/vc_row]<\/p>\n<\/div>","protected":false},"excerpt":{"rendered":"<p>[vc_row][vc_column][vc_column_text] La Universidad Emiliano Zapata ofrece el Curso de Aprendizaje basado en Neurociencias, dirigido a Psic\u00f3logos, Educadores, Trabajadores Sociales, y&#8230;<\/p>\n","protected":false},"author":13,"featured_media":0,"parent":0,"menu_order":0,"comment_status":"closed","ping_status":"closed","template":"","meta":{"_joinchat":[],"footnotes":""},"class_list":["post-11227","page","type-page","status-publish","hentry"],"_links":{"self":[{"href":"https:\/\/unez.edu.mx\/index.php?rest_route=\/wp\/v2\/pages\/11227","targetHints":{"allow":["GET"]}}],"collection":[{"href":"https:\/\/unez.edu.mx\/index.php?rest_route=\/wp\/v2\/pages"}],"about":[{"href":"https:\/\/unez.edu.mx\/index.php?rest_route=\/wp\/v2\/types\/page"}],"author":[{"embeddable":true,"href":"https:\/\/unez.edu.mx\/index.php?rest_route=\/wp\/v2\/users\/13"}],"replies":[{"embeddable":true,"href":"https:\/\/unez.edu.mx\/index.php?rest_route=%2Fwp%2Fv2%2Fcomments&post=11227"}],"version-history":[{"count":18,"href":"https:\/\/unez.edu.mx\/index.php?rest_route=\/wp\/v2\/pages\/11227\/revisions"}],"predecessor-version":[{"id":57985,"href":"https:\/\/unez.edu.mx\/index.php?rest_route=\/wp\/v2\/pages\/11227\/revisions\/57985"}],"wp:attachment":[{"href":"https:\/\/unez.edu.mx\/index.php?rest_route=%2Fwp%2Fv2%2Fmedia&parent=11227"}],"curies":[{"name":"wp","href":"https:\/\/api.w.org\/{rel}","templated":true}]}}