
{"id":11139,"date":"2017-02-20T11:20:42","date_gmt":"2017-02-20T17:20:42","guid":{"rendered":"http:\/\/www.unez.mx\/?page_id=11139"},"modified":"2020-11-14T12:46:02","modified_gmt":"2020-11-14T18:46:02","slug":"frances","status":"publish","type":"page","link":"https:\/\/unez.edu.mx\/?page_id=11139","title":{"rendered":"Curso de Franc\u00e9s"},"content":{"rendered":"<div class=\"wpb-content-wrapper\"><p>[vc_row][vc_column][vc_column_text]<\/p>\n<p>CURSOS SABATINOS DE IDIOMAS:<\/p>\n<ul>\n<li><strong>Aprende Franc\u00e9s en la Universidad Emiliano Zapata:<\/strong><\/li>\n<\/ul>\n<p>Pendeinte de las inscripciones se realizar\u00e1n en l\u00ednea.\u00a0\u00a0 Requisito: CURP y tener 15 a\u00f1os o m\u00e1s.<\/p>\n<ul>\n<li><strong>Las clases se imparten los s\u00e1bados.<\/strong><\/li>\n<\/ul>\n<p>[\/vc_column_text][\/vc_column][\/vc_row]<\/p>\n<\/div>","protected":false},"excerpt":{"rendered":"<p>[vc_row][vc_column][vc_column_text] CURSOS SABATINOS DE IDIOMAS: Aprende Franc\u00e9s en la Universidad Emiliano Zapata: Pendeinte de las inscripciones se realizar\u00e1n en l\u00ednea.\u00a0\u00a0&#8230;<\/p>\n","protected":false},"author":13,"featured_media":0,"parent":0,"menu_order":0,"comment_status":"closed","ping_status":"closed","template":"","meta":{"_joinchat":[],"footnotes":""},"class_list":["post-11139","page","type-page","status-publish","hentry"],"_links":{"self":[{"href":"https:\/\/unez.edu.mx\/index.php?rest_route=\/wp\/v2\/pages\/11139","targetHints":{"allow":["GET"]}}],"collection":[{"href":"https:\/\/unez.edu.mx\/index.php?rest_route=\/wp\/v2\/pages"}],"about":[{"href":"https:\/\/unez.edu.mx\/index.php?rest_route=\/wp\/v2\/types\/page"}],"author":[{"embeddable":true,"href":"https:\/\/unez.edu.mx\/index.php?rest_route=\/wp\/v2\/users\/13"}],"replies":[{"embeddable":true,"href":"https:\/\/unez.edu.mx\/index.php?rest_route=%2Fwp%2Fv2%2Fcomments&post=11139"}],"version-history":[{"count":25,"href":"https:\/\/unez.edu.mx\/index.php?rest_route=\/wp\/v2\/pages\/11139\/revisions"}],"predecessor-version":[{"id":13114,"href":"https:\/\/unez.edu.mx\/index.php?rest_route=\/wp\/v2\/pages\/11139\/revisions\/13114"}],"wp:attachment":[{"href":"https:\/\/unez.edu.mx\/index.php?rest_route=%2Fwp%2Fv2%2Fmedia&parent=11139"}],"curies":[{"name":"wp","href":"https:\/\/api.w.org\/{rel}","templated":true}]}}