
{"id":11119,"date":"2017-02-20T11:16:15","date_gmt":"2017-02-20T17:16:15","guid":{"rendered":"http:\/\/www.unez.mx\/?page_id=11119"},"modified":"2023-11-22T18:08:45","modified_gmt":"2023-11-23T00:08:45","slug":"relaciones-internacionales","status":"publish","type":"page","link":"https:\/\/unez.edu.mx\/?page_id=11119","title":{"rendered":"Licenciatura en Relaciones Internacionales"},"content":{"rendered":"<div class=\"wpb-content-wrapper\"><p>[vc_row][vc_column width=&#8221;1\/4&#8243;]<div class=\"sc-image sc-wrapbox sc-wrapbox-style-default rounded-corners sc-wrapbox-position-below\" style=\"\"><div class=\"sc-wrapbox-inner\"><img decoding=\"async\" class=\"sc-wrapbox-element img-responsive\" src=\"https:\/\/unez.edu.mx\/wp-content\/uploads\/2023\/07\/IMG_20220923_164523-scaled.jpg\" alt=\"\"\/><\/div><\/div>[vc_column_text]<strong>Solicita informaci\u00f3n en los siguientes t\u00e9lefonos:<\/strong><\/p>\n<p><strong>Tel. 81 83 01 21 48<\/strong><\/p>\n<p><strong><img loading=\"lazy\" decoding=\"async\" class=\"alignnone wp-image-57233\" src=\"https:\/\/unez.edu.mx\/wp-content\/uploads\/2023\/06\/whatsapp-300x300.png\" sizes=\"auto, (max-width: 25px) 100vw, 25px\" srcset=\"https:\/\/unez.edu.mx\/wp-content\/uploads\/2023\/06\/whatsapp-300x300.png 300w, https:\/\/unez.edu.mx\/wp-content\/uploads\/2023\/06\/whatsapp-150x150.png 150w, https:\/\/unez.edu.mx\/wp-content\/uploads\/2023\/06\/whatsapp-256x256.png 256w, https:\/\/unez.edu.mx\/wp-content\/uploads\/2023\/06\/whatsapp.png 512w\" alt=\"\" width=\"25\" height=\"25\" \/>\u00a0 WhatsApp: 81 32 56 55 47\u00a0<\/strong>[\/vc_column_text][\/vc_column][vc_column width=&#8221;3\/4&#8243;][vc_column_text]Universidad Emiliano Zapata, estudios con reconocimiento de validez oficial No. AL- III 280\/2010 de fecha del 3 de diciembre de 2010, otorgado por el gobierno del estado de Nuevo Le\u00f3n y publicado en el Peri\u00f3dico Oficial del 4 de marzo de 2011.<\/p>\n<p>El objetivo de UNEZ es el de formar profesionistas del \u00e1rea de Relaciones Internacionales con un estilo de liderazgo comprometido, integrador y humanitario, que sean capaces de interactuar con instituciones p\u00fablicas y privadas a nivel mundial.[\/vc_column_text][vc_tta_tabs][vc_tta_section title=&#8221;Requisitos&#8221; tab_id=&#8221;1487609400683-4ccd51ce-2b7f&#8221;][vc_column_text]De acuerdo a las caracter\u00edsticas del perfil solicitado, la Direcci\u00f3n de Servicios Acad\u00e9micos de UNEZ realiza un an\u00e1lisis de los requisitos de acceso especificados en el Reglamento Acad\u00e9mico de Alumnos.[\/vc_column_text][\/vc_tta_section][vc_tta_section title=&#8221;Perfil&#8221; tab_id=&#8221;1487609400723-dc5963bf-b014&#8243;][vc_column_text]<span lang=\"es-ES\">PERFIL DE EGRESO<\/span><\/p>\n<p><span lang=\"es-ES\">El perfil del Licenciado en Relaciones Internacionales es el de lograr satisfacer las necesidades de profesionistas capaces y especializados en ese rubro, con el objetivo de apoyar el crecimiento sostenido del pa\u00eds.<\/span><\/p>\n<p><span lang=\"es-ES\">El objetivo de UNEZ es el de formar profesionistas del \u00e1rea de Relaciones Internacionales con un estilo de liderazgo comprometido, integrador y humanitario, que sean capaces de interactuar con instituciones p\u00fablicas y privadas a nivel mundial.<\/span><\/p>\n<p><span lang=\"es-ES\"><strong>PERFIL DEL EGRESADO<\/strong><\/span><\/p>\n<p><span lang=\"es-ES\"><strong>CONOCIMIENTOS<\/strong><\/span><\/p>\n<p><span lang=\"es-ES\">1.- Los egresados tendr\u00e1n una s\u00f3lida preparaci\u00f3n conceptual y pr\u00e1ctica en las \u00e1reas funcionales de los Negocios tanto nacionales como internacionales: recursos humanos, finanzas, productos y servicios, mercados, y \u00e1rea financiera, con un especial \u00e9nfasis en el estudio de las Relaciones Internacionales.<\/span><\/p>\n<p><span lang=\"es-ES\">2.- Experto en el manejo de las Relaciones Internacionales entre los pa\u00edses.<\/span><\/p>\n<p><span lang=\"es-ES\">3.- Entender\u00e1 la importancia de la negociaci\u00f3n y las relaciones internacionales.<\/span><\/p>\n<p><span lang=\"es-ES\">4.- Capaz de entender el ambiente internacional y las oportunidades de interactuar con negocios a nivel mundial.<\/span><\/p>\n<p><span lang=\"es-ES\">HABILIDADES<\/span><\/p>\n<p><span lang=\"es-ES\">1.- El egresado desarrollar\u00e1 habilidades de liderazgo<\/span><\/p>\n<p><span lang=\"es-ES\">2.- Habilidades para relacionarse con los especialistas de todas las \u00e1reas de negocios.<\/span><\/p>\n<p><span lang=\"es-ES\">3.-Habilidad para organizar y manejar una sesi\u00f3n de trabajo en equipo y trabajo colaborativo.<\/span><\/p>\n<p><span lang=\"es-ES\">4.- Habilidad para interactuar con personas y problemas y\/o oportunidades.<\/span><\/p>\n<p><span lang=\"es-ES\">5.- Habilidad para la toma de decisiones.<\/span><\/p>\n<p><span lang=\"es-ES\"><strong>ACTITUDES<\/strong><\/span><\/p>\n<p><span lang=\"es-ES\"><strong>1.- Desarrollar la cultura hacia el trabajo y el esfuerzo.<\/strong><\/span><\/p>\n<p><span lang=\"es-ES\"><strong>2.- Desarrollar actitud de auto-aprendizaje y mejora constante.<\/strong><\/span><\/p>\n<p><span lang=\"es-ES\"><strong>3.- Desarrollar la actitud de servicio.<\/strong><\/span><\/p>\n<p><span lang=\"es-ES\"><strong>4.- Capaz de actuar de acuerdo con la \u00e9tica y el desarrollo sustentable.<\/strong><\/span>[\/vc_column_text][\/vc_tta_section][vc_tta_section title=&#8221;\u00c1reas de Oportunidad&#8221; tab_id=&#8221;1487609637759-a3d41df3-1f0d&#8221;][vc_column_text]<span lang=\"es-ES\">\u00c1REAS DE OPORTUNIDAD<\/span><\/p>\n<p><span lang=\"es-ES\">El egresado de la carrera de Licenciatura de Relaciones Internacionales de la Universidad Emiliano Zapata podr\u00e1 desempe\u00f1arse en las siguientes \u00e1reas:<\/span><\/p>\n<p><span lang=\"es-ES\">1.- Agencias Aduanales.<\/span><\/p>\n<p><span lang=\"es-ES\">2.- Relaciones Internacionales.<\/span><\/p>\n<p><span lang=\"es-ES\">3.- Mercadotecnia Internacional.<\/span><\/p>\n<p><span lang=\"es-ES\">4.- Productos y servicios internacionales.<\/span><\/p>\n<p><span lang=\"es-ES\">5.- Departamentos internacionales de las empresas.<\/span><\/p>\n<p><span lang=\"es-ES\">6.- Comunicaci\u00f3n con filiales u otras empresas internacionales.<\/span><\/p>\n<p><span lang=\"es-ES\">7.- Toda aquella actividad que lleve al profesionista a interactuar con el mundo.<\/span><\/p>\n<p><span lang=\"es-ES\">8.- comercio internacional.<\/span><\/p>\n<p><span lang=\"es-ES\">9.- Finanzas internacionales.<\/span>[\/vc_column_text][\/vc_tta_section][vc_tta_section title=&#8221;Plan de Estudio&#8221; tab_id=&#8221;1487609756132-0a95dcd8-b39c&#8221;][vc_column_text]La Licenciatrua en Relaciones Internacionales se cursa en 9 tetramestres.<\/p>\n<p>&nbsp;<\/p>\n<table border=\"1\" width=\"601\" cellspacing=\"0\" cellpadding=\"7\">\n<colgroup>\n<col width=\"184\" \/>\n<col width=\"185\" \/>\n<col width=\"187\" \/><\/colgroup>\n<tbody>\n<tr>\n<td colspan=\"3\" valign=\"TOP\" width=\"585\"><span lang=\"es-ES\">Tetramestre I<\/span><\/td>\n<\/tr>\n<tr valign=\"TOP\">\n<td width=\"184\"><span lang=\"es-ES\">Clave\u00a0<\/span>Materia<\/td>\n<td width=\"185\"><span lang=\"es-ES\">Nombre de la Materia<\/span><\/td>\n<td width=\"187\"><span lang=\"es-ES\">Seriaci\u00f3n<\/span><\/td>\n<\/tr>\n<tr valign=\"TOP\">\n<td width=\"184\"><span lang=\"es-ES\">ADM-101<\/span><\/td>\n<td width=\"185\"><span lang=\"es-ES\">FUNDAMENTOS DE ADMINISTRACI\u00d3N<\/span><\/td>\n<td width=\"187\">\n<p align=\"CENTER\"><span lang=\"es-ES\">&#8211;<\/span><\/p>\n<\/td>\n<\/tr>\n<tr valign=\"TOP\">\n<td width=\"184\"><span lang=\"es-ES\">FIN-101<\/span><\/td>\n<td width=\"185\"><span lang=\"es-ES\">FUNDAMENTOS DE CONTABILIDAD<\/span><\/td>\n<td width=\"187\">\n<p align=\"CENTER\"><span lang=\"es-ES\">&#8211;<\/span><\/p>\n<\/td>\n<\/tr>\n<tr valign=\"TOP\">\n<td width=\"184\"><span lang=\"es-ES\">MAT-101<\/span><\/td>\n<td width=\"185\"><span lang=\"es-ES\">MATEM\u00c1TICAS<\/span><\/td>\n<td width=\"187\">\n<p align=\"CENTER\"><span lang=\"es-ES\">&#8211;<\/span><\/p>\n<\/td>\n<\/tr>\n<tr valign=\"TOP\">\n<td width=\"184\"><span lang=\"es-ES\">DER-101<\/span><\/td>\n<td width=\"185\"><span lang=\"es-ES\">PRINCIPIOS GENERALES DE DERECHO<\/span><\/td>\n<td width=\"187\">\n<p align=\"CENTER\"><span lang=\"es-ES\">&#8211;<\/span><\/p>\n<\/td>\n<\/tr>\n<tr valign=\"TOP\">\n<td width=\"184\"><span lang=\"es-ES\">COM-101<\/span><\/td>\n<td width=\"185\"><span lang=\"es-ES\">COMPUTACI\u00d3N I<\/span><\/td>\n<td width=\"187\">\n<p align=\"CENTER\"><span lang=\"es-ES\">&#8211;<\/span><\/p>\n<\/td>\n<\/tr>\n<tr valign=\"TOP\">\n<td width=\"184\"><span lang=\"es-ES\">ING-101<\/span><\/td>\n<td width=\"185\"><span lang=\"es-ES\">INGL\u00c9S I<\/span><\/td>\n<td width=\"187\">\n<p align=\"CENTER\"><span lang=\"es-ES\">&#8211;<\/span><\/p>\n<\/td>\n<\/tr>\n<\/tbody>\n<\/table>\n<table border=\"1\" width=\"601\" cellspacing=\"0\" cellpadding=\"7\">\n<colgroup>\n<col width=\"184\" \/>\n<col width=\"185\" \/>\n<col width=\"187\" \/><\/colgroup>\n<tbody>\n<tr>\n<td colspan=\"3\" valign=\"TOP\" width=\"585\"><span lang=\"es-ES\">Tetramestre II<\/span><\/td>\n<\/tr>\n<tr valign=\"TOP\">\n<td width=\"184\"><span lang=\"es-ES\">Clave\u00a0<\/span>Materia<\/td>\n<td width=\"185\">\n<p align=\"CENTER\"><span lang=\"es-ES\">Nombre de la Materia<\/span><\/p>\n<\/td>\n<td width=\"187\">\n<p align=\"CENTER\"><span lang=\"es-ES\">Seriaci\u00f3n<\/span><\/p>\n<\/td>\n<\/tr>\n<tr valign=\"TOP\">\n<td width=\"184\"><span lang=\"es-ES\">ADM-102<\/span><\/td>\n<td width=\"185\"><span lang=\"es-ES\">PROCESO ADMINISTRATIVO<\/span><\/td>\n<td width=\"187\">\n<p align=\"CENTER\"><span lang=\"es-ES\">ADM-101<\/span><\/p>\n<\/td>\n<\/tr>\n<tr valign=\"TOP\">\n<td width=\"184\"><span lang=\"es-ES\">COM-102<\/span><\/td>\n<td width=\"185\"><span lang=\"es-ES\">PRINCIPIOS DE COMUNICACI\u00d3N<\/span><\/td>\n<td width=\"187\">\n<p align=\"CENTER\"><span lang=\"es-ES\">&#8211;<\/span><\/p>\n<\/td>\n<\/tr>\n<tr valign=\"TOP\">\n<td width=\"184\"><span lang=\"es-ES\">MAT-102<\/span><\/td>\n<td width=\"185\"><span lang=\"es-ES\">ESTAD\u00cdSTICAS<\/span><\/td>\n<td width=\"187\">\n<p align=\"CENTER\"><span lang=\"es-ES\">MAT-101<\/span><\/p>\n<\/td>\n<\/tr>\n<tr valign=\"TOP\">\n<td width=\"184\"><span lang=\"es-ES\">DER-102<\/span><\/td>\n<td width=\"185\"><span lang=\"es-ES\">FUNDAMENTOS DE DERECHO MERCANTIL<\/span><\/td>\n<td width=\"187\">\n<p align=\"CENTER\"><span lang=\"es-ES\">DER-101<\/span><\/p>\n<\/td>\n<\/tr>\n<tr valign=\"TOP\">\n<td width=\"184\"><span lang=\"es-ES\">COM-103<\/span><\/td>\n<td width=\"185\"><span lang=\"es-ES\">\u00c9TICA Y VALORES<\/span><\/td>\n<td width=\"187\">\n<p align=\"CENTER\"><span lang=\"es-ES\">&#8211;<\/span><\/p>\n<\/td>\n<\/tr>\n<tr valign=\"TOP\">\n<td width=\"184\"><span lang=\"es-ES\">ING-102<\/span><\/td>\n<td width=\"185\"><span lang=\"es-ES\">INGL\u00c9S-II<\/span><\/td>\n<td width=\"187\">\n<p align=\"CENTER\"><span lang=\"es-ES\">ING-101<\/span><\/p>\n<\/td>\n<\/tr>\n<\/tbody>\n<\/table>\n<table border=\"1\" width=\"601\" cellspacing=\"0\" cellpadding=\"7\">\n<colgroup>\n<col width=\"184\" \/>\n<col width=\"185\" \/>\n<col width=\"187\" \/><\/colgroup>\n<tbody>\n<tr>\n<td colspan=\"3\" valign=\"TOP\" width=\"585\"><span lang=\"es-ES\">Tetramestre III<\/span><\/td>\n<\/tr>\n<tr valign=\"TOP\">\n<td width=\"184\">\n<p><span lang=\"es-ES\">Clave<\/span><\/p>\n<p><span lang=\"es-ES\">Materia<\/span><\/td>\n<td width=\"185\">\n<p align=\"CENTER\"><span lang=\"es-ES\">Nombre de la Materia<\/span><\/p>\n<\/td>\n<td width=\"187\">\n<p align=\"CENTER\"><span lang=\"es-ES\">Seriaci\u00f3n<\/span><\/p>\n<\/td>\n<\/tr>\n<tr valign=\"TOP\">\n<td width=\"184\"><span lang=\"es-ES\">ECO-101<\/span><\/td>\n<td width=\"185\"><span lang=\"es-ES\">MICROECONOM\u00cdA<\/span><\/td>\n<td width=\"187\">\n<p align=\"CENTER\"><span lang=\"es-ES\">&#8211;<\/span><\/p>\n<\/td>\n<\/tr>\n<tr valign=\"TOP\">\n<td width=\"184\"><span lang=\"es-ES\">FIN-102<\/span><\/td>\n<td width=\"185\"><span lang=\"es-ES\">CONTABILIDAD FINANCIERA<\/span><\/td>\n<td width=\"187\">\n<p align=\"CENTER\"><span lang=\"es-ES\">FIN-101<\/span><\/p>\n<\/td>\n<\/tr>\n<tr valign=\"TOP\">\n<td width=\"184\"><span lang=\"es-ES\">RIN-100<\/span><\/td>\n<td width=\"185\"><span lang=\"es-ES\">PRINCIPIOS DE LA RELACI\u00d3N INTERNACIONALES<\/span><\/td>\n<td width=\"187\">\n<p align=\"CENTER\"><span lang=\"es-ES\">DER-101<\/span><\/p>\n<\/td>\n<\/tr>\n<tr valign=\"TOP\">\n<td width=\"184\"><span lang=\"es-ES\">MKT-101<\/span><\/td>\n<td width=\"185\"><span lang=\"es-ES\">VENTAS<\/span><\/td>\n<td width=\"187\">\n<p align=\"CENTER\"><span lang=\"es-ES\">&#8211;<\/span><\/p>\n<\/td>\n<\/tr>\n<tr valign=\"TOP\">\n<td width=\"184\"><span lang=\"es-ES\">COM-104<\/span><\/td>\n<td width=\"185\"><span lang=\"es-ES\">COMPUTACI\u00d3N II<\/span><\/td>\n<td width=\"187\">\n<p align=\"CENTER\"><span lang=\"es-ES\">&#8211;<\/span><\/p>\n<\/td>\n<\/tr>\n<tr valign=\"TOP\">\n<td width=\"184\"><span lang=\"es-ES\">ING-103<\/span><\/td>\n<td width=\"185\"><span lang=\"es-ES\">INGL\u00c9S III<\/span><\/td>\n<td width=\"187\">\n<p align=\"CENTER\"><span lang=\"es-ES\">ING-102<\/span><\/p>\n<\/td>\n<\/tr>\n<\/tbody>\n<\/table>\n<table border=\"1\" width=\"601\" cellspacing=\"0\" cellpadding=\"7\">\n<colgroup>\n<col width=\"184\" \/>\n<col width=\"185\" \/>\n<col width=\"187\" \/><\/colgroup>\n<tbody>\n<tr>\n<td colspan=\"3\" valign=\"TOP\" width=\"585\"><span lang=\"es-ES\">Tetramestre IV<\/span><\/td>\n<\/tr>\n<tr valign=\"TOP\">\n<td width=\"184\"><span lang=\"es-ES\">Clave\u00a0<\/span>Materia<\/td>\n<td width=\"185\"><span lang=\"es-ES\">Nombre de la Materia<\/span><\/td>\n<td width=\"187\"><span lang=\"es-ES\">Seriaci\u00f3n<\/span><\/td>\n<\/tr>\n<tr valign=\"TOP\">\n<td width=\"184\"><span lang=\"es-ES\">ECO-102<\/span><\/td>\n<td width=\"185\"><span lang=\"es-ES\">MACROECONOM\u00cdA<\/span><\/td>\n<td width=\"187\">\n<p align=\"CENTER\"><span lang=\"es-ES\">ECO-101<\/span><\/p>\n<\/td>\n<\/tr>\n<tr valign=\"TOP\">\n<td width=\"184\"><span lang=\"es-ES\">COM-105<\/span><\/td>\n<td width=\"185\"><span lang=\"es-ES\">GLOBALIZACI\u00d3N<\/span><\/td>\n<td width=\"187\">\n<p align=\"CENTER\"><span lang=\"es-ES\">&#8211;<\/span><\/p>\n<\/td>\n<\/tr>\n<tr valign=\"TOP\">\n<td width=\"184\"><span lang=\"es-ES\">MAT-103<\/span><\/td>\n<td width=\"185\"><span lang=\"es-ES\">MATEM\u00c1TICAS ADMINISTRATIVAS<\/span><\/td>\n<td width=\"187\">\n<p align=\"CENTER\"><span lang=\"es-ES\">MAT-101<\/span><\/p>\n<\/td>\n<\/tr>\n<tr valign=\"TOP\">\n<td width=\"184\"><span lang=\"es-ES\">MKT-102<\/span><\/td>\n<td width=\"185\"><span lang=\"es-ES\">MERCADOTECNICA<\/span><\/td>\n<td width=\"187\">\n<p align=\"CENTER\"><span lang=\"es-ES\">MKT-101<\/span><\/p>\n<\/td>\n<\/tr>\n<tr valign=\"TOP\">\n<td width=\"184\"><span lang=\"es-ES\">DER-104<\/span><\/td>\n<td width=\"185\"><span lang=\"es-ES\">ENTORNO ECON\u00d3MICO Y POL\u00cdTICO DE MEXICO<\/span><\/td>\n<td width=\"187\">\n<p align=\"CENTER\"><span lang=\"es-ES\">&#8211;<\/span><\/p>\n<\/td>\n<\/tr>\n<tr valign=\"TOP\">\n<td width=\"184\"><span lang=\"es-ES\">ING-104<\/span><\/td>\n<td width=\"185\"><span lang=\"es-ES\">INGL\u00c9S IV<\/span><\/td>\n<td width=\"187\">\n<p align=\"CENTER\"><span lang=\"es-ES\">ING-103<\/span><\/p>\n<\/td>\n<\/tr>\n<\/tbody>\n<\/table>\n<table border=\"1\" width=\"599\" cellspacing=\"0\" cellpadding=\"7\">\n<colgroup>\n<col width=\"184\" \/>\n<col width=\"185\" \/>\n<col width=\"185\" \/><\/colgroup>\n<tbody>\n<tr>\n<td colspan=\"3\" valign=\"TOP\" width=\"583\"><span lang=\"es-ES\">Tetramestre V<\/span><\/td>\n<\/tr>\n<tr valign=\"TOP\">\n<td width=\"184\"><span lang=\"es-ES\">Clave\u00a0<\/span>Materia<\/td>\n<td width=\"185\"><span lang=\"es-ES\">Nombre de la Materia<\/span><\/td>\n<td width=\"185\"><span lang=\"es-ES\">Seriaci\u00f3n<\/span><\/td>\n<\/tr>\n<tr valign=\"TOP\">\n<td width=\"184\"><span lang=\"es-ES\">ADM-103<\/span><\/td>\n<td width=\"185\"><span lang=\"es-ES\">RECURSOS HUMANOS<\/span><\/td>\n<td width=\"185\">\n<p align=\"CENTER\"><span lang=\"es-ES\">ADM-102<\/span><\/p>\n<\/td>\n<\/tr>\n<tr valign=\"TOP\">\n<td width=\"184\"><span lang=\"es-ES\">FIN-104<\/span><\/td>\n<td width=\"185\"><span lang=\"es-ES\">ESTADOS FINANCIEROS<\/span><\/td>\n<td width=\"185\">\n<p align=\"CENTER\"><span lang=\"es-ES\">FIN-102<\/span><\/p>\n<\/td>\n<\/tr>\n<tr valign=\"TOP\">\n<td width=\"184\"><span lang=\"es-ES\">RIN-101<\/span><\/td>\n<td width=\"185\"><span lang=\"es-ES\">CULTURA DE LAS RELACIONES INTERNACIONALES<\/span><\/td>\n<td width=\"185\">\n<p align=\"CENTER\"><span lang=\"es-ES\">&#8211;<\/span><\/p>\n<\/td>\n<\/tr>\n<tr valign=\"TOP\">\n<td width=\"184\"><span lang=\"es-ES\">MKT-104<\/span><\/td>\n<td width=\"185\"><span lang=\"es-ES\">INVESTIGACI\u00d3N DE MERCADOS<\/span><\/td>\n<td width=\"185\">\n<p align=\"CENTER\"><span lang=\"es-ES\">MKT-101<\/span><\/p>\n<\/td>\n<\/tr>\n<tr valign=\"TOP\">\n<td width=\"184\"><span lang=\"es-ES\">COM-106<\/span><\/td>\n<td width=\"185\"><span lang=\"es-ES\">METODOLOG\u00cdA<\/span><\/td>\n<td width=\"185\">\n<p align=\"CENTER\"><span lang=\"es-ES\">&#8211;<\/span><\/p>\n<\/td>\n<\/tr>\n<tr valign=\"TOP\">\n<td width=\"184\"><span lang=\"es-ES\">ING-105<\/span><\/td>\n<td width=\"185\"><span lang=\"es-ES\">INGL\u00c9S V<\/span><\/td>\n<td width=\"185\">\n<p align=\"CENTER\"><span lang=\"es-ES\">ING-104<\/span><\/p>\n<\/td>\n<\/tr>\n<\/tbody>\n<\/table>\n<table border=\"1\" width=\"601\" cellspacing=\"0\" cellpadding=\"7\">\n<colgroup>\n<col width=\"184\" \/>\n<col width=\"185\" \/>\n<col width=\"187\" \/><\/colgroup>\n<tbody>\n<tr>\n<td colspan=\"3\" valign=\"TOP\" width=\"585\"><span lang=\"es-ES\">Tetramestre VI<\/span><\/td>\n<\/tr>\n<tr valign=\"TOP\">\n<td width=\"184\"><span lang=\"es-ES\">Clave\u00a0<\/span>Materia<\/td>\n<td width=\"185\"><span lang=\"es-ES\">Nombre de la Materia<\/span><\/td>\n<td width=\"187\">\n<p align=\"CENTER\"><span lang=\"es-ES\">Seriaci\u00f3n<\/span><\/p>\n<\/td>\n<\/tr>\n<tr valign=\"TOP\">\n<td width=\"184\"><span lang=\"es-ES\">ECO-103<\/span><\/td>\n<td width=\"185\"><span lang=\"es-ES\">GEOGRAF\u00cdA ECON\u00d3MICA REGIONAL<\/span><\/td>\n<td width=\"187\">\n<p align=\"CENTER\"><span lang=\"es-ES\">ECO-102<\/span><\/p>\n<\/td>\n<\/tr>\n<tr valign=\"TOP\">\n<td width=\"184\"><span lang=\"es-ES\">MKT-103<\/span><\/td>\n<td width=\"185\"><span lang=\"es-ES\">DESARROLLO EMPRENDEDOR<\/span><\/td>\n<td width=\"187\">\n<p align=\"CENTER\"><span lang=\"es-ES\">MKT-102<\/span><\/p>\n<\/td>\n<\/tr>\n<tr valign=\"TOP\">\n<td width=\"184\"><span lang=\"es-ES\">DER-105<\/span><\/td>\n<td width=\"185\"><span lang=\"es-ES\">RELACIONES DIPLOM\u00c1TICAS Y POL\u00cdTICAS<\/span><\/td>\n<td width=\"187\">\n<p align=\"CENTER\"><span lang=\"es-ES\">DER-103<\/span><\/p>\n<\/td>\n<\/tr>\n<tr valign=\"TOP\">\n<td width=\"184\"><span lang=\"es-ES\">DER-106<\/span><\/td>\n<td width=\"185\"><span lang=\"es-ES\">TEOR\u00cdAS GENERALES DE LAS RELACIONES INTERNACIONALES<\/span><\/td>\n<td width=\"187\">\n<p align=\"CENTER\"><span lang=\"es-ES\">DER-103<\/span><\/p>\n<\/td>\n<\/tr>\n<tr valign=\"TOP\">\n<td width=\"184\"><span lang=\"es-ES\">COM-107<\/span><\/td>\n<td width=\"185\"><span lang=\"es-ES\">TEOR\u00cdAS DE LIDERAZGO<\/span><\/td>\n<td width=\"187\">\n<p align=\"CENTER\"><span lang=\"es-ES\">&#8211;<\/span><\/p>\n<\/td>\n<\/tr>\n<tr valign=\"TOP\">\n<td width=\"184\"><span lang=\"es-ES\">ING-106<\/span><\/td>\n<td width=\"185\"><span lang=\"es-ES\">INGL\u00c9S PARA NEGOCIOS I<\/span><\/td>\n<td width=\"187\">\n<p align=\"CENTER\"><span lang=\"es-ES\">ING-105<\/span><\/p>\n<\/td>\n<\/tr>\n<\/tbody>\n<\/table>\n<table border=\"1\" width=\"601\" cellspacing=\"0\" cellpadding=\"7\">\n<colgroup>\n<col width=\"184\" \/>\n<col width=\"185\" \/>\n<col width=\"187\" \/><\/colgroup>\n<tbody>\n<tr>\n<td colspan=\"3\" valign=\"TOP\" width=\"585\"><span lang=\"es-ES\">Tetramestre VII<\/span><\/td>\n<\/tr>\n<tr valign=\"TOP\">\n<td width=\"184\"><span lang=\"es-ES\">Clave\u00a0<\/span>Materia<\/td>\n<td width=\"185\"><span lang=\"es-ES\">Nombre de la Materia<\/span><\/td>\n<td width=\"187\">\n<p align=\"CENTER\"><span lang=\"es-ES\">Seriaci\u00f3n<\/span><\/p>\n<\/td>\n<\/tr>\n<tr valign=\"TOP\">\n<td width=\"184\"><span lang=\"es-ES\">ADM-104<\/span><\/td>\n<td width=\"185\"><span lang=\"es-ES\">ADMINISTRACI\u00d3N INTERNACIONAL<\/span><\/td>\n<td width=\"187\">\n<p align=\"CENTER\"><span lang=\"es-ES\">ADM-102<\/span><\/p>\n<\/td>\n<\/tr>\n<tr valign=\"TOP\">\n<td width=\"184\"><span lang=\"es-ES\">RIN-102<\/span><\/td>\n<td width=\"185\"><span lang=\"es-ES\">INSTITUCIONES INTERNACIONALES<\/span><\/td>\n<td width=\"187\">\n<p align=\"CENTER\"><span lang=\"es-ES\">RIN-101<\/span><\/p>\n<\/td>\n<\/tr>\n<tr valign=\"TOP\">\n<td width=\"184\"><span lang=\"es-ES\">DER-107<\/span><\/td>\n<td width=\"185\"><span lang=\"es-ES\">MIGRACIONES INTERNACIONALES<\/span><\/td>\n<td width=\"187\">\n<p align=\"CENTER\"><span lang=\"es-ES\">DER-106<\/span><\/p>\n<\/td>\n<\/tr>\n<tr valign=\"TOP\">\n<td width=\"184\"><span lang=\"es-ES\">RIN-103<\/span><\/td>\n<td width=\"185\"><span lang=\"es-ES\">MEDIOS DE TRANSPORTE INTERNACIONAL<\/span><\/td>\n<td width=\"187\">\n<p align=\"CENTER\"><span lang=\"es-ES\">&#8211;<\/span><\/p>\n<\/td>\n<\/tr>\n<tr valign=\"TOP\">\n<td width=\"184\"><span lang=\"es-ES\">DER-108<\/span><\/td>\n<td width=\"185\"><span lang=\"es-ES\">DERECHO INTERNACIONAL DE NEGOCIOS<\/span><\/td>\n<td width=\"187\">\n<p align=\"CENTER\"><span lang=\"es-ES\">DER-104<\/span><\/p>\n<\/td>\n<\/tr>\n<tr valign=\"TOP\">\n<td width=\"184\"><span lang=\"es-ES\">ING-107<\/span><\/td>\n<td width=\"185\"><span lang=\"es-ES\">INGL\u00c9S PARA NEGOCIOS II<\/span><\/td>\n<td width=\"187\">\n<p align=\"CENTER\"><span lang=\"es-ES\">ING-106<\/span><\/p>\n<\/td>\n<\/tr>\n<\/tbody>\n<\/table>\n<table border=\"1\" width=\"601\" cellspacing=\"0\" cellpadding=\"7\">\n<colgroup>\n<col width=\"184\" \/>\n<col width=\"185\" \/>\n<col width=\"187\" \/><\/colgroup>\n<tbody>\n<tr>\n<td colspan=\"3\" valign=\"TOP\" width=\"585\"><span lang=\"es-ES\">Tetramestre VIII<\/span><\/td>\n<\/tr>\n<tr valign=\"TOP\">\n<td width=\"184\"><span lang=\"es-ES\">Clave\u00a0<\/span>Materia<\/td>\n<td width=\"185\"><span lang=\"es-ES\">Nombre de la Materia<\/span><\/td>\n<td width=\"187\">\n<p align=\"CENTER\"><span lang=\"es-ES\">Seriaci\u00f3n<\/span><\/p>\n<\/td>\n<\/tr>\n<tr valign=\"TOP\">\n<td width=\"184\"><span lang=\"es-ES\">RIN-104<\/span><\/td>\n<td width=\"185\"><span lang=\"es-ES\">INSTITUCIONES FINANCIERAS INTERNACIONALES<\/span><\/td>\n<td width=\"187\">\n<p align=\"CENTER\"><span lang=\"es-ES\">RIN-102<\/span><\/p>\n<\/td>\n<\/tr>\n<tr valign=\"TOP\">\n<td width=\"184\"><span lang=\"es-ES\">RIN-105<\/span><\/td>\n<td width=\"185\"><span lang=\"es-ES\">TRATADOS COMERCIALES INTERNACIONALES DE M\u00c9XICO<\/span><\/td>\n<td width=\"187\">\n<p align=\"CENTER\"><span lang=\"es-ES\">RIN-102<\/span><\/p>\n<\/td>\n<\/tr>\n<tr valign=\"TOP\">\n<td width=\"184\"><span lang=\"es-ES\">RIN-106<\/span><\/td>\n<td width=\"185\"><span lang=\"es-ES\">NEGOCIOS INTERNACIONALES<\/span><\/td>\n<td width=\"187\">\n<p align=\"CENTER\"><span lang=\"es-ES\">RIN-103<\/span><\/p>\n<\/td>\n<\/tr>\n<tr valign=\"TOP\">\n<td width=\"184\"><span lang=\"es-ES\">DER-109<\/span><\/td>\n<td width=\"185\"><span lang=\"es-ES\">SOLUCI\u00d3N DE CONFLICTOS INTERNACIONALES<\/span><\/td>\n<td width=\"187\">\n<p align=\"CENTER\"><span lang=\"es-ES\">DER-108<\/span><\/p>\n<\/td>\n<\/tr>\n<tr valign=\"TOP\">\n<td width=\"184\"><span lang=\"es-ES\">RIN-107<\/span><\/td>\n<td width=\"185\"><span lang=\"es-ES\">COOPERACI\u00d3N INTERNACIONAL<\/span><\/td>\n<td width=\"187\">\n<p align=\"CENTER\"><span lang=\"es-ES\">RIN-103<\/span><\/p>\n<\/td>\n<\/tr>\n<tr valign=\"TOP\">\n<td width=\"184\"><span lang=\"es-ES\">TIT-001<\/span><\/td>\n<td width=\"185\"><span lang=\"es-ES\">SEMINARIO DE CONSULTOR\u00cdA<\/span><\/td>\n<td width=\"187\">\n<p align=\"CENTER\"><span lang=\"es-ES\">&#8211;<\/span><\/p>\n<\/td>\n<\/tr>\n<\/tbody>\n<\/table>\n<table border=\"1\" width=\"601\" cellspacing=\"0\" cellpadding=\"7\">\n<colgroup>\n<col width=\"184\" \/>\n<col width=\"185\" \/>\n<col width=\"187\" \/><\/colgroup>\n<tbody>\n<tr>\n<td colspan=\"3\" valign=\"TOP\" width=\"585\"><span lang=\"es-ES\">Tetramestre IX<\/span><\/td>\n<\/tr>\n<tr valign=\"TOP\">\n<td width=\"184\"><span lang=\"es-ES\">Clave\u00a0<\/span>Materia<\/td>\n<td width=\"185\">\n<p align=\"CENTER\"><span lang=\"es-ES\">Nombre de la Materia<\/span><\/p>\n<\/td>\n<td width=\"187\">\n<p align=\"CENTER\"><span lang=\"es-ES\">Seriaci\u00f3n<\/span><\/p>\n<\/td>\n<\/tr>\n<tr valign=\"TOP\">\n<td width=\"184\"><span lang=\"es-ES\">DER-110<\/span><\/td>\n<td width=\"185\"><span lang=\"es-ES\">DERECHOS HUMANOS<\/span><\/td>\n<td width=\"187\">\n<p align=\"CENTER\"><span lang=\"es-ES\">DER-109<\/span><\/p>\n<\/td>\n<\/tr>\n<tr valign=\"TOP\">\n<td width=\"184\"><span lang=\"es-ES\">RIN-108<\/span><\/td>\n<td width=\"185\"><span lang=\"es-ES\">RELACIONES ECON\u00d3MICAS INTERNACIONALES<\/span><\/td>\n<td width=\"187\">\n<p align=\"CENTER\"><span lang=\"es-ES\">RIN-102<\/span><\/p>\n<\/td>\n<\/tr>\n<tr valign=\"TOP\">\n<td width=\"184\"><span lang=\"es-ES\">RIN-109<\/span><\/td>\n<td width=\"185\"><span lang=\"es-ES\">SEMINARIO DE FINANZAS INTERNACIONALES<\/span><\/td>\n<td width=\"187\">\n<p align=\"CENTER\"><span lang=\"es-ES\">RIN-106<\/span><\/p>\n<\/td>\n<\/tr>\n<tr valign=\"TOP\">\n<td width=\"184\"><span lang=\"es-ES\">DER-111<\/span><\/td>\n<td width=\"185\"><span lang=\"es-ES\">SEMINARIO DE POL\u00cdTICA EXTERIOR DE M\u00c9XICO<\/span><\/td>\n<td width=\"187\">\n<p align=\"CENTER\"><span lang=\"es-ES\">DER-109<\/span><\/p>\n<\/td>\n<\/tr>\n<tr valign=\"TOP\">\n<td width=\"184\"><span lang=\"es-ES\">RIN-110<\/span><\/td>\n<td width=\"185\"><span lang=\"es-ES\">SEMINARIO DE PROYECTO DE RELACIONES INTERNACIONALES<\/span><\/td>\n<td width=\"187\">\n<p align=\"CENTER\"><span lang=\"es-ES\">RIN-106<\/span><\/p>\n<\/td>\n<\/tr>\n<tr valign=\"TOP\">\n<td width=\"184\"><span lang=\"es-ES\">TIT-002<\/span><\/td>\n<td width=\"185\"><span lang=\"es-ES\">SEMINARIO DE NEGOCIACI\u00d3N<\/span><\/td>\n<td width=\"187\">\n<p align=\"CENTER\"><span lang=\"es-ES\">&#8211;<\/span><\/p>\n<\/td>\n<\/tr>\n<\/tbody>\n<\/table>\n<p>[\/vc_column_text][\/vc_tta_section][\/vc_tta_tabs][\/vc_column][\/vc_row]<\/p>\n<\/div>","protected":false},"excerpt":{"rendered":"<p>[vc_row][vc_column width=&#8221;1\/4&#8243;][vc_column_text]Solicita informaci\u00f3n en los siguientes t\u00e9lefonos: Tel. 81 83 01 21 48 \u00a0 WhatsApp: 81 32 56 55 47\u00a0[\/vc_column_text][\/vc_column][vc_column&#8230;<\/p>\n","protected":false},"author":13,"featured_media":0,"parent":0,"menu_order":0,"comment_status":"closed","ping_status":"closed","template":"","meta":{"_joinchat":[],"footnotes":""},"class_list":["post-11119","page","type-page","status-publish","hentry"],"_links":{"self":[{"href":"https:\/\/unez.edu.mx\/index.php?rest_route=\/wp\/v2\/pages\/11119","targetHints":{"allow":["GET"]}}],"collection":[{"href":"https:\/\/unez.edu.mx\/index.php?rest_route=\/wp\/v2\/pages"}],"about":[{"href":"https:\/\/unez.edu.mx\/index.php?rest_route=\/wp\/v2\/types\/page"}],"author":[{"embeddable":true,"href":"https:\/\/unez.edu.mx\/index.php?rest_route=\/wp\/v2\/users\/13"}],"replies":[{"embeddable":true,"href":"https:\/\/unez.edu.mx\/index.php?rest_route=%2Fwp%2Fv2%2Fcomments&post=11119"}],"version-history":[{"count":19,"href":"https:\/\/unez.edu.mx\/index.php?rest_route=\/wp\/v2\/pages\/11119\/revisions"}],"predecessor-version":[{"id":58359,"href":"https:\/\/unez.edu.mx\/index.php?rest_route=\/wp\/v2\/pages\/11119\/revisions\/58359"}],"wp:attachment":[{"href":"https:\/\/unez.edu.mx\/index.php?rest_route=%2Fwp%2Fv2%2Fmedia&parent=11119"}],"curies":[{"name":"wp","href":"https:\/\/api.w.org\/{rel}","templated":true}]}}